{"id":760,"date":"2023-01-09T03:16:43","date_gmt":"2023-01-09T02:16:43","guid":{"rendered":"https:\/\/vakifbankde.esme-it.at\/?page_id=760"},"modified":"2023-01-30T15:43:53","modified_gmt":"2023-01-30T14:43:53","slug":"einlagensicherung","status":"publish","type":"page","link":"https:\/\/vakifbankde.esme-it.at\/tr\/einlagensicherung\/","title":{"rendered":"Mevduat garantisi"},"content":{"rendered":"<div data-elementor-type=\"wp-page\" data-elementor-id=\"760\" class=\"elementor elementor-760\">\n\t\t\t\t\t\t\t\t\t<section class=\"elementor-section elementor-top-section elementor-element elementor-element-a53f440 elementor-section-boxed elementor-section-height-default elementor-section-height-default\" data-id=\"a53f440\" data-element_type=\"section\">\n\t\t\t\t\t\t<div class=\"elementor-container elementor-column-gap-default\">\n\t\t\t\t\t<div class=\"elementor-column elementor-col-100 elementor-top-column elementor-element elementor-element-f263a85\" data-id=\"f263a85\" data-element_type=\"column\">\n\t\t\t<div class=\"elementor-widget-wrap elementor-element-populated\">\n\t\t\t\t\t\t\t\t<div class=\"elementor-element elementor-element-decb689 elementor-widget elementor-widget-heading\" data-id=\"decb689\" data-element_type=\"widget\" data-widget_type=\"heading.default\">\n\t\t\t\t<div class=\"elementor-widget-container\">\n\t\t\t<style>\/*! elementor - v3.14.0 - 26-06-2023 *\/\n.elementor-heading-title{padding:0;margin:0;line-height:1}.elementor-widget-heading .elementor-heading-title[class*=elementor-size-]>a{color:inherit;font-size:inherit;line-height:inherit}.elementor-widget-heading .elementor-heading-title.elementor-size-small{font-size:15px}.elementor-widget-heading .elementor-heading-title.elementor-size-medium{font-size:19px}.elementor-widget-heading .elementor-heading-title.elementor-size-large{font-size:29px}.elementor-widget-heading .elementor-heading-title.elementor-size-xl{font-size:39px}.elementor-widget-heading .elementor-heading-title.elementor-size-xxl{font-size:59px}<\/style><h1 class=\"elementor-heading-title elementor-size-default\">Mevduat garantisi\n<\/h1>\t\t<\/div>\n\t\t\t\t<\/div>\n\t\t\t\t\t<\/div>\n\t\t<\/div>\n\t\t\t\t\t\t\t<\/div>\n\t\t<\/section>\n\t\t\t\t<section class=\"elementor-section elementor-top-section elementor-element elementor-element-bdeac63 elementor-section-boxed elementor-section-height-default elementor-section-height-default\" data-id=\"bdeac63\" data-element_type=\"section\">\n\t\t\t\t\t\t<div class=\"elementor-container elementor-column-gap-default\">\n\t\t\t\t\t<div class=\"elementor-column elementor-col-100 elementor-top-column elementor-element elementor-element-151579a\" data-id=\"151579a\" data-element_type=\"column\">\n\t\t\t<div class=\"elementor-widget-wrap elementor-element-populated\">\n\t\t\t\t\t\t\t\t<div class=\"elementor-element elementor-element-e774ad5 elementor-widget elementor-widget-text-editor\" data-id=\"e774ad5\" data-element_type=\"widget\" data-widget_type=\"text-editor.default\">\n\t\t\t\t<div class=\"elementor-widget-container\">\n\t\t\t<style>\/*! elementor - v3.14.0 - 26-06-2023 *\/\n.elementor-widget-text-editor.elementor-drop-cap-view-stacked .elementor-drop-cap{background-color:#69727d;color:#fff}.elementor-widget-text-editor.elementor-drop-cap-view-framed .elementor-drop-cap{color:#69727d;border:3px solid;background-color:transparent}.elementor-widget-text-editor:not(.elementor-drop-cap-view-default) .elementor-drop-cap{margin-top:8px}.elementor-widget-text-editor:not(.elementor-drop-cap-view-default) .elementor-drop-cap-letter{width:1em;height:1em}.elementor-widget-text-editor .elementor-drop-cap{float:left;text-align:center;line-height:1;font-size:50px}.elementor-widget-text-editor .elementor-drop-cap-letter{display:inline-block}<\/style>\t\t\t\t<div id=\"c67\" class=\"csc-default\"><p class=\"bodytext\"><strong>MEVDUAT SIGORTASI VE YATIRIMCI TAZMINATI HAKKINDA BILGI<\/strong><\/p><p>\u00a0<\/p><p>Avusturya'da Avusturya Bankac\u0131l\u0131k Kanunu'nda (BWG) uygulanan AB direktifleri nedeniyle, teminat gerektiren mevduatlar\u0131 kabul eden veya teminat gerektiren menkul k\u0131ymet hizmetleri sunan her kredi kurulu\u015fu yasal olarak bir koruma program\u0131na dahil olmak zorundad\u0131r.<\/p><p>\u00a0<\/p><p>VakifBank International AG, Einlagensicherung AUSTRIA GesmbH'nin bir \u00fcyesidir. \u015eirket, maksimum 100.000 Euro'ya kadar olan mevduatlar\u0131n \u00f6denmesini bir koruma plan\u0131 olarak garanti eder. Bilgileriniz i\u00e7in t\u00fcm detaylar\u0131 i\u00e7eren yasal metni \u015fubemizden temin edebilirsiniz.<\/p><p>\u00a0<\/p><p class=\"bodytext\">Mevduat korumas\u0131 ve yat\u0131r\u0131mc\u0131 tazminat\u0131 muafiyetleri \u00a7 10 para. 1 no. 3 ve \u00a7 47 para. 2 ESAEG'de bulunabilir.<\/p><\/div>\t\t\t\t\t\t<\/div>\n\t\t\t\t<\/div>\n\t\t\t\t<div class=\"elementor-element elementor-element-bbf4dcf elementor-widget elementor-widget-text-editor\" data-id=\"bbf4dcf\" data-element_type=\"widget\" data-widget_type=\"text-editor.default\">\n\t\t\t\t<div class=\"elementor-widget-container\">\n\t\t\t\t\t\t\t<p><strong>Daha fazla bilgi i\u00e7in:<\/strong><\/p><p><a class=\"download\" href=\"https:\/\/vakifbankde.esme-it.at\/tr\/fileadmin\/user_upload\/docs\/Einlagensicherungs- und Anlegerentschadigungsgesetz ? ESAEG.pdf\/\" target=\"_blank\" rel=\"noopener\">Mevduat Garantisi ve Yat\u0131r\u0131mc\u0131 Tazminat Yasas\u0131 (ESAEG)<\/a><\/p><p><a class=\"download\" href=\"https:\/\/vakifbankde.esme-it.at\/tr\/fileadmin\/user_upload\/docs\/Einlagensicherung_01.pdf\/\" target=\"_blank\" rel=\"noopener\">Mevduat sahibi i\u00e7in bilgi formu<\/a><\/p><p>\u00a0<\/p><p><a class=\"external-link-new-window\" href=\"http:\/\/www.einlagensicherung.at\" target=\"_blank\" rel=\"noopener\">www.einlagensicherung.at<\/a><\/p>\t\t\t\t\t\t<\/div>\n\t\t\t\t<\/div>\n\t\t\t\t\t<\/div>\n\t\t<\/div>\n\t\t\t\t\t\t\t<\/div>\n\t\t<\/section>\n\t\t\t\t\t\t\t<\/div>","protected":false},"excerpt":{"rendered":"<p>Einlagensicherung INFORMATION \u00dcBER EINLAGENSICHERUNG UND ANLEGERENTSCH\u00c4DIGUNG \u00a0 Aufgrund von EU-Richtlinien, in \u00d6sterreich im Bankwesengesetz (BWG) umgesetzt, ist jedes Kreditinstitut, das sicherungspflichtige Einlagen entgegennimmt bzw. sicherungspflichtige Wertpapierdienstleistungen erbringt, gesetzlich verpflichtet, einer Sicherungseinrichtung anzugeh\u00f6ren. \u00a0 Die VakifBank International AG ist Mitglied der Einlagensicherung AUSTRIA GesmbH . Die Gesellschaft garantiert als Sicherungseinrichtung die Auszahlung von Einlagen bis zu [&hellip;]<\/p>","protected":false},"author":3,"featured_media":0,"parent":0,"menu_order":0,"comment_status":"closed","ping_status":"closed","template":"elementor_header_footer","meta":{"_uag_custom_page_level_css":"","footnotes":""},"class_list":["post-760","page","type-page","status-publish","hentry"],"uagb_featured_image_src":{"full":false,"thumbnail":false,"medium":false,"medium_large":false,"large":false,"1536x1536":false,"2048x2048":false,"trp-custom-language-flag":false},"uagb_author_info":{"display_name":"caner","author_link":"https:\/\/vakifbankde.esme-it.at\/tr\/author\/caner\/"},"uagb_comment_info":0,"uagb_excerpt":"Einlagensicherung INFORMATION \u00dcBER EINLAGENSICHERUNG UND ANLEGERENTSCH\u00c4DIGUNG \u00a0 Aufgrund von EU-Richtlinien, in \u00d6sterreich im Bankwesengesetz (BWG) umgesetzt, ist jedes Kreditinstitut, das sicherungspflichtige Einlagen entgegennimmt bzw. sicherungspflichtige Wertpapierdienstleistungen erbringt, gesetzlich verpflichtet, einer Sicherungseinrichtung anzugeh\u00f6ren. \u00a0 Die VakifBank International AG ist Mitglied der Einlagensicherung AUSTRIA GesmbH . Die Gesellschaft garantiert als Sicherungseinrichtung die Auszahlung von Einlagen bis zu&hellip;","_links":{"self":[{"href":"https:\/\/vakifbankde.esme-it.at\/tr\/wp-json\/wp\/v2\/pages\/760","targetHints":{"allow":["GET"]}}],"collection":[{"href":"https:\/\/vakifbankde.esme-it.at\/tr\/wp-json\/wp\/v2\/pages"}],"about":[{"href":"https:\/\/vakifbankde.esme-it.at\/tr\/wp-json\/wp\/v2\/types\/page"}],"author":[{"embeddable":true,"href":"https:\/\/vakifbankde.esme-it.at\/tr\/wp-json\/wp\/v2\/users\/3"}],"replies":[{"embeddable":true,"href":"https:\/\/vakifbankde.esme-it.at\/tr\/wp-json\/wp\/v2\/comments?post=760"}],"version-history":[{"count":7,"href":"https:\/\/vakifbankde.esme-it.at\/tr\/wp-json\/wp\/v2\/pages\/760\/revisions"}],"predecessor-version":[{"id":2159,"href":"https:\/\/vakifbankde.esme-it.at\/tr\/wp-json\/wp\/v2\/pages\/760\/revisions\/2159"}],"wp:attachment":[{"href":"https:\/\/vakifbankde.esme-it.at\/tr\/wp-json\/wp\/v2\/media?parent=760"}],"curies":[{"name":"wp","href":"https:\/\/api.w.org\/{rel}","templated":true}]}}