{"id":754,"date":"2023-01-09T02:48:30","date_gmt":"2023-01-09T01:48:30","guid":{"rendered":"https:\/\/vakifbankde.esme-it.at\/?page_id=754"},"modified":"2023-03-02T12:29:43","modified_gmt":"2023-03-02T11:29:43","slug":"haftungsausschluss","status":"publish","type":"page","link":"https:\/\/vakifbankde.esme-it.at\/tr\/haftungsausschluss\/","title":{"rendered":"Sorumluluk Reddi"},"content":{"rendered":"<div data-elementor-type=\"wp-page\" data-elementor-id=\"754\" class=\"elementor elementor-754\">\n\t\t\t\t\t\t\t\t\t<section class=\"elementor-section elementor-top-section elementor-element elementor-element-a53f440 elementor-section-boxed elementor-section-height-default elementor-section-height-default\" data-id=\"a53f440\" data-element_type=\"section\">\n\t\t\t\t\t\t<div class=\"elementor-container elementor-column-gap-default\">\n\t\t\t\t\t<div class=\"elementor-column elementor-col-100 elementor-top-column elementor-element elementor-element-f263a85\" data-id=\"f263a85\" data-element_type=\"column\">\n\t\t\t<div class=\"elementor-widget-wrap elementor-element-populated\">\n\t\t\t\t\t\t\t\t<div class=\"elementor-element elementor-element-decb689 elementor-widget elementor-widget-heading\" data-id=\"decb689\" data-element_type=\"widget\" data-widget_type=\"heading.default\">\n\t\t\t\t<div class=\"elementor-widget-container\">\n\t\t\t<style>\/*! elementor - v3.14.0 - 26-06-2023 *\/\n.elementor-heading-title{padding:0;margin:0;line-height:1}.elementor-widget-heading .elementor-heading-title[class*=elementor-size-]>a{color:inherit;font-size:inherit;line-height:inherit}.elementor-widget-heading .elementor-heading-title.elementor-size-small{font-size:15px}.elementor-widget-heading .elementor-heading-title.elementor-size-medium{font-size:19px}.elementor-widget-heading .elementor-heading-title.elementor-size-large{font-size:29px}.elementor-widget-heading .elementor-heading-title.elementor-size-xl{font-size:39px}.elementor-widget-heading .elementor-heading-title.elementor-size-xxl{font-size:59px}<\/style><h1 class=\"elementor-heading-title elementor-size-default\">Sorumluluk Reddi\n<\/h1>\t\t<\/div>\n\t\t\t\t<\/div>\n\t\t\t\t\t<\/div>\n\t\t<\/div>\n\t\t\t\t\t\t\t<\/div>\n\t\t<\/section>\n\t\t\t\t<section class=\"elementor-section elementor-top-section elementor-element elementor-element-bdeac63 elementor-section-boxed elementor-section-height-default elementor-section-height-default\" data-id=\"bdeac63\" data-element_type=\"section\">\n\t\t\t\t\t\t<div class=\"elementor-container elementor-column-gap-default\">\n\t\t\t\t\t<div class=\"elementor-column elementor-col-100 elementor-top-column elementor-element elementor-element-151579a\" data-id=\"151579a\" data-element_type=\"column\">\n\t\t\t<div class=\"elementor-widget-wrap elementor-element-populated\">\n\t\t\t\t\t\t\t\t<div class=\"elementor-element elementor-element-e774ad5 elementor-widget elementor-widget-text-editor\" data-id=\"e774ad5\" data-element_type=\"widget\" data-widget_type=\"text-editor.default\">\n\t\t\t\t<div class=\"elementor-widget-container\">\n\t\t\t<style>\/*! elementor - v3.14.0 - 26-06-2023 *\/\n.elementor-widget-text-editor.elementor-drop-cap-view-stacked .elementor-drop-cap{background-color:#69727d;color:#fff}.elementor-widget-text-editor.elementor-drop-cap-view-framed .elementor-drop-cap{color:#69727d;border:3px solid;background-color:transparent}.elementor-widget-text-editor:not(.elementor-drop-cap-view-default) .elementor-drop-cap{margin-top:8px}.elementor-widget-text-editor:not(.elementor-drop-cap-view-default) .elementor-drop-cap-letter{width:1em;height:1em}.elementor-widget-text-editor .elementor-drop-cap{float:left;text-align:center;line-height:1;font-size:50px}.elementor-widget-text-editor .elementor-drop-cap-letter{display:inline-block}<\/style>\t\t\t\t<div id=\"c67\" class=\"csc-default\"><p class=\"bodytext\">VakifBank International AG, web sitelerindeki bilgileri s\u00fcrekli olarak kontrol etmekte ve g\u00fcncellemektedir. G\u00f6sterilen t\u00fcm \u00f6zene ra\u011fmen, veriler bu s\u00fcre zarf\u0131nda de\u011fi\u015fmi\u015f olabilir. Bu nedenle, VakifBank International AG, sa\u011flanan bilgilerin g\u00fcncelli\u011fi, do\u011frulu\u011fu ve eksiksizli\u011fi konusunda herhangi bir sorumluluk veya garanti \u00fcstlenmez. Ayn\u0131 durum, hiperlink ile at\u0131fta bulunulan di\u011fer t\u00fcm web siteleri i\u00e7in de ge\u00e7erlidir. Bu t\u00fcr web sitelerine ba\u011flant\u0131lar\u0131n kurulmas\u0131 kullan\u0131c\u0131n\u0131n kendi sorumlulu\u011fundad\u0131r. VakifBank International AG, b\u00f6yle bir ba\u011flant\u0131 yoluyla ula\u015f\u0131lan web sitelerinin i\u00e7eri\u011finden sorumlu de\u011fildir.<\/p><p>\u00a0<\/p><p class=\"bodytext\">Ayr\u0131ca, VakifBank International AG, sa\u011flanan bilgilerde de\u011fi\u015fiklik veya ekleme yapma hakk\u0131n\u0131 sakl\u0131 tutar. VakifBank International AG, web sitelerini size veya \u00fc\u00e7\u00fcnc\u00fc \u015fah\u0131slara yat\u0131r\u0131m tavsiyesi veya di\u011fer \u00f6nerilerde bulunmak i\u00e7in kullanmaz. Bu web sitelerindeki bilgiler ve\/veya unsurlar, yat\u0131r\u0131m veya di\u011fer kararlar i\u00e7in g\u00fcvenilir bir temel olu\u015fturmaz. Ge\u00e7mi\u015f performans, gelecekteki performans\u0131n bir g\u00f6stergesi olmayabilir. Herhangi bir yat\u0131r\u0131m karar\u0131 vermeden \u00f6nce l\u00fctfen ili\u015fki y\u00f6neticinizle ileti\u015fime ge\u00e7in.<\/p><p>\u00a0<\/p><p class=\"bodytext\">VakifBank International AG web sitelerinin i\u00e7eri\u011fi ve yap\u0131s\u0131 telif hakk\u0131 ile korunmaktad\u0131r. Bilgi veya verilerin \u00e7o\u011falt\u0131lmas\u0131, \u00f6zellikle metinlerin, metin par\u00e7alar\u0131n\u0131n veya g\u00f6r\u00fcnt\u00fclerin kullan\u0131lmas\u0131, VakifBank International AG'nin \u00f6nceden yaz\u0131l\u0131 onay\u0131n\u0131 gerektirir.<\/p><p>\u00a0<\/p><p class=\"bodytext\">E-Ticaret Yasas\u0131 uyar\u0131nca, bize g\u00f6nderilen e-postalar\u0131n yaln\u0131zca normal bankac\u0131l\u0131k \u00e7al\u0131\u015fma saatleri i\u00e7inde al\u0131naca\u011f\u0131na dikkatinizi \u00e7ekeriz.<\/p><\/div>\t\t\t\t\t\t<\/div>\n\t\t\t\t<\/div>\n\t\t\t\t\t<\/div>\n\t\t<\/div>\n\t\t\t\t\t\t\t<\/div>\n\t\t<\/section>\n\t\t\t\t\t\t\t<\/div>","protected":false},"excerpt":{"rendered":"<p>Haftungsausschluss VakifBank International AG pr\u00fcft und aktualisiert die Informationen auf Ihren Webseiten st\u00e4ndig. Trotz aller Sorgfalt k\u00f6nnen sich die Daten inzwischen ver\u00e4ndert haben. Eine Haftung oder Garantie f\u00fcr die Aktualit\u00e4t, Richtigkeit und Vollst\u00e4ndigkeit der zur Verf\u00fcgung gestellten Informationen kann daher nicht \u00fcbernommen werden. Gleiches gilt auch f\u00fcr alle anderen Websites, auf die mittels Hyperlink verwiesen [&hellip;]<\/p>","protected":false},"author":3,"featured_media":0,"parent":0,"menu_order":0,"comment_status":"closed","ping_status":"closed","template":"elementor_header_footer","meta":{"_uag_custom_page_level_css":"","footnotes":""},"class_list":["post-754","page","type-page","status-publish","hentry"],"uagb_featured_image_src":{"full":false,"thumbnail":false,"medium":false,"medium_large":false,"large":false,"1536x1536":false,"2048x2048":false,"trp-custom-language-flag":false},"uagb_author_info":{"display_name":"caner","author_link":"https:\/\/vakifbankde.esme-it.at\/tr\/author\/caner\/"},"uagb_comment_info":0,"uagb_excerpt":"Haftungsausschluss VakifBank International AG pr\u00fcft und aktualisiert die Informationen auf Ihren Webseiten st\u00e4ndig. Trotz aller Sorgfalt k\u00f6nnen sich die Daten inzwischen ver\u00e4ndert haben. Eine Haftung oder Garantie f\u00fcr die Aktualit\u00e4t, Richtigkeit und Vollst\u00e4ndigkeit der zur Verf\u00fcgung gestellten Informationen kann daher nicht \u00fcbernommen werden. Gleiches gilt auch f\u00fcr alle anderen Websites, auf die mittels Hyperlink verwiesen&hellip;","_links":{"self":[{"href":"https:\/\/vakifbankde.esme-it.at\/tr\/wp-json\/wp\/v2\/pages\/754","targetHints":{"allow":["GET"]}}],"collection":[{"href":"https:\/\/vakifbankde.esme-it.at\/tr\/wp-json\/wp\/v2\/pages"}],"about":[{"href":"https:\/\/vakifbankde.esme-it.at\/tr\/wp-json\/wp\/v2\/types\/page"}],"author":[{"embeddable":true,"href":"https:\/\/vakifbankde.esme-it.at\/tr\/wp-json\/wp\/v2\/users\/3"}],"replies":[{"embeddable":true,"href":"https:\/\/vakifbankde.esme-it.at\/tr\/wp-json\/wp\/v2\/comments?post=754"}],"version-history":[{"count":10,"href":"https:\/\/vakifbankde.esme-it.at\/tr\/wp-json\/wp\/v2\/pages\/754\/revisions"}],"predecessor-version":[{"id":2615,"href":"https:\/\/vakifbankde.esme-it.at\/tr\/wp-json\/wp\/v2\/pages\/754\/revisions\/2615"}],"wp:attachment":[{"href":"https:\/\/vakifbankde.esme-it.at\/tr\/wp-json\/wp\/v2\/media?parent=754"}],"curies":[{"name":"wp","href":"https:\/\/api.w.org\/{rel}","templated":true}]}}