{"id":676,"date":"2023-01-08T20:48:07","date_gmt":"2023-01-08T19:48:07","guid":{"rendered":"https:\/\/vakifbankde.esme-it.at\/?page_id=676"},"modified":"2023-05-04T15:48:29","modified_gmt":"2023-05-04T13:48:29","slug":"impressum","status":"publish","type":"page","link":"https:\/\/vakifbankde.esme-it.at\/tr\/impressum\/","title":{"rendered":"K\u00fcnye"},"content":{"rendered":"<div data-elementor-type=\"wp-page\" data-elementor-id=\"676\" class=\"elementor elementor-676\">\n\t\t\t\t\t\t\t\t\t<section class=\"elementor-section elementor-top-section elementor-element elementor-element-11e8cda elementor-section-boxed elementor-section-height-default elementor-section-height-default\" data-id=\"11e8cda\" data-element_type=\"section\">\n\t\t\t\t\t\t<div class=\"elementor-container elementor-column-gap-default\">\n\t\t\t\t\t<div class=\"elementor-column elementor-col-100 elementor-top-column elementor-element elementor-element-a72b1f9\" data-id=\"a72b1f9\" data-element_type=\"column\">\n\t\t\t<div class=\"elementor-widget-wrap elementor-element-populated\">\n\t\t\t\t\t\t\t\t<div class=\"elementor-element elementor-element-b8faa7c elementor-widget elementor-widget-heading\" data-id=\"b8faa7c\" data-element_type=\"widget\" data-widget_type=\"heading.default\">\n\t\t\t\t<div class=\"elementor-widget-container\">\n\t\t\t<style>\/*! elementor - v3.14.0 - 26-06-2023 *\/\n.elementor-heading-title{padding:0;margin:0;line-height:1}.elementor-widget-heading .elementor-heading-title[class*=elementor-size-]>a{color:inherit;font-size:inherit;line-height:inherit}.elementor-widget-heading .elementor-heading-title.elementor-size-small{font-size:15px}.elementor-widget-heading .elementor-heading-title.elementor-size-medium{font-size:19px}.elementor-widget-heading .elementor-heading-title.elementor-size-large{font-size:29px}.elementor-widget-heading .elementor-heading-title.elementor-size-xl{font-size:39px}.elementor-widget-heading .elementor-heading-title.elementor-size-xxl{font-size:59px}<\/style><h1 class=\"elementor-heading-title elementor-size-default\">K\u00fcnye<\/h1>\t\t<\/div>\n\t\t\t\t<\/div>\n\t\t\t\t<div class=\"elementor-element elementor-element-1a7d71e elementor-widget elementor-widget-text-editor\" data-id=\"1a7d71e\" data-element_type=\"widget\" data-widget_type=\"text-editor.default\">\n\t\t\t\t<div class=\"elementor-widget-container\">\n\t\t\t<style>\/*! elementor - v3.14.0 - 26-06-2023 *\/\n.elementor-widget-text-editor.elementor-drop-cap-view-stacked .elementor-drop-cap{background-color:#69727d;color:#fff}.elementor-widget-text-editor.elementor-drop-cap-view-framed .elementor-drop-cap{color:#69727d;border:3px solid;background-color:transparent}.elementor-widget-text-editor:not(.elementor-drop-cap-view-default) .elementor-drop-cap{margin-top:8px}.elementor-widget-text-editor:not(.elementor-drop-cap-view-default) .elementor-drop-cap-letter{width:1em;height:1em}.elementor-widget-text-editor .elementor-drop-cap{float:left;text-align:center;line-height:1;font-size:50px}.elementor-widget-text-editor .elementor-drop-cap-letter{display:inline-block}<\/style>\t\t\t\t<p><strong>E-Ticaret Kanunu Madde 5 paragraf 1 uyar\u0131nca bilgilendirme y\u00fck\u00fcml\u00fcl\u00fc\u011f\u00fc<\/strong><\/p>\t\t\t\t\t\t<\/div>\n\t\t\t\t<\/div>\n\t\t\t\t\t<\/div>\n\t\t<\/div>\n\t\t\t\t\t\t\t<\/div>\n\t\t<\/section>\n\t\t\t\t<section class=\"elementor-section elementor-top-section elementor-element elementor-element-b4b2569 elementor-section-boxed elementor-section-height-default elementor-section-height-default\" data-id=\"b4b2569\" data-element_type=\"section\">\n\t\t\t\t\t\t<div class=\"elementor-container elementor-column-gap-default\">\n\t\t\t\t\t<div class=\"elementor-column elementor-col-100 elementor-top-column elementor-element elementor-element-e518d5a\" data-id=\"e518d5a\" data-element_type=\"column\">\n\t\t\t<div class=\"elementor-widget-wrap elementor-element-populated\">\n\t\t\t\t\t\t\t\t<section class=\"elementor-section elementor-inner-section elementor-element elementor-element-d60b9f0 elementor-section-boxed elementor-section-height-default elementor-section-height-default\" data-id=\"d60b9f0\" data-element_type=\"section\">\n\t\t\t\t\t\t<div class=\"elementor-container elementor-column-gap-default\">\n\t\t\t\t\t<div class=\"elementor-column elementor-col-50 elementor-inner-column elementor-element elementor-element-6bc7c8b\" data-id=\"6bc7c8b\" data-element_type=\"column\">\n\t\t\t<div class=\"elementor-widget-wrap elementor-element-populated\">\n\t\t\t\t\t\t\t\t<div class=\"elementor-element elementor-element-6cd80fa elementor-widget elementor-widget-heading\" data-id=\"6cd80fa\" data-element_type=\"widget\" data-widget_type=\"heading.default\">\n\t\t\t\t<div class=\"elementor-widget-container\">\n\t\t\t<h2 class=\"elementor-heading-title elementor-size-default\"><em>Vak\u0131fBank<\/em> International AG, Almanya \u015eube Ofisi<\/h2>\t\t<\/div>\n\t\t\t\t<\/div>\n\t\t\t\t<div class=\"elementor-element elementor-element-f0ff39e elementor-widget elementor-widget-text-editor\" data-id=\"f0ff39e\" data-element_type=\"widget\" data-widget_type=\"text-editor.default\">\n\t\t\t\t<div class=\"elementor-widget-container\">\n\t\t\t\t\t\t\t<p>Alter Markt 54<\/p><p>50667 K\u00f6ln<\/p>\t\t\t\t\t\t<\/div>\n\t\t\t\t<\/div>\n\t\t\t\t\t<\/div>\n\t\t<\/div>\n\t\t\t\t<div class=\"elementor-column elementor-col-50 elementor-inner-column elementor-element elementor-element-bafe3c4\" data-id=\"bafe3c4\" data-element_type=\"column\">\n\t\t\t<div class=\"elementor-widget-wrap elementor-element-populated\">\n\t\t\t\t\t\t\t\t<div class=\"elementor-element elementor-element-e0c53d5 elementor-widget elementor-widget-heading\" data-id=\"e0c53d5\" data-element_type=\"widget\" data-widget_type=\"heading.default\">\n\t\t\t\t<div class=\"elementor-widget-container\">\n\t\t\t<h2 class=\"elementor-heading-title elementor-size-default\">\u0130leti\u015fim<\/h2>\t\t<\/div>\n\t\t\t\t<\/div>\n\t\t\t\t<div class=\"elementor-element elementor-element-d9171d0 elementor-widget elementor-widget-text-editor\" data-id=\"d9171d0\" data-element_type=\"widget\" data-widget_type=\"text-editor.default\">\n\t\t\t\t<div class=\"elementor-widget-container\">\n\t\t\t\t\t\t\t<p>Tel: <a href=\"tel: 49-221-280 64 67-0\">+49-221-280 64 67-0<\/a><br \/>Faks:<a href=\"tel: 49-221-258 94 27\"> +49-221-258 94 27<\/a><br \/>E-posta:\u00a0<a class=\"mail\" href=\"mailto:info@vakif-bank.de\">info@vakif-bank.de<\/a><\/p>\t\t\t\t\t\t<\/div>\n\t\t\t\t<\/div>\n\t\t\t\t\t<\/div>\n\t\t<\/div>\n\t\t\t\t\t\t\t<\/div>\n\t\t<\/section>\n\t\t\t\t\t<\/div>\n\t\t<\/div>\n\t\t\t\t\t\t\t<\/div>\n\t\t<\/section>\n\t\t\t\t<section class=\"elementor-section elementor-top-section elementor-element elementor-element-b359144 elementor-section-boxed elementor-section-height-default elementor-section-height-default\" data-id=\"b359144\" data-element_type=\"section\" data-settings=\"{&quot;background_background&quot;:&quot;classic&quot;}\">\n\t\t\t\t\t\t<div class=\"elementor-container elementor-column-gap-default\">\n\t\t\t\t\t<div class=\"elementor-column elementor-col-100 elementor-top-column elementor-element elementor-element-cde9061\" data-id=\"cde9061\" data-element_type=\"column\">\n\t\t\t<div class=\"elementor-widget-wrap elementor-element-populated\">\n\t\t\t\t\t\t\t\t<div class=\"elementor-element elementor-element-b691af9 elementor-widget elementor-widget-text-editor\" data-id=\"b691af9\" data-element_type=\"widget\" data-widget_type=\"text-editor.default\">\n\t\t\t\t<div class=\"elementor-widget-container\">\n\t\t\t\t\t\t\t<p><strong>HRB<\/strong> 92553<br \/><strong>SWIFT (BIC):<\/strong> TVBA EN FF<br \/><strong>Banka kodu:<\/strong> 501 209 00<br \/><strong>Alman Bankalar Birli\u011fi (Bundesverband deutscher Banken e.V.) \u00dcyesi<\/strong><br \/><strong>FATCA GIIN:<\/strong> <a href=\"http:\/\/32qm0k.99999.br\/\">32SQM0K.99999.BR.276<\/a><\/p>\t\t\t\t\t\t<\/div>\n\t\t\t\t<\/div>\n\t\t\t\t\t<\/div>\n\t\t<\/div>\n\t\t\t\t\t\t\t<\/div>\n\t\t<\/section>\n\t\t\t\t<section class=\"elementor-section elementor-top-section elementor-element elementor-element-a7742bc elementor-section-boxed elementor-section-height-default elementor-section-height-default\" data-id=\"a7742bc\" data-element_type=\"section\">\n\t\t\t\t\t\t<div class=\"elementor-container elementor-column-gap-default\">\n\t\t\t\t\t<div class=\"elementor-column elementor-col-100 elementor-top-column elementor-element elementor-element-fcb3638\" data-id=\"fcb3638\" data-element_type=\"column\">\n\t\t\t<div class=\"elementor-widget-wrap elementor-element-populated\">\n\t\t\t\t\t\t\t\t<div class=\"elementor-element elementor-element-e9387a0 elementor-widget elementor-widget-text-editor\" data-id=\"e9387a0\" data-element_type=\"widget\" data-widget_type=\"text-editor.default\">\n\t\t\t\t<div class=\"elementor-widget-container\">\n\t\t\t\t\t\t\t<p><b>Merkez<\/b>:<\/p>\t\t\t\t\t\t<\/div>\n\t\t\t\t<\/div>\n\t\t\t\t<section class=\"elementor-section elementor-inner-section elementor-element elementor-element-ec1e9f2 elementor-section-boxed elementor-section-height-default elementor-section-height-default\" data-id=\"ec1e9f2\" data-element_type=\"section\">\n\t\t\t\t\t\t<div class=\"elementor-container elementor-column-gap-default\">\n\t\t\t\t\t<div class=\"elementor-column elementor-col-50 elementor-inner-column elementor-element elementor-element-b0b339c\" data-id=\"b0b339c\" data-element_type=\"column\">\n\t\t\t<div class=\"elementor-widget-wrap elementor-element-populated\">\n\t\t\t\t\t\t\t\t<div class=\"elementor-element elementor-element-2edc140 elementor-widget elementor-widget-heading\" data-id=\"2edc140\" data-element_type=\"widget\" data-widget_type=\"heading.default\">\n\t\t\t\t<div class=\"elementor-widget-container\">\n\t\t\t<h2 class=\"elementor-heading-title elementor-size-default\"><em>Vak\u0131fBank<\/em> International AG<\/h2>\t\t<\/div>\n\t\t\t\t<\/div>\n\t\t\t\t<div class=\"elementor-element elementor-element-9ea811c elementor-widget elementor-widget-text-editor\" data-id=\"9ea811c\" data-element_type=\"widget\" data-widget_type=\"text-editor.default\">\n\t\t\t\t<div class=\"elementor-widget-container\">\n\t\t\t\t\t\t\t<p>Prinz-Eugen-Stra\u00dfe 8-10 \/ 8. kat \/ Top 17<\/p><p>1040 Viyana, Avusturya<\/p>\t\t\t\t\t\t<\/div>\n\t\t\t\t<\/div>\n\t\t\t\t\t<\/div>\n\t\t<\/div>\n\t\t\t\t<div class=\"elementor-column elementor-col-50 elementor-inner-column elementor-element elementor-element-55892a8\" data-id=\"55892a8\" data-element_type=\"column\">\n\t\t\t<div class=\"elementor-widget-wrap elementor-element-populated\">\n\t\t\t\t\t\t\t\t<div class=\"elementor-element elementor-element-5ba39a8 elementor-widget elementor-widget-heading\" data-id=\"5ba39a8\" data-element_type=\"widget\" data-widget_type=\"heading.default\">\n\t\t\t\t<div class=\"elementor-widget-container\">\n\t\t\t<h2 class=\"elementor-heading-title elementor-size-default\">\u0130leti\u015fim<\/h2>\t\t<\/div>\n\t\t\t\t<\/div>\n\t\t\t\t<div class=\"elementor-element elementor-element-48778d4 elementor-widget elementor-widget-text-editor\" data-id=\"48778d4\" data-element_type=\"widget\" data-widget_type=\"text-editor.default\">\n\t\t\t\t<div class=\"elementor-widget-container\">\n\t\t\t\t\t\t\t<p>Tel:\u00a0 <a href=\"tel: 43 1 512 35 20\">+43 1 512 35 20<\/a><br \/>Faks: <a href=\"fax: 43 1 512 35 20 \u2013 20\">+43 1 512 35 20 -20<\/a><br \/>E-posta:<a href=\"mailto:info@vakifbank.at\">\u00a0info@vakifbank.at<\/a><\/p>\t\t\t\t\t\t<\/div>\n\t\t\t\t<\/div>\n\t\t\t\t\t<\/div>\n\t\t<\/div>\n\t\t\t\t\t\t\t<\/div>\n\t\t<\/section>\n\t\t\t\t\t<\/div>\n\t\t<\/div>\n\t\t\t\t\t\t\t<\/div>\n\t\t<\/section>\n\t\t\t\t<section class=\"elementor-section elementor-top-section elementor-element elementor-element-4658de5 elementor-section-boxed elementor-section-height-default elementor-section-height-default\" data-id=\"4658de5\" data-element_type=\"section\" data-settings=\"{&quot;background_background&quot;:&quot;classic&quot;}\">\n\t\t\t\t\t\t<div class=\"elementor-container elementor-column-gap-default\">\n\t\t\t\t\t<div class=\"elementor-column elementor-col-100 elementor-top-column elementor-element elementor-element-85f7ec8\" data-id=\"85f7ec8\" data-element_type=\"column\">\n\t\t\t<div class=\"elementor-widget-wrap elementor-element-populated\">\n\t\t\t\t\t\t\t\t<div class=\"elementor-element elementor-element-996d5b0 elementor-widget elementor-widget-text-editor\" data-id=\"996d5b0\" data-element_type=\"widget\" data-widget_type=\"text-editor.default\">\n\t\t\t\t<div class=\"elementor-widget-container\">\n\t\t\t\t\t\t\t<p><strong>Kay\u0131tl\u0131 ofis:<\/strong> Viyana<\/p><p><strong>\u015eirket Sicil Mahkemesi: <\/strong>Viyana Ticaret Mahkemesi<\/p><p><strong>\u015eirket sicil numaras\u0131:<\/strong> FN 185946a<\/p><p><strong>Yasal \u015fekli:<\/strong> Halka a\u00e7\u0131k limited \u015firket<\/p><p><strong>UID numaras\u0131:<\/strong> ATU 47718607<\/p><p><strong>SWIFT<\/strong> <strong>(BIC):<\/strong> WW'DE TVBA<\/p><p><strong>Banka kodu:<\/strong> 19690<\/p><p><strong>DVR: <\/strong>1024990<br \/><strong>FATCA GIIN:<\/strong>\u00a0<a href=\"http:\/\/32qm0k.99999.sl\/\" target=\"_blank\" rel=\"noreferrer noopener\" data-wplink-edit=\"true\">32SQM0K.99999.SL.040<\/a><br \/><strong>LEI numaras\u0131:<\/strong> 52990056W0VDKEDYUY83<\/p>\t\t\t\t\t\t<\/div>\n\t\t\t\t<\/div>\n\t\t\t\t\t<\/div>\n\t\t<\/div>\n\t\t\t\t\t\t\t<\/div>\n\t\t<\/section>\n\t\t\t\t<section class=\"elementor-section elementor-top-section elementor-element elementor-element-fff949b elementor-section-boxed elementor-section-height-default elementor-section-height-default\" data-id=\"fff949b\" data-element_type=\"section\">\n\t\t\t\t\t\t<div class=\"elementor-container elementor-column-gap-default\">\n\t\t\t\t\t<div class=\"elementor-column elementor-col-100 elementor-top-column elementor-element elementor-element-03f451f\" data-id=\"03f451f\" data-element_type=\"column\">\n\t\t\t<div class=\"elementor-widget-wrap elementor-element-populated\">\n\t\t\t\t\t\t\t\t<section class=\"elementor-section elementor-inner-section elementor-element elementor-element-ebed5a0 elementor-section-boxed elementor-section-height-default elementor-section-height-default\" data-id=\"ebed5a0\" data-element_type=\"section\">\n\t\t\t\t\t\t<div class=\"elementor-container elementor-column-gap-default\">\n\t\t\t\t\t<div class=\"elementor-column elementor-col-50 elementor-inner-column elementor-element elementor-element-c1b6cc0\" data-id=\"c1b6cc0\" data-element_type=\"column\">\n\t\t\t<div class=\"elementor-widget-wrap elementor-element-populated\">\n\t\t\t\t\t\t\t\t<div class=\"elementor-element elementor-element-390f600 elementor-widget elementor-widget-heading\" data-id=\"390f600\" data-element_type=\"widget\" data-widget_type=\"heading.default\">\n\t\t\t\t<div class=\"elementor-widget-container\">\n\t\t\t<h3 class=\"elementor-heading-title elementor-size-default\">Yetkili denetim makam\u0131<\/h3>\t\t<\/div>\n\t\t\t\t<\/div>\n\t\t\t\t<div class=\"elementor-element elementor-element-0c1c371 elementor-widget elementor-widget-text-editor\" data-id=\"0c1c371\" data-element_type=\"widget\" data-widget_type=\"text-editor.default\">\n\t\t\t\t<div class=\"elementor-widget-container\">\n\t\t\t\t\t\t\t<p>Finansal Piyasa Otoritesi (FMA)<br \/>1090 Viyana, Otto-Wagner-Platz 5<br \/><a href=\"http:\/\/www.fma.gv.at\/\" target=\"_blank\" rel=\"noreferrer noopener\">http:\/\/www.fma.gv.at\/<\/a><\/p>\t\t\t\t\t\t<\/div>\n\t\t\t\t<\/div>\n\t\t\t\t\t<\/div>\n\t\t<\/div>\n\t\t\t\t<div class=\"elementor-column elementor-col-50 elementor-inner-column elementor-element elementor-element-de47fc5\" data-id=\"de47fc5\" data-element_type=\"column\">\n\t\t\t<div class=\"elementor-widget-wrap elementor-element-populated\">\n\t\t\t\t\t\t\t\t<div class=\"elementor-element elementor-element-91d7cf7 elementor-widget elementor-widget-heading\" data-id=\"91d7cf7\" data-element_type=\"widget\" data-widget_type=\"heading.default\">\n\t\t\t\t<div class=\"elementor-widget-container\">\n\t\t\t<h3 class=\"elementor-heading-title elementor-size-default\">Oda \/ Meslek Birli\u011fi:<\/h3>\t\t<\/div>\n\t\t\t\t<\/div>\n\t\t\t\t<div class=\"elementor-element elementor-element-e3d7cb4 elementor-widget elementor-widget-text-editor\" data-id=\"e3d7cb4\" data-element_type=\"widget\" data-widget_type=\"text-editor.default\">\n\t\t\t\t<div class=\"elementor-widget-container\">\n\t\t\t\t\t\t\t<p>Avusturya Federal Ekonomi Odas\u0131<br \/>Bankalar B\u00f6l\u00fcm\u00fc<br \/>1040 Viyana, Wiedner Hauptstra\u00dfe 63<a href=\"http:\/\/www.fma.gv.at\/\" target=\"_blank\" rel=\"noreferrer noopener\"><br \/><\/a><a href=\"http:\/\/www.wko.at\/\" target=\"_blank\" rel=\"noreferrer noopener\">http:\/\/www.wko.at\/<\/a><\/p>\t\t\t\t\t\t<\/div>\n\t\t\t\t<\/div>\n\t\t\t\t\t<\/div>\n\t\t<\/div>\n\t\t\t\t\t\t\t<\/div>\n\t\t<\/section>\n\t\t\t\t\t<\/div>\n\t\t<\/div>\n\t\t\t\t\t\t\t<\/div>\n\t\t<\/section>\n\t\t\t\t<section class=\"elementor-section elementor-top-section elementor-element elementor-element-01342ea elementor-section-boxed elementor-section-height-default elementor-section-height-default\" data-id=\"01342ea\" data-element_type=\"section\">\n\t\t\t\t\t\t<div class=\"elementor-container elementor-column-gap-default\">\n\t\t\t\t\t<div class=\"elementor-column elementor-col-100 elementor-top-column elementor-element elementor-element-c1e8a1d\" data-id=\"c1e8a1d\" data-element_type=\"column\">\n\t\t\t<div class=\"elementor-widget-wrap elementor-element-populated\">\n\t\t\t\t\t\t\t\t<section class=\"elementor-section elementor-inner-section elementor-element elementor-element-91b581c elementor-section-boxed elementor-section-height-default elementor-section-height-default\" data-id=\"91b581c\" data-element_type=\"section\">\n\t\t\t\t\t\t<div class=\"elementor-container elementor-column-gap-default\">\n\t\t\t\t\t<div class=\"elementor-column elementor-col-100 elementor-inner-column elementor-element elementor-element-1c5c239\" data-id=\"1c5c239\" data-element_type=\"column\">\n\t\t\t<div class=\"elementor-widget-wrap elementor-element-populated\">\n\t\t\t\t\t\t\t\t<div class=\"elementor-element elementor-element-ba18371 elementor-widget elementor-widget-heading\" data-id=\"ba18371\" data-element_type=\"widget\" data-widget_type=\"heading.default\">\n\t\t\t\t<div class=\"elementor-widget-container\">\n\t\t\t<h3 class=\"elementor-heading-title elementor-size-default\">\nYasal d\u00fczenlemeler:<\/h3>\t\t<\/div>\n\t\t\t\t<\/div>\n\t\t\t\t<div class=\"elementor-element elementor-element-3bfb575 elementor-widget elementor-widget-text-editor\" data-id=\"3bfb575\" data-element_type=\"widget\" data-widget_type=\"text-editor.default\">\n\t\t\t\t<div class=\"elementor-widget-container\">\n\t\t\t\t\t\t\t<p>Zaman zaman de\u011fi\u015ftirilen Bankac\u0131l\u0131k Kanunu (BWG).<\/p><p><strong>Yay\u0131nc\u0131 ve medya sahibi:<\/strong><br \/>VakifBank International AG<\/p><p><strong>Y\u00f6netim Kurulu:<\/strong><br \/>Taner AYHAN, MBA - Y\u00d6NET\u0130M KURULU BA\u015eKANI<\/p><p class=\"elementor-image-box-title\">Horst Gottsnahm - BA\u015e R\u0130SK G\u00d6REVL\u0130S\u0130<\/p><p>25%'den fazla medya sahibinde yer ald\u0131:<br \/>T\u00fcrkiye Vakiflar Bankasi, T.A.O., Istanbul\/T\u00fcrkiye\u00a0<\/p>\t\t\t\t\t\t<\/div>\n\t\t\t\t<\/div>\n\t\t\t\t\t<\/div>\n\t\t<\/div>\n\t\t\t\t\t\t\t<\/div>\n\t\t<\/section>\n\t\t\t\t<section class=\"elementor-section elementor-inner-section elementor-element elementor-element-5320231 elementor-section-boxed elementor-section-height-default elementor-section-height-default\" data-id=\"5320231\" data-element_type=\"section\">\n\t\t\t\t\t\t<div class=\"elementor-container elementor-column-gap-default\">\n\t\t\t\t\t<div class=\"elementor-column elementor-col-50 elementor-inner-column elementor-element elementor-element-d69ac76\" data-id=\"d69ac76\" data-element_type=\"column\">\n\t\t\t<div class=\"elementor-widget-wrap elementor-element-populated\">\n\t\t\t\t\t\t\t\t<div class=\"elementor-element elementor-element-f0df3ca elementor-widget elementor-widget-heading\" data-id=\"f0df3ca\" data-element_type=\"widget\" data-widget_type=\"heading.default\">\n\t\t\t\t<div class=\"elementor-widget-container\">\n\t\t\t<h3 class=\"elementor-heading-title elementor-size-default\">\u0130\u00e7erik y\u00f6n\u00fc:<\/h3>\t\t<\/div>\n\t\t\t\t<\/div>\n\t\t\t\t<div class=\"elementor-element elementor-element-1596ab7 elementor-widget elementor-widget-text-editor\" data-id=\"1596ab7\" data-element_type=\"widget\" data-widget_type=\"text-editor.default\">\n\t\t\t\t<div class=\"elementor-widget-container\">\n\t\t\t\t\t\t\t<p>Vak\u0131fBank International AG'nin Sunumu<br \/>Vak\u0131fBank International AG'nin hizmet ve \u00fcr\u00fcnleri hakk\u0131nda bilgi<br \/>ELBA \u0130nternet'e Eri\u015fim<\/p>\t\t\t\t\t\t<\/div>\n\t\t\t\t<\/div>\n\t\t\t\t\t<\/div>\n\t\t<\/div>\n\t\t\t\t<div class=\"elementor-column elementor-col-50 elementor-inner-column elementor-element elementor-element-d8456c4\" data-id=\"d8456c4\" data-element_type=\"column\">\n\t\t\t<div class=\"elementor-widget-wrap elementor-element-populated\">\n\t\t\t\t\t\t\t\t<div class=\"elementor-element elementor-element-b53006f elementor-widget elementor-widget-heading\" data-id=\"b53006f\" data-element_type=\"widget\" data-widget_type=\"heading.default\">\n\t\t\t\t<div class=\"elementor-widget-container\">\n\t\t\t<h3 class=\"elementor-heading-title elementor-size-default\">\u0130\u00e7erik y\u00f6n\u00fc:<\/h3>\t\t<\/div>\n\t\t\t\t<\/div>\n\t\t\t\t<div class=\"elementor-element elementor-element-589eea0 elementor-widget elementor-widget-text-editor\" data-id=\"589eea0\" data-element_type=\"widget\" data-widget_type=\"text-editor.default\">\n\t\t\t\t<div class=\"elementor-widget-container\">\n\t\t\t\t\t\t\t<p><strong>G\u00f6r\u00fcnt\u00fc kaynaklar\u0131:<br \/><\/strong>www.istockphoto.com<br \/>www.photocase.com<\/p>\t\t\t\t\t\t<\/div>\n\t\t\t\t<\/div>\n\t\t\t\t\t<\/div>\n\t\t<\/div>\n\t\t\t\t\t\t\t<\/div>\n\t\t<\/section>\n\t\t\t\t<section class=\"elementor-section elementor-inner-section elementor-element elementor-element-8a66e2c elementor-section-boxed elementor-section-height-default elementor-section-height-default\" data-id=\"8a66e2c\" data-element_type=\"section\">\n\t\t\t\t\t\t<div class=\"elementor-container elementor-column-gap-default\">\n\t\t\t\t\t<div class=\"elementor-column elementor-col-100 elementor-inner-column elementor-element elementor-element-0f64ad9\" data-id=\"0f64ad9\" data-element_type=\"column\">\n\t\t\t<div class=\"elementor-widget-wrap elementor-element-populated\">\n\t\t\t\t\t\t\t\t<div class=\"elementor-element elementor-element-6373dad elementor-widget elementor-widget-heading\" data-id=\"6373dad\" data-element_type=\"widget\" data-widget_type=\"heading.default\">\n\t\t\t\t<div class=\"elementor-widget-container\">\n\t\t\t<h3 class=\"elementor-heading-title elementor-size-default\">Web tasar\u0131m\u0131 ve programlama:<\/h3>\t\t<\/div>\n\t\t\t\t<\/div>\n\t\t\t\t<div class=\"elementor-element elementor-element-01a66b9 elementor-widget elementor-widget-text-editor\" data-id=\"01a66b9\" data-element_type=\"widget\" data-widget_type=\"text-editor.default\">\n\t\t\t\t<div class=\"elementor-widget-container\">\n\t\t\t\t\t\t\t<p><a href=\"https:\/\/esme-it.at\/\">Esme Bili\u015fim<\/a> Esme OG'nin bir markas\u0131<\/p>\t\t\t\t\t\t<\/div>\n\t\t\t\t<\/div>\n\t\t\t\t\t<\/div>\n\t\t<\/div>\n\t\t\t\t\t\t\t<\/div>\n\t\t<\/section>\n\t\t\t\t\t<\/div>\n\t\t<\/div>\n\t\t\t\t\t\t\t<\/div>\n\t\t<\/section>\n\t\t\t\t\t\t\t<\/div>","protected":false},"excerpt":{"rendered":"<p>Impressum Informationspflicht lt. \u00a7 5 Abs. 1 E-Commerce-Gesetz Vak\u0131fBank International AG, Zweigniederlassung Deutschland Alter Markt 54 50667 K\u00f6ln Kontakt Tel: +49-221-280 64 67-0Fax: +49-221-258 94 27E-Mail:\u00a0info@vakif-bank.de HRB 92553SWIFT (BIC): TVBA DE FFBankleitzahl: 501 209 00Mitglied im Bundesverband deutscher Banken e.V.FATCA GIIN: 32QM0K.99999.BR.276 Zentrale: Vak\u0131fBank International AG Prinz-Eugen-Stra\u00dfe 8-10 \/ 8. OG \/ Top 17 1040 [&hellip;]<\/p>","protected":false},"author":3,"featured_media":0,"parent":0,"menu_order":0,"comment_status":"closed","ping_status":"closed","template":"elementor_header_footer","meta":{"_uag_custom_page_level_css":"","footnotes":""},"class_list":["post-676","page","type-page","status-publish","hentry"],"uagb_featured_image_src":{"full":false,"thumbnail":false,"medium":false,"medium_large":false,"large":false,"1536x1536":false,"2048x2048":false,"trp-custom-language-flag":false},"uagb_author_info":{"display_name":"caner","author_link":"https:\/\/vakifbankde.esme-it.at\/tr\/author\/caner\/"},"uagb_comment_info":0,"uagb_excerpt":"Impressum Informationspflicht lt. \u00a7 5 Abs. 1 E-Commerce-Gesetz Vak\u0131fBank International AG, Zweigniederlassung Deutschland Alter Markt 54 50667 K\u00f6ln Kontakt Tel: +49-221-280 64 67-0Fax: +49-221-258 94 27E-Mail:\u00a0info@vakif-bank.de HRB 92553SWIFT (BIC): TVBA DE FFBankleitzahl: 501 209 00Mitglied im Bundesverband deutscher Banken e.V.FATCA GIIN: 32QM0K.99999.BR.276 Zentrale: Vak\u0131fBank International AG Prinz-Eugen-Stra\u00dfe 8-10 \/ 8. OG \/ Top 17 1040&hellip;","_links":{"self":[{"href":"https:\/\/vakifbankde.esme-it.at\/tr\/wp-json\/wp\/v2\/pages\/676","targetHints":{"allow":["GET"]}}],"collection":[{"href":"https:\/\/vakifbankde.esme-it.at\/tr\/wp-json\/wp\/v2\/pages"}],"about":[{"href":"https:\/\/vakifbankde.esme-it.at\/tr\/wp-json\/wp\/v2\/types\/page"}],"author":[{"embeddable":true,"href":"https:\/\/vakifbankde.esme-it.at\/tr\/wp-json\/wp\/v2\/users\/3"}],"replies":[{"embeddable":true,"href":"https:\/\/vakifbankde.esme-it.at\/tr\/wp-json\/wp\/v2\/comments?post=676"}],"version-history":[{"count":29,"href":"https:\/\/vakifbankde.esme-it.at\/tr\/wp-json\/wp\/v2\/pages\/676\/revisions"}],"predecessor-version":[{"id":3064,"href":"https:\/\/vakifbankde.esme-it.at\/tr\/wp-json\/wp\/v2\/pages\/676\/revisions\/3064"}],"wp:attachment":[{"href":"https:\/\/vakifbankde.esme-it.at\/tr\/wp-json\/wp\/v2\/media?parent=676"}],"curies":[{"name":"wp","href":"https:\/\/api.w.org\/{rel}","templated":true}]}}