{"id":587,"date":"2023-01-11T12:41:29","date_gmt":"2023-01-11T11:41:29","guid":{"rendered":"https:\/\/vakifbankde.esme-it.at\/?page_id=587"},"modified":"2023-05-04T16:21:19","modified_gmt":"2023-05-04T14:21:19","slug":"girokonto-firmenkunden","status":"publish","type":"page","link":"https:\/\/vakifbankde.esme-it.at\/tr\/firmenkunden\/girokonto-firmenkunden\/","title":{"rendered":"Cari hesap"},"content":{"rendered":"<div data-elementor-type=\"wp-page\" data-elementor-id=\"587\" class=\"elementor elementor-587\">\n\t\t\t\t\t\t\t\t\t<section class=\"elementor-section elementor-top-section elementor-element elementor-element-71121a4 elementor-section-height-min-height elementor-section-content-middle elementor-section-items-top elementor-section-boxed elementor-section-height-default\" data-id=\"71121a4\" data-element_type=\"section\" data-settings=\"{&quot;background_background&quot;:&quot;classic&quot;}\">\n\t\t\t\t\t\t\t<div class=\"elementor-background-overlay\"><\/div>\n\t\t\t\t\t\t\t<div class=\"elementor-container elementor-column-gap-default\">\n\t\t\t\t\t<div class=\"elementor-column elementor-col-100 elementor-top-column elementor-element elementor-element-3dea4a5\" data-id=\"3dea4a5\" data-element_type=\"column\">\n\t\t\t<div class=\"elementor-widget-wrap elementor-element-populated\">\n\t\t\t\t\t\t\t\t<div class=\"elementor-element elementor-element-2ad9c43 elementor-widget elementor-widget-heading\" data-id=\"2ad9c43\" data-element_type=\"widget\" data-widget_type=\"heading.default\">\n\t\t\t\t<div class=\"elementor-widget-container\">\n\t\t\t<style>\/*! elementor - v3.14.0 - 26-06-2023 *\/\n.elementor-heading-title{padding:0;margin:0;line-height:1}.elementor-widget-heading .elementor-heading-title[class*=elementor-size-]>a{color:inherit;font-size:inherit;line-height:inherit}.elementor-widget-heading .elementor-heading-title.elementor-size-small{font-size:15px}.elementor-widget-heading .elementor-heading-title.elementor-size-medium{font-size:19px}.elementor-widget-heading .elementor-heading-title.elementor-size-large{font-size:29px}.elementor-widget-heading .elementor-heading-title.elementor-size-xl{font-size:39px}.elementor-widget-heading .elementor-heading-title.elementor-size-xxl{font-size:59px}<\/style><h1 class=\"elementor-heading-title elementor-size-default\">Cari hesap<\/h1>\t\t<\/div>\n\t\t\t\t<\/div>\n\t\t\t\t\t<\/div>\n\t\t<\/div>\n\t\t\t\t\t\t\t<\/div>\n\t\t<\/section>\n\t\t\t\t<section class=\"elementor-section elementor-top-section elementor-element elementor-element-608f84c elementor-section-boxed elementor-section-height-default elementor-section-height-default\" data-id=\"608f84c\" data-element_type=\"section\">\n\t\t\t\t\t\t<div class=\"elementor-container elementor-column-gap-default\">\n\t\t\t\t\t<div class=\"elementor-column elementor-col-100 elementor-top-column elementor-element elementor-element-58e6dcd\" data-id=\"58e6dcd\" data-element_type=\"column\" data-settings=\"{&quot;background_background&quot;:&quot;classic&quot;}\">\n\t\t\t<div class=\"elementor-widget-wrap elementor-element-populated\">\n\t\t\t\t\t\t\t\t<div class=\"elementor-element elementor-element-60072f8 elementor-widget elementor-widget-text-editor\" data-id=\"60072f8\" data-element_type=\"widget\" data-widget_type=\"text-editor.default\">\n\t\t\t\t<div class=\"elementor-widget-container\">\n\t\t\t<style>\/*! elementor - v3.14.0 - 26-06-2023 *\/\n.elementor-widget-text-editor.elementor-drop-cap-view-stacked .elementor-drop-cap{background-color:#69727d;color:#fff}.elementor-widget-text-editor.elementor-drop-cap-view-framed .elementor-drop-cap{color:#69727d;border:3px solid;background-color:transparent}.elementor-widget-text-editor:not(.elementor-drop-cap-view-default) .elementor-drop-cap{margin-top:8px}.elementor-widget-text-editor:not(.elementor-drop-cap-view-default) .elementor-drop-cap-letter{width:1em;height:1em}.elementor-widget-text-editor .elementor-drop-cap{float:left;text-align:center;line-height:1;font-size:50px}.elementor-widget-text-editor .elementor-drop-cap-letter{display:inline-block}<\/style>\t\t\t\t<p>\u015eeffaf ve net - <strong>Do\u011fru hesapla iyi i\u015f<\/strong><\/p>\t\t\t\t\t\t<\/div>\n\t\t\t\t<\/div>\n\t\t\t\t\t<\/div>\n\t\t<\/div>\n\t\t\t\t\t\t\t<\/div>\n\t\t<\/section>\n\t\t\t\t<section class=\"elementor-section elementor-top-section elementor-element elementor-element-fe70334 elementor-section-boxed elementor-section-height-default elementor-section-height-default\" data-id=\"fe70334\" data-element_type=\"section\">\n\t\t\t\t\t\t<div class=\"elementor-container elementor-column-gap-default\">\n\t\t\t\t\t<div class=\"elementor-column elementor-col-100 elementor-top-column elementor-element elementor-element-589ec76\" data-id=\"589ec76\" data-element_type=\"column\">\n\t\t\t<div class=\"elementor-widget-wrap elementor-element-populated\">\n\t\t\t\t\t\t\t\t<section class=\"elementor-section elementor-inner-section elementor-element elementor-element-04c9e11 elementor-section-boxed elementor-section-height-default elementor-section-height-default\" data-id=\"04c9e11\" data-element_type=\"section\">\n\t\t\t\t\t\t<div class=\"elementor-container elementor-column-gap-default\">\n\t\t\t\t\t<div class=\"elementor-column elementor-col-50 elementor-inner-column elementor-element elementor-element-f953d60\" data-id=\"f953d60\" data-element_type=\"column\">\n\t\t\t<div class=\"elementor-widget-wrap elementor-element-populated\">\n\t\t\t\t\t\t\t\t<div class=\"elementor-element elementor-element-81b31a8 elementor-widget elementor-widget-heading\" data-id=\"81b31a8\" data-element_type=\"widget\" data-widget_type=\"heading.default\">\n\t\t\t\t<div class=\"elementor-widget-container\">\n\t\t\t<h2 class=\"elementor-heading-title elementor-size-default\">Cari hesapla ilgileniyor musunuz?<\/h2>\t\t<\/div>\n\t\t\t\t<\/div>\n\t\t\t\t<div class=\"elementor-element elementor-element-807fb64 elementor-widget elementor-widget-text-editor\" data-id=\"807fb64\" data-element_type=\"widget\" data-widget_type=\"text-editor.default\">\n\t\t\t\t<div class=\"elementor-widget-container\">\n\t\t\t\t\t\t\t<p>Cari hesab\u0131n\u0131z\u0131 \u015fubemizde a\u00e7\u0131n ve d\u00fc\u015f\u00fck i\u015flem \u00fccretlerimizden yararlan\u0131n.<\/p>\t\t\t\t\t\t<\/div>\n\t\t\t\t<\/div>\n\t\t\t\t<div class=\"elementor-element elementor-element-981d65f elementor-view-stacked elementor-position-left elementor-vertical-align-middle elementor-shape-circle elementor-mobile-position-top elementor-widget elementor-widget-icon-box\" data-id=\"981d65f\" data-element_type=\"widget\" data-widget_type=\"icon-box.default\">\n\t\t\t\t<div class=\"elementor-widget-container\">\n\t\t\t<link rel=\"stylesheet\" href=\"https:\/\/vakifbankde.esme-it.at\/wp-content\/plugins\/elementor\/assets\/css\/widget-icon-box.min.css\">\t\t<div class=\"elementor-icon-box-wrapper\">\n\t\t\t\t\t\t<div class=\"elementor-icon-box-icon\">\n\t\t\t\t<span class=\"elementor-icon elementor-animation-\" >\n\t\t\t\t<i aria-hidden=\"true\" class=\"fas fa-map-marker-alt\"><\/i>\t\t\t\t<\/span>\n\t\t\t<\/div>\n\t\t\t\t\t\t<div class=\"elementor-icon-box-content\">\n\t\t\t\t<h3 class=\"elementor-icon-box-title\">\n\t\t\t\t\t<span  >\n\t\t\t\t\t\t\u015eubemiz\t\t\t\t\t<\/span>\n\t\t\t\t<\/h3>\n\t\t\t\t\t\t\t\t\t<p class=\"elementor-icon-box-description\">\n\t\t\t\t\t\t<p><strong>VakifBank International AG, K\u00f6ln \u015eubesi<\/strong><\/p><p>Alter Markt 54<\/p><p>50667 K\u00f6ln<\/p><p aria-hidden=\"true\"><\/p><p><strong>Vak\u0131fBank International AG, <\/strong><strong>Frankfurt \u015eubesi<\/strong><\/p><p>Mainzer Landstra\u00dfe 69-71<\/p><p>60329 Frankfurt<\/p>\t\t\t\t\t<\/p>\n\t\t\t\t\t\t\t<\/div>\n\t\t<\/div>\n\t\t\t\t<\/div>\n\t\t\t\t<\/div>\n\t\t\t\t\t<\/div>\n\t\t<\/div>\n\t\t\t\t<div class=\"elementor-column elementor-col-50 elementor-inner-column elementor-element elementor-element-b5a4430\" data-id=\"b5a4430\" data-element_type=\"column\">\n\t\t\t<div class=\"elementor-widget-wrap elementor-element-populated\">\n\t\t\t\t\t\t\t\t<div class=\"elementor-element elementor-element-1d52c15 elementor-icon-list--layout-traditional elementor-list-item-link-full_width elementor-widget elementor-widget-icon-list\" data-id=\"1d52c15\" data-element_type=\"widget\" data-widget_type=\"icon-list.default\">\n\t\t\t\t<div class=\"elementor-widget-container\">\n\t\t\t<link rel=\"stylesheet\" href=\"https:\/\/vakifbankde.esme-it.at\/wp-content\/plugins\/elementor\/assets\/css\/widget-icon-list.min.css\">\t\t<ul class=\"elementor-icon-list-items\">\n\t\t\t\t\t\t\t<li class=\"elementor-icon-list-item\">\n\t\t\t\t\t\t\t\t\t\t\t<span class=\"elementor-icon-list-icon\">\n\t\t\t\t\t\t\t<i aria-hidden=\"true\" class=\"fas fa-check\"><\/i>\t\t\t\t\t\t<\/span>\n\t\t\t\t\t\t\t\t\t\t<span class=\"elementor-icon-list-text\">Kolayl\u0131k: \u0130\u015fletme finansman\u0131n\u0131z\u0131 y\u00f6netin<\/span>\n\t\t\t\t\t\t\t\t\t<\/li>\n\t\t\t\t\t\t\t\t<li class=\"elementor-icon-list-item\">\n\t\t\t\t\t\t\t\t\t\t\t<span class=\"elementor-icon-list-icon\">\n\t\t\t\t\t\t\t<i aria-hidden=\"true\" class=\"fas fa-check\"><\/i>\t\t\t\t\t\t<\/span>\n\t\t\t\t\t\t\t\t\t\t<span class=\"elementor-icon-list-text\">G\u00fcvenlik: giri\u015fimci fikirlerinizi geli\u015ftirmek i\u00e7in g\u00fcvenli bir yer<\/span>\n\t\t\t\t\t\t\t\t\t<\/li>\n\t\t\t\t\t\t<\/ul>\n\t\t\t\t<\/div>\n\t\t\t\t<\/div>\n\t\t\t\t<div class=\"elementor-element elementor-element-e8e776d elementor-align-left elementor-widget elementor-widget-button\" data-id=\"e8e776d\" data-element_type=\"widget\" data-widget_type=\"button.default\">\n\t\t\t\t<div class=\"elementor-widget-container\">\n\t\t\t\t\t<div class=\"elementor-button-wrapper\">\n\t\t\t<a class=\"elementor-button elementor-button-link elementor-size-sm\" href=\"https:\/\/vakifbankde.esme-it.at\/tr\/kontakt\/\">\n\t\t\t\t\t\t<span class=\"elementor-button-content-wrapper\">\n\t\t\t\t\t\t<span class=\"elementor-button-icon elementor-align-icon-right\">\n\t\t\t\t<i aria-hidden=\"true\" class=\"fas fa-arrow-right\"><\/i>\t\t\t<\/span>\n\t\t\t\t\t\t<span class=\"elementor-button-text\">Bize ula\u015f\u0131n<\/span>\n\t\t<\/span>\n\t\t\t\t\t<\/a>\n\t\t<\/div>\n\t\t\t\t<\/div>\n\t\t\t\t<\/div>\n\t\t\t\t\t<\/div>\n\t\t<\/div>\n\t\t\t\t\t\t\t<\/div>\n\t\t<\/section>\n\t\t\t\t\t<\/div>\n\t\t<\/div>\n\t\t\t\t\t\t\t<\/div>\n\t\t<\/section>\n\t\t\t\t<section class=\"elementor-section elementor-top-section elementor-element elementor-element-9776415 elementor-section-content-middle elementor-section-boxed elementor-section-height-default elementor-section-height-default\" data-id=\"9776415\" data-element_type=\"section\">\n\t\t\t\t\t\t<div class=\"elementor-container elementor-column-gap-no\">\n\t\t\t\t\t<div class=\"elementor-column elementor-col-100 elementor-top-column elementor-element elementor-element-6e62401\" data-id=\"6e62401\" data-element_type=\"column\" data-settings=\"{&quot;background_background&quot;:&quot;classic&quot;}\">\n\t\t\t<div class=\"elementor-widget-wrap elementor-element-populated\">\n\t\t\t\t\t\t\t\t<div class=\"elementor-element elementor-element-83a9dbb elementor-widget elementor-widget-heading\" data-id=\"83a9dbb\" data-element_type=\"widget\" data-widget_type=\"heading.default\">\n\t\t\t\t<div class=\"elementor-widget-container\">\n\t\t\t<h2 class=\"elementor-heading-title elementor-size-default\">Ko\u015fullar\u0131m\u0131z hakk\u0131nda detayl\u0131 bilgiye buradan ula\u015fabilirsiniz.<\/h2>\t\t<\/div>\n\t\t\t\t<\/div>\n\t\t\t\t<div class=\"elementor-element elementor-element-151ee00 elementor-align-center elementor-mobile-align-center elementor-widget elementor-widget-button\" data-id=\"151ee00\" data-element_type=\"widget\" data-widget_type=\"button.default\">\n\t\t\t\t<div class=\"elementor-widget-container\">\n\t\t\t\t\t<div class=\"elementor-button-wrapper\">\n\t\t\t<a class=\"elementor-button elementor-button-link elementor-size-sm\" href=\"https:\/\/vakifbankde.esme-it.at\/tr\/konditionen\/\">\n\t\t\t\t\t\t<span class=\"elementor-button-content-wrapper\">\n\t\t\t\t\t\t<span class=\"elementor-button-icon elementor-align-icon-right\">\n\t\t\t\t<i aria-hidden=\"true\" class=\"fas fa-arrow-right\"><\/i>\t\t\t<\/span>\n\t\t\t\t\t\t<span class=\"elementor-button-text\">Daha fazla bilgi edinin<\/span>\n\t\t<\/span>\n\t\t\t\t\t<\/a>\n\t\t<\/div>\n\t\t\t\t<\/div>\n\t\t\t\t<\/div>\n\t\t\t\t\t<\/div>\n\t\t<\/div>\n\t\t\t\t\t\t\t<\/div>\n\t\t<\/section>\n\t\t\t\t<section class=\"elementor-section elementor-top-section elementor-element elementor-element-e07cbc4 elementor-section-boxed elementor-section-height-default elementor-section-height-default\" data-id=\"e07cbc4\" data-element_type=\"section\">\n\t\t\t\t\t\t<div class=\"elementor-container elementor-column-gap-default\">\n\t\t\t\t\t<div class=\"elementor-column elementor-col-100 elementor-top-column elementor-element elementor-element-b78df61\" data-id=\"b78df61\" data-element_type=\"column\">\n\t\t\t<div class=\"elementor-widget-wrap elementor-element-populated\">\n\t\t\t\t\t\t\t\t<section class=\"elementor-section elementor-inner-section elementor-element elementor-element-1b9c57a elementor-section-boxed elementor-section-height-default elementor-section-height-default\" data-id=\"1b9c57a\" data-element_type=\"section\">\n\t\t\t\t\t\t<div class=\"elementor-container elementor-column-gap-default\">\n\t\t\t\t\t<div class=\"elementor-column elementor-col-100 elementor-inner-column elementor-element elementor-element-9131d08\" data-id=\"9131d08\" data-element_type=\"column\">\n\t\t\t<div class=\"elementor-widget-wrap elementor-element-populated\">\n\t\t\t\t\t\t\t\t<div class=\"elementor-element elementor-element-7e09735 elementor-widget elementor-widget-heading\" data-id=\"7e09735\" data-element_type=\"widget\" data-widget_type=\"heading.default\">\n\t\t\t\t<div class=\"elementor-widget-container\">\n\t\t\t<h2 class=\"elementor-heading-title elementor-size-default\">Kurumsal m\u00fc\u015fteriler i\u00e7in cari hesaplar hakk\u0131nda sorular\u0131n\u0131z m\u0131 var?<\/h2>\t\t<\/div>\n\t\t\t\t<\/div>\n\t\t\t\t<div class=\"elementor-element elementor-element-a885887 elementor-widget elementor-widget-text-editor\" data-id=\"a885887\" data-element_type=\"widget\" data-widget_type=\"text-editor.default\">\n\t\t\t\t<div class=\"elementor-widget-container\">\n\t\t\t\t\t\t\t<p>Bizi aray\u0131n!<\/p>\n<p>Bize ileti\u015fim formumuz arac\u0131l\u0131\u011f\u0131yla ula\u015fabilir veya \u015fubemizi ziyaret edebilirsiniz<\/p>\n<p>\u0130stek ve talepleriniz en k\u0131sa s\u00fcrede i\u015fleme al\u0131nacakt\u0131r.<\/p>\t\t\t\t\t\t<\/div>\n\t\t\t\t<\/div>\n\t\t\t\t<section class=\"elementor-section elementor-inner-section elementor-element elementor-element-1c93f10 elementor-section-boxed elementor-section-height-default elementor-section-height-default\" data-id=\"1c93f10\" data-element_type=\"section\">\n\t\t\t\t\t\t<div class=\"elementor-container elementor-column-gap-default\">\n\t\t\t\t\t<div class=\"elementor-column elementor-col-50 elementor-inner-column elementor-element elementor-element-2e4b1c0\" data-id=\"2e4b1c0\" data-element_type=\"column\">\n\t\t\t<div class=\"elementor-widget-wrap elementor-element-populated\">\n\t\t\t\t\t\t\t\t<div class=\"elementor-element elementor-element-89cd8b9 elementor-widget elementor-widget-heading\" data-id=\"89cd8b9\" data-element_type=\"widget\" data-widget_type=\"heading.default\">\n\t\t\t\t<div class=\"elementor-widget-container\">\n\t\t\t<div class=\"elementor-heading-title elementor-size-default\">E-posta &amp; Tel<\/div>\t\t<\/div>\n\t\t\t\t<\/div>\n\t\t\t\t<div class=\"elementor-element elementor-element-386141c elementor-widget elementor-widget-text-editor\" data-id=\"386141c\" data-element_type=\"widget\" data-widget_type=\"text-editor.default\">\n\t\t\t\t<div class=\"elementor-widget-container\">\n\t\t\t\t\t\t\t<p>Tel : <a href=\"tel: 49 221 280 64 67 0\">+49 221 280 64 67 0<\/a><\/p>\t\t\t\t\t\t<\/div>\n\t\t\t\t<\/div>\n\t\t\t\t<div class=\"elementor-element elementor-element-ad3f819 elementor-widget elementor-widget-text-editor\" data-id=\"ad3f819\" data-element_type=\"widget\" data-widget_type=\"text-editor.default\">\n\t\t\t\t<div class=\"elementor-widget-container\">\n\t\t\t\t\t\t\t<p>E-posta : <a href=\"mailto:infokoeln@vakifbankde.esme-it.at\">infokoeln@vakifbankde.esme-it.at<\/a><\/p>\t\t\t\t\t\t<\/div>\n\t\t\t\t<\/div>\n\t\t\t\t\t<\/div>\n\t\t<\/div>\n\t\t\t\t<div class=\"elementor-column elementor-col-50 elementor-inner-column elementor-element elementor-element-4e1d5bf\" data-id=\"4e1d5bf\" data-element_type=\"column\">\n\t\t\t<div class=\"elementor-widget-wrap elementor-element-populated\">\n\t\t\t\t\t\t\t\t<div class=\"elementor-element elementor-element-9a7da2b elementor-widget elementor-widget-heading\" data-id=\"9a7da2b\" data-element_type=\"widget\" data-widget_type=\"heading.default\">\n\t\t\t\t<div class=\"elementor-widget-container\">\n\t\t\t<div class=\"elementor-heading-title elementor-size-default\">Adres<\/div>\t\t<\/div>\n\t\t\t\t<\/div>\n\t\t\t\t<div class=\"elementor-element elementor-element-02e77b9 elementor-widget elementor-widget-text-editor\" data-id=\"02e77b9\" data-element_type=\"widget\" data-widget_type=\"text-editor.default\">\n\t\t\t\t<div class=\"elementor-widget-container\">\n\t\t\t\t\t\t\t<p><strong>VakifBank International AG, K\u00f6ln \u015eubesi<\/strong><\/p><p>Alter Markt 54<\/p><p>50667 K\u00f6ln<\/p><p><strong>Vak\u0131fBank International AG, <\/strong><strong>Frankfurt \u015eubesi<\/strong><\/p><p>Mainzer Landstra\u00dfe 69-71<\/p><p>60329 Frankfurt<\/p>\t\t\t\t\t\t<\/div>\n\t\t\t\t<\/div>\n\t\t\t\t\t<\/div>\n\t\t<\/div>\n\t\t\t\t\t\t\t<\/div>\n\t\t<\/section>\n\t\t\t\t<section class=\"elementor-section elementor-inner-section elementor-element elementor-element-0e4b5a0 elementor-section-boxed elementor-section-height-default elementor-section-height-default\" data-id=\"0e4b5a0\" data-element_type=\"section\">\n\t\t\t\t\t\t<div class=\"elementor-container elementor-column-gap-default\">\n\t\t\t\t\t<div class=\"elementor-column elementor-col-50 elementor-inner-column elementor-element elementor-element-91b39ca\" data-id=\"91b39ca\" data-element_type=\"column\">\n\t\t\t<div class=\"elementor-widget-wrap elementor-element-populated\">\n\t\t\t\t\t\t\t\t<div class=\"elementor-element elementor-element-82017ec elementor-widget elementor-widget-heading\" data-id=\"82017ec\" data-element_type=\"widget\" data-widget_type=\"heading.default\">\n\t\t\t\t<div class=\"elementor-widget-container\">\n\t\t\t<div class=\"elementor-heading-title elementor-size-default\">\u00c7al\u0131\u015fma saatlerimiz<\/div>\t\t<\/div>\n\t\t\t\t<\/div>\n\t\t\t\t<div class=\"elementor-element elementor-element-a40fea0 elementor-widget__width-auto elementor-widget elementor-widget-text-editor\" data-id=\"a40fea0\" data-element_type=\"widget\" data-widget_type=\"text-editor.default\">\n\t\t\t\t<div class=\"elementor-widget-container\">\n\t\t\t\t\t\t\t<p>Pazartesi:<\/p><p>Sal\u0131<\/p><p>\u00c7ar\u015famba :<\/p><p>Per\u015fembe:<\/p><p>Cuma:<\/p>\t\t\t\t\t\t<\/div>\n\t\t\t\t<\/div>\n\t\t\t\t<div class=\"elementor-element elementor-element-7844eae elementor-widget__width-auto elementor-widget elementor-widget-text-editor\" data-id=\"7844eae\" data-element_type=\"widget\" data-widget_type=\"text-editor.default\">\n\t\t\t\t<div class=\"elementor-widget-container\">\n\t\t\t\t\t\t\t<p>08:30-12:30 | 13:30-16:30<\/p><p>08:30-12:30 | 13:30-16:30<\/p><p>08:30-12:30 | 13:30-16:30<\/p><p>08:30-12:30 | 13:30-17:30<\/p><p>08:30-12:30 | 13:30-16:00<\/p>\t\t\t\t\t\t<\/div>\n\t\t\t\t<\/div>\n\t\t\t\t\t<\/div>\n\t\t<\/div>\n\t\t\t\t<div class=\"elementor-column elementor-col-50 elementor-inner-column elementor-element elementor-element-df34e34\" data-id=\"df34e34\" data-element_type=\"column\">\n\t\t\t<div class=\"elementor-widget-wrap elementor-element-populated\">\n\t\t\t\t\t\t\t\t<div class=\"elementor-element elementor-element-3824718 elementor-widget elementor-widget-heading\" data-id=\"3824718\" data-element_type=\"widget\" data-widget_type=\"heading.default\">\n\t\t\t\t<div class=\"elementor-widget-container\">\n\t\t\t<h2 class=\"elementor-heading-title elementor-size-default\">\u0130leti\u015fim Formu<\/h2>\t\t<\/div>\n\t\t\t\t<\/div>\n\t\t\t\t<div class=\"elementor-element elementor-element-c137d80 elementor-align-left elementor-mobile-align-left elementor-tablet-align-left elementor-widget elementor-widget-button\" data-id=\"c137d80\" data-element_type=\"widget\" data-widget_type=\"button.default\">\n\t\t\t\t<div class=\"elementor-widget-container\">\n\t\t\t\t\t<div class=\"elementor-button-wrapper\">\n\t\t\t<a class=\"elementor-button elementor-button-link elementor-size-sm\" href=\"https:\/\/vakifbankde.esme-it.at\/tr\/schreiben-sie-uns\/\">\n\t\t\t\t\t\t<span class=\"elementor-button-content-wrapper\">\n\t\t\t\t\t\t<span class=\"elementor-button-icon elementor-align-icon-right\">\n\t\t\t\t<i aria-hidden=\"true\" class=\"fas fa-arrow-right\"><\/i>\t\t\t<\/span>\n\t\t\t\t\t\t<span class=\"elementor-button-text\">Bize yaz\u0131n<\/span>\n\t\t<\/span>\n\t\t\t\t\t<\/a>\n\t\t<\/div>\n\t\t\t\t<\/div>\n\t\t\t\t<\/div>\n\t\t\t\t\t<\/div>\n\t\t<\/div>\n\t\t\t\t\t\t\t<\/div>\n\t\t<\/section>\n\t\t\t\t\t<\/div>\n\t\t<\/div>\n\t\t\t\t\t\t\t<\/div>\n\t\t<\/section>\n\t\t\t\t\t<\/div>\n\t\t<\/div>\n\t\t\t\t\t\t\t<\/div>\n\t\t<\/section>\n\t\t\t\t\t\t\t<\/div>","protected":false},"excerpt":{"rendered":"<p>Girokonto Transparent und klar &#8211; Gute Gesch\u00e4fte mit dem passendem Konto Interesse an einem Girokonto? Er\u00f6ffnen Sie Ihr Girokonto in unserer Filiale und profitieren Sie von unseren g\u00fcnstigen Transaktionsgeb\u00fchren. Unsere Filliale VakifBank International AG, Zweigniederlassung Deutschland Alter Markt 54 50667 K\u00f6ln VakifBank International AG, Filiale Frankfurt am Main Mainzer Landstra\u00dfe 69-71 60329 Frankfurt am Main [&hellip;]<\/p>","protected":false},"author":3,"featured_media":0,"parent":955,"menu_order":0,"comment_status":"closed","ping_status":"closed","template":"elementor_header_footer","meta":{"_uag_custom_page_level_css":"","footnotes":""},"class_list":["post-587","page","type-page","status-publish","hentry"],"uagb_featured_image_src":{"full":false,"thumbnail":false,"medium":false,"medium_large":false,"large":false,"1536x1536":false,"2048x2048":false,"trp-custom-language-flag":false},"uagb_author_info":{"display_name":"caner","author_link":"https:\/\/vakifbankde.esme-it.at\/tr\/author\/caner\/"},"uagb_comment_info":0,"uagb_excerpt":"Girokonto Transparent und klar &#8211; Gute Gesch\u00e4fte mit dem passendem Konto Interesse an einem Girokonto? Er\u00f6ffnen Sie Ihr Girokonto in unserer Filiale und profitieren Sie von unseren g\u00fcnstigen Transaktionsgeb\u00fchren. Unsere Filliale VakifBank International AG, Zweigniederlassung Deutschland Alter Markt 54 50667 K\u00f6ln VakifBank International AG, Filiale Frankfurt am Main Mainzer Landstra\u00dfe 69-71 60329 Frankfurt am Main&hellip;","_links":{"self":[{"href":"https:\/\/vakifbankde.esme-it.at\/tr\/wp-json\/wp\/v2\/pages\/587","targetHints":{"allow":["GET"]}}],"collection":[{"href":"https:\/\/vakifbankde.esme-it.at\/tr\/wp-json\/wp\/v2\/pages"}],"about":[{"href":"https:\/\/vakifbankde.esme-it.at\/tr\/wp-json\/wp\/v2\/types\/page"}],"author":[{"embeddable":true,"href":"https:\/\/vakifbankde.esme-it.at\/tr\/wp-json\/wp\/v2\/users\/3"}],"replies":[{"embeddable":true,"href":"https:\/\/vakifbankde.esme-it.at\/tr\/wp-json\/wp\/v2\/comments?post=587"}],"version-history":[{"count":100,"href":"https:\/\/vakifbankde.esme-it.at\/tr\/wp-json\/wp\/v2\/pages\/587\/revisions"}],"predecessor-version":[{"id":3079,"href":"https:\/\/vakifbankde.esme-it.at\/tr\/wp-json\/wp\/v2\/pages\/587\/revisions\/3079"}],"up":[{"embeddable":true,"href":"https:\/\/vakifbankde.esme-it.at\/tr\/wp-json\/wp\/v2\/pages\/955"}],"wp:attachment":[{"href":"https:\/\/vakifbankde.esme-it.at\/tr\/wp-json\/wp\/v2\/media?parent=587"}],"curies":[{"name":"wp","href":"https:\/\/api.w.org\/{rel}","templated":true}]}}