{"id":409,"date":"2022-12-19T16:25:24","date_gmt":"2022-12-19T15:25:24","guid":{"rendered":"https:\/\/vakifbankde.esme-it.at\/?page_id=409"},"modified":"2023-05-30T10:42:56","modified_gmt":"2023-05-30T08:42:56","slug":"information-zum-festgeldkonto-fur-firmenkunden","status":"publish","type":"page","link":"https:\/\/vakifbankde.esme-it.at\/tr\/information-zum-festgeldkonto-fur-firmenkunden\/","title":{"rendered":"Kurumsal m\u00fc\u015fteriler i\u00e7in sabit vadeli mevduat hesab\u0131 hakk\u0131nda bilgi"},"content":{"rendered":"<div data-elementor-type=\"wp-page\" data-elementor-id=\"409\" class=\"elementor elementor-409\">\n\t\t\t\t\t\t\t\t\t<section class=\"elementor-section elementor-top-section elementor-element elementor-element-4a79111 elementor-section-boxed elementor-section-height-default elementor-section-height-default\" data-id=\"4a79111\" data-element_type=\"section\">\n\t\t\t\t\t\t<div class=\"elementor-container elementor-column-gap-default\">\n\t\t\t\t\t<div class=\"elementor-column elementor-col-100 elementor-top-column elementor-element elementor-element-2786f08\" data-id=\"2786f08\" data-element_type=\"column\">\n\t\t\t<div class=\"elementor-widget-wrap elementor-element-populated\">\n\t\t\t\t\t\t\t\t<div class=\"elementor-element elementor-element-b02f53c elementor-widget elementor-widget-heading\" data-id=\"b02f53c\" data-element_type=\"widget\" data-widget_type=\"heading.default\">\n\t\t\t\t<div class=\"elementor-widget-container\">\n\t\t\t<style>\/*! elementor - v3.14.0 - 26-06-2023 *\/\n.elementor-heading-title{padding:0;margin:0;line-height:1}.elementor-widget-heading .elementor-heading-title[class*=elementor-size-]>a{color:inherit;font-size:inherit;line-height:inherit}.elementor-widget-heading .elementor-heading-title.elementor-size-small{font-size:15px}.elementor-widget-heading .elementor-heading-title.elementor-size-medium{font-size:19px}.elementor-widget-heading .elementor-heading-title.elementor-size-large{font-size:29px}.elementor-widget-heading .elementor-heading-title.elementor-size-xl{font-size:39px}.elementor-widget-heading .elementor-heading-title.elementor-size-xxl{font-size:59px}<\/style><h1 class=\"elementor-heading-title elementor-size-default\">\nKurumsal m\u00fc\u015fteriler i\u00e7in sabit vadeli mevduat hesab\u0131 hakk\u0131nda bilgi\n\n<\/h1>\t\t<\/div>\n\t\t\t\t<\/div>\n\t\t\t\t<div class=\"elementor-element elementor-element-3689b189 elementor-widget elementor-widget-text-editor\" data-id=\"3689b189\" data-element_type=\"widget\" data-widget_type=\"text-editor.default\">\n\t\t\t\t<div class=\"elementor-widget-container\">\n\t\t\t<style>\/*! elementor - v3.14.0 - 26-06-2023 *\/\n.elementor-widget-text-editor.elementor-drop-cap-view-stacked .elementor-drop-cap{background-color:#69727d;color:#fff}.elementor-widget-text-editor.elementor-drop-cap-view-framed .elementor-drop-cap{color:#69727d;border:3px solid;background-color:transparent}.elementor-widget-text-editor:not(.elementor-drop-cap-view-default) .elementor-drop-cap{margin-top:8px}.elementor-widget-text-editor:not(.elementor-drop-cap-view-default) .elementor-drop-cap-letter{width:1em;height:1em}.elementor-widget-text-editor .elementor-drop-cap{float:left;text-align:center;line-height:1;font-size:50px}.elementor-widget-text-editor .elementor-drop-cap-letter{display:inline-block}<\/style>\t\t\t\t<p><!-- wp:heading --><\/p>\n<h2>Vadeli mevduatlar i\u00e7in \u00f6zel ko\u015fullar<\/h2>\n<p><!-- \/wp:heading --><!-- wp:heading {\"level\":3} --><\/p>\n<h3>Hesap a\u00e7ma<\/h3>\n<p><!-- \/wp:heading --><!-- wp:paragraph --><\/p>\n<p>Hesaplar sadece \u015firketi temsil etmeye yetkili ki\u015filer taraf\u0131ndan a\u00e7\u0131labilir (Vak\u0131fBank ile e-posta yoluyla ileti\u015fime ge\u00e7tikten sonra\u00a0<a>infokoeln@vakifbankde.esme-it.at<\/a>+49 221 280 64 67 0) numaral\u0131 telefondan, a\u015fa\u011f\u0131daki adreste bulunan \u015fubemizden <strong>Alter Markt 54, 50667 K\u00f6ln <\/strong>ya da \u015fubemizde, <strong>Mainzer Landstra\u00dfe 69-71, D-60329, Frankfurt am Main<\/strong>\u00a0 \u015fahsen yap\u0131lmal\u0131d\u0131r.<\/p>\n<p><!-- \/wp:paragraph --><!-- wp:heading {\"level\":3} --><\/p>\n<h3>Yat\u0131r\u0131m tutar\u0131<\/h3>\n<p><!-- \/wp:heading --><!-- wp:paragraph --><\/p>\n<p>50.000 Avro ila 2.000.000 Avro veya ABD Dolar\u0131 e\u015fde\u011feri<\/p>\n<p><!-- \/wp:paragraph --><!-- wp:heading {\"level\":3} --><\/p>\n<h3>Mevduat t\u00fcr\u00fc ve hesap y\u00f6netimi<\/h3>\n<p><!-- \/wp:heading --><!-- wp:list --><\/p>\n<ul>\n<li style=\"list-style-type: none;\">\n<ul><!-- wp:list-item --><\/ul>\n<\/li>\n<\/ul>\n<p>\u00a0<\/p>\n<ul>\n<li style=\"list-style-type: none;\">\n<ul>\n<li>Mevduat, kararla\u015ft\u0131r\u0131lm\u0131\u015f bir vadesi ve sabit bir faiz oran\u0131 olan vadeli bir mevduatt\u0131r.<\/li>\n<\/ul>\n<\/li>\n<\/ul>\n<p><!-- \/wp:list-item --><!-- wp:list-item --><\/p>\n<ul>\n<li style=\"list-style-type: none;\">\n<ul>\n<li>D\u00f6nem i\u00e7inde yap\u0131lan ek \u00f6demeler ve k\u0131smi para \u00e7ekme i\u015flemleri hari\u00e7tir.<\/li>\n<\/ul>\n<\/li>\n<\/ul>\n<p><!-- \/wp:list-item --><!-- wp:list-item --><\/p>\n<ul>\n<li style=\"list-style-type: none;\">\n<ul>\n<li>Minimum s\u00fcre 6 ayd\u0131r.<\/li>\n<\/ul>\n<\/li>\n<\/ul>\n<p><!-- \/wp:list-item --><!-- wp:list-item --><\/p>\n<ul>\n<li style=\"list-style-type: none;\">\n<ul>\n<li>Vade tarihinden bir i\u015f g\u00fcn\u00fc \u00f6ncesine kadar aksi y\u00f6nde talimat vermedi\u011finiz s\u00fcrece, mevduat vade tarihinde ayn\u0131 vade ve o tarihte ge\u00e7erli olan faiz oran\u0131 ile yenilenecektir.<\/li>\n<\/ul>\n<\/li>\n<\/ul>\n<p><!-- \/wp:list-item --><!-- wp:list-item --><\/p>\n<ul>\n<li style=\"list-style-type: none;\">\n<ul>\n<li>Hesap y\u00f6netimi i\u00e7in herhangi bir masraf veya \u00fccret al\u0131nmaz.<\/li>\n<li>Yasal nihai stopaj vergileri ve varsa kilise vergisi, \u00f6denecek faizden kesilir ve muafiyet emri yoksa vergi dairesine \u00f6denir.<\/li>\n<\/ul>\n<\/li>\n<\/ul>\n<p><!-- \/wp:list-item --><!-- wp:list-item --><\/p>\n<ul>\n<li style=\"list-style-type: none;\">\u00a0<\/li>\n<\/ul>\n<p><!-- \/wp:list-item --><\/p>\n<p><!-- \/wp:list --><!-- wp:heading {\"level\":3} --><\/p>\n<h3>Faiz<\/h3>\n<p><!-- \/wp:heading --><!-- wp:list --><\/p>\n<ul>\n<li style=\"list-style-type: none;\">\n<ul><!-- wp:list-item --><\/ul>\n<\/li>\n<\/ul>\n<p>\u00a0<\/p>\n<ul>\n<li style=\"list-style-type: none;\">\n<ul>\n<li>Mevduat faizi kararla\u015ft\u0131r\u0131lan vade i\u00e7in sabittir.<\/li>\n<\/ul>\n<\/li>\n<\/ul>\n<p><!-- \/wp:list-item --><!-- wp:list-item --><\/p>\n<ul>\n<li style=\"list-style-type: none;\">\n<ul>\n<li>Uzla\u015f\u0131lan faiz, m\u00fc\u015fteri taraf\u0131ndan uzla\u015ft\u0131rma hesab\u0131nda kullan\u0131labilir.<\/li>\n<\/ul>\n<\/li>\n<\/ul>\n<p><!-- \/wp:list-item --><\/p>\n<p><!-- \/wp:list --><!-- wp:heading {\"level\":3} --><\/p>\n<h3>Hesap kapatma<\/h3>\n<p><!-- \/wp:heading --><!-- wp:list --><\/p>\n<ul>\n<li style=\"list-style-type: none;\">\n<ul><!-- wp:list-item --><\/ul>\n<\/li>\n<\/ul>\n<p>\u00a0<\/p>\n<ul>\n<li style=\"list-style-type: none;\">\n<ul>\n<li>M\u00fc\u015fteriden yaz\u0131l\u0131 bir sipari\u015f al\u0131nd\u0131\u011f\u0131nda depozito \u00f6denir ve ilgili hesap kapat\u0131l\u0131r.<\/li>\n<\/ul>\n<\/li>\n<\/ul>\n<p><!-- \/wp:list-item --><!-- wp:list-item --><\/p>\n<ul>\n<li style=\"list-style-type: none;\">\n<ul>\n<li>Hesab\u0131n erken kapat\u0131lmas\u0131 durumunda, kararla\u015ft\u0131r\u0131lan faiz oran\u0131 yerine halihaz\u0131rda yat\u0131r\u0131lm\u0131\u015f olan vade i\u00e7in 0,01% faiz oran\u0131 \u00f6denecektir.<\/li>\n<\/ul>\n<\/li>\n<\/ul>\n<p><!-- \/wp:list-item --><\/p>\n<p><!-- \/wp:list --><!-- wp:heading {\"level\":1} --><\/p>\n<p><!-- \/wp:heading --><!-- wp:heading {\"level\":3} --><\/p>\n<h3>Genel h\u00fck\u00fcm ve ko\u015fullar<\/h3>\n<p><!-- \/wp:heading --><!-- wp:paragraph --><\/p>\n<p>Ek olarak a\u015fa\u011f\u0131dakiler de ge\u00e7erlidir\u00a0<a href=\"https:\/\/vakifbankde.esme-it.at\/tr\/agb\/\">Genel h\u00fck\u00fcm ve ko\u015fullar<\/a> Vak\u0131fBank International AG. \u015fubesinde <strong>Alter Markt 54, 50667 K\u00f6ln <\/strong>adresindeki \u015fubeden veya <strong>Mainzer Landstra\u00dfe 69-71, D-60329, Frankfurt am Main<\/strong>.<\/p>\n<p><!-- \/wp:paragraph --><\/p>\t\t\t\t\t\t<\/div>\n\t\t\t\t<\/div>\n\t\t\t\t\t<\/div>\n\t\t<\/div>\n\t\t\t\t\t\t\t<\/div>\n\t\t<\/section>\n\t\t\t\t\t\t\t<\/div>","protected":false},"excerpt":{"rendered":"<p>Information zum Festgeldkonto f\u00fcr Firmenkunden Besondere Bedingungen f\u00fcr Termingeldeinlagen Kontoer\u00f6ffnung Kontoer\u00f6ffnungen k\u00f6nnen nur durch vertretungsbefugte Personen des Unternehmens (nach Kontaktaufnahme mit der VakifBank mittels Email unter\u00a0infokoeln@vakifbankde.esme-it.at, telefonisch unter der Nummer +49 221 280 64 67 0), in unserer Zweigniederlassung am Alter Markt 54, 50667 K\u00f6ln oder in unserer Filiale, Mainzer Landstra\u00dfe 69-71, D-60329, Frankfurt am [&hellip;]<\/p>","protected":false},"author":1,"featured_media":0,"parent":0,"menu_order":0,"comment_status":"closed","ping_status":"closed","template":"elementor_header_footer","meta":{"_uag_custom_page_level_css":"","footnotes":""},"class_list":["post-409","page","type-page","status-publish","hentry"],"uagb_featured_image_src":{"full":false,"thumbnail":false,"medium":false,"medium_large":false,"large":false,"1536x1536":false,"2048x2048":false,"trp-custom-language-flag":false},"uagb_author_info":{"display_name":"meisterkoch840","author_link":"https:\/\/vakifbankde.esme-it.at\/tr\/author\/meisterkoch840\/"},"uagb_comment_info":0,"uagb_excerpt":"Information zum Festgeldkonto f\u00fcr Firmenkunden Besondere Bedingungen f\u00fcr Termingeldeinlagen Kontoer\u00f6ffnung Kontoer\u00f6ffnungen k\u00f6nnen nur durch vertretungsbefugte Personen des Unternehmens (nach Kontaktaufnahme mit der VakifBank mittels Email unter\u00a0infokoeln@vakifbankde.esme-it.at, telefonisch unter der Nummer +49 221 280 64 67 0), in unserer Zweigniederlassung am Alter Markt 54, 50667 K\u00f6ln oder in unserer Filiale, Mainzer Landstra\u00dfe 69-71, D-60329, Frankfurt am&hellip;","_links":{"self":[{"href":"https:\/\/vakifbankde.esme-it.at\/tr\/wp-json\/wp\/v2\/pages\/409","targetHints":{"allow":["GET"]}}],"collection":[{"href":"https:\/\/vakifbankde.esme-it.at\/tr\/wp-json\/wp\/v2\/pages"}],"about":[{"href":"https:\/\/vakifbankde.esme-it.at\/tr\/wp-json\/wp\/v2\/types\/page"}],"author":[{"embeddable":true,"href":"https:\/\/vakifbankde.esme-it.at\/tr\/wp-json\/wp\/v2\/users\/1"}],"replies":[{"embeddable":true,"href":"https:\/\/vakifbankde.esme-it.at\/tr\/wp-json\/wp\/v2\/comments?post=409"}],"version-history":[{"count":29,"href":"https:\/\/vakifbankde.esme-it.at\/tr\/wp-json\/wp\/v2\/pages\/409\/revisions"}],"predecessor-version":[{"id":3144,"href":"https:\/\/vakifbankde.esme-it.at\/tr\/wp-json\/wp\/v2\/pages\/409\/revisions\/3144"}],"wp:attachment":[{"href":"https:\/\/vakifbankde.esme-it.at\/tr\/wp-json\/wp\/v2\/media?parent=409"}],"curies":[{"name":"wp","href":"https:\/\/api.w.org\/{rel}","templated":true}]}}