{"id":406,"date":"2022-12-19T16:22:23","date_gmt":"2022-12-19T15:22:23","guid":{"rendered":"https:\/\/vakifbankde.esme-it.at\/?page_id=406"},"modified":"2023-05-30T16:07:03","modified_gmt":"2023-05-30T14:07:03","slug":"information-zum-festgeldkonto-fur-privatkunden","status":"publish","type":"page","link":"https:\/\/vakifbankde.esme-it.at\/tr\/privatkunden\/information-zum-festgeldkonto-fur-privatkunden\/","title":{"rendered":"\u00d6zel m\u00fc\u015fteriler i\u00e7in sabit vadeli mevduat hesab\u0131 hakk\u0131nda bilgi"},"content":{"rendered":"<div data-elementor-type=\"wp-page\" data-elementor-id=\"406\" class=\"elementor elementor-406\">\n\t\t\t\t\t\t\t\t\t<section class=\"elementor-section elementor-top-section elementor-element elementor-element-13491b8 elementor-section-boxed elementor-section-height-default elementor-section-height-default\" data-id=\"13491b8\" data-element_type=\"section\">\n\t\t\t\t\t\t<div class=\"elementor-container elementor-column-gap-default\">\n\t\t\t\t\t<div class=\"elementor-column elementor-col-100 elementor-top-column elementor-element elementor-element-0026323\" data-id=\"0026323\" data-element_type=\"column\">\n\t\t\t<div class=\"elementor-widget-wrap elementor-element-populated\">\n\t\t\t\t\t\t\t\t<div class=\"elementor-element elementor-element-2c99b11 elementor-widget elementor-widget-heading\" data-id=\"2c99b11\" data-element_type=\"widget\" data-widget_type=\"heading.default\">\n\t\t\t\t<div class=\"elementor-widget-container\">\n\t\t\t<style>\/*! elementor - v3.14.0 - 26-06-2023 *\/\n.elementor-heading-title{padding:0;margin:0;line-height:1}.elementor-widget-heading .elementor-heading-title[class*=elementor-size-]>a{color:inherit;font-size:inherit;line-height:inherit}.elementor-widget-heading .elementor-heading-title.elementor-size-small{font-size:15px}.elementor-widget-heading .elementor-heading-title.elementor-size-medium{font-size:19px}.elementor-widget-heading .elementor-heading-title.elementor-size-large{font-size:29px}.elementor-widget-heading .elementor-heading-title.elementor-size-xl{font-size:39px}.elementor-widget-heading .elementor-heading-title.elementor-size-xxl{font-size:59px}<\/style><h1 class=\"elementor-heading-title elementor-size-default\">\u00d6zel m\u00fc\u015fteriler i\u00e7in sabit vadeli mevduat hesab\u0131 hakk\u0131nda bilgi\n<\/h1>\t\t<\/div>\n\t\t\t\t<\/div>\n\t\t\t\t<div class=\"elementor-element elementor-element-460e991a elementor-widget elementor-widget-text-editor\" data-id=\"460e991a\" data-element_type=\"widget\" data-widget_type=\"text-editor.default\">\n\t\t\t\t<div class=\"elementor-widget-container\">\n\t\t\t<style>\/*! elementor - v3.14.0 - 26-06-2023 *\/\n.elementor-widget-text-editor.elementor-drop-cap-view-stacked .elementor-drop-cap{background-color:#69727d;color:#fff}.elementor-widget-text-editor.elementor-drop-cap-view-framed .elementor-drop-cap{color:#69727d;border:3px solid;background-color:transparent}.elementor-widget-text-editor:not(.elementor-drop-cap-view-default) .elementor-drop-cap{margin-top:8px}.elementor-widget-text-editor:not(.elementor-drop-cap-view-default) .elementor-drop-cap-letter{width:1em;height:1em}.elementor-widget-text-editor .elementor-drop-cap{float:left;text-align:center;line-height:1;font-size:50px}.elementor-widget-text-editor .elementor-drop-cap-letter{display:inline-block}<\/style>\t\t\t\t<!-- wp:heading -->\n<h2>Yat\u0131r\u0131m ba\u015far\u0131n\u0131z\u0131 g\u00fcvence alt\u0131na al\u0131n<\/h2>\n<!-- \/wp:heading --><!-- wp:paragraph -->\n<p>VakifBank International AG'nin vadeli mevduat hesab\u0131, bireysel ihtiya\u00e7lar\u0131n\u0131z i\u00e7in ideal bir yat\u0131r\u0131md\u0131r! Siz 3 ay ile 5 y\u0131l aras\u0131nda istedi\u011finiz vadeyi belirleyin, biz size sabit faiz garantisi ile tamamen risksiz bir getiri sunal\u0131m. Tek seferde yat\u0131raca\u011f\u0131n\u0131z 5.000 Euro ile rakipsiz ko\u015fullar\u0131m\u0131z\u0131 g\u00fcvence alt\u0131na alabilirsiniz!<\/p>\n<!-- \/wp:paragraph --><!-- wp:heading -->\n<h2>Vadeli mevduatlar i\u00e7in \u00f6zel ko\u015fullar<\/h2>\n<!-- \/wp:heading --><!-- wp:heading {\"level\":3} -->\n<h3>Yat\u0131r\u0131m tutar\u0131<\/h3>\n<!-- \/wp:heading --><!-- wp:paragraph -->\n<p>Minimum yat\u0131r\u0131m tutar\u0131 olan 5.000 avronun \u00f6tesinde, istedi\u011finiz yat\u0131r\u0131m tutar\u0131n\u0131 \u00f6zg\u00fcrce se\u00e7ebilirsiniz.<\/p>\n<!-- \/wp:paragraph --><!-- wp:heading {\"level\":3} -->\n<h3>Mevduat t\u00fcr\u00fc ve hesap y\u00f6netimi<\/h3>\n<!-- \/wp:heading --><!-- wp:list -->\n<ul><!-- wp:list-item -->\n<li>Mevduat, kararla\u015ft\u0131r\u0131lm\u0131\u015f bir vadesi ve sabit bir faiz oran\u0131 olan vadeli bir mevduatt\u0131r.<\/li>\n<!-- \/wp:list-item --><!-- wp:list-item -->\n<li>D\u00f6nem i\u00e7inde yap\u0131lan ek \u00f6demeler ve k\u0131smi para \u00e7ekme i\u015flemleri hari\u00e7tir.<\/li>\n<!-- \/wp:list-item --><!-- wp:list-item -->\n<li>Minimum s\u00fcre 3 ayd\u0131r.<\/li>\n<!-- \/wp:list-item --><!-- wp:list-item -->\n<li>Vade tarihinden bir i\u015f g\u00fcn\u00fc \u00f6ncesine kadar aksi y\u00f6nde talimat vermedi\u011finiz s\u00fcrece, mevduat vade tarihinde ayn\u0131 vade ve o tarihte ge\u00e7erli olan faiz oran\u0131 ile yenilenecektir.<\/li>\n<!-- \/wp:list-item --><!-- wp:list-item -->\n<li>Hesap y\u00f6netimi i\u00e7in herhangi bir masraf veya \u00fccret al\u0131nmaz.<\/li>\n<!-- \/wp:list-item --><!-- wp:list-item -->\n<li>Yasal nihai stopaj vergileri ve varsa kilise vergisi, \u00f6denecek faizden kesilir ve muafiyet emri yoksa vergi dairesine \u00f6denir.<\/li>\n<!-- \/wp:list-item --><\/ul>\n<!-- \/wp:list --><!-- wp:heading {\"level\":3} -->\n<h3>Faiz<\/h3>\n<!-- \/wp:heading --><!-- wp:list -->\n<ul><!-- wp:list-item -->\n<li>Mevduat faizi kararla\u015ft\u0131r\u0131lan vade i\u00e7in sabittir.<\/li>\n<!-- \/wp:list-item --><!-- wp:list-item -->\n<li>Uzla\u015f\u0131lan faiz, m\u00fc\u015fteri taraf\u0131ndan uzla\u015ft\u0131rma hesab\u0131nda kullan\u0131labilir.<\/li>\n<!-- \/wp:list-item --><\/ul>\n<!-- \/wp:list --><!-- wp:heading {\"level\":3} -->\n<h3>Hesap kapatma<\/h3>\n<!-- \/wp:heading --><!-- wp:list -->\n<ul><!-- wp:list-item -->\n<li>M\u00fc\u015fteriden yaz\u0131l\u0131 bir sipari\u015f al\u0131nd\u0131\u011f\u0131nda depozito \u00f6denir ve ilgili hesap kapat\u0131l\u0131r.<\/li>\n<!-- \/wp:list-item --><!-- wp:list-item -->\n<li>Hesab\u0131n erken kapat\u0131lmas\u0131 durumunda, kararla\u015ft\u0131r\u0131lan faiz oran\u0131 yerine halihaz\u0131rda yat\u0131r\u0131lm\u0131\u015f olan vade i\u00e7in 0,01% faiz oran\u0131 \u00f6denecektir.<\/li>\n<!-- \/wp:list-item --><\/ul>\n<h3>Vadeli mevduat ve vadesiz para i\u00e7in h\u00fck\u00fcm ve ko\u015fullar<\/h3>\n<p>Bilgi: <a href=\"https:\/\/vakifbankde.esme-it.at\/tr\/glossar-und-bedingungen\/\">Vadeli mevduat ve vadesiz para i\u00e7in h\u00fck\u00fcm ve ko\u015fullar<\/a><\/p>\n<!-- \/wp:list --><!-- wp:heading {\"level\":3} -->\n<h3>Mevduat sigortas\u0131 ve yat\u0131r\u0131mc\u0131 tazminat\u0131<\/h3>\n<!-- \/wp:heading --><!-- wp:paragraph -->\n<p>MEVDUAT SIGORTASI VE YATIRIMCI TAZMINATI HAKKINDA BILGI<br \/><br \/>Avusturya'da Avusturya Bankac\u0131l\u0131k Kanunu'nda (BWG) uygulanan AB direktifleri nedeniyle, teminat gerektiren mevduatlar\u0131 kabul eden veya teminat gerektiren menkul k\u0131ymet hizmetleri sunan her kredi kurulu\u015fu yasal olarak bir koruma program\u0131na dahil olmak zorundad\u0131r.<br \/><br \/>VakifBank International AG, Einlagensicherung AUSTRIA GesmbH'nin bir \u00fcyesidir. \u015eirket, maksimum 100.000 Euro'ya kadar olan mevduatlar\u0131n \u00f6denmesini bir koruma plan\u0131 olarak garanti eder. Bilgileriniz i\u00e7in t\u00fcm detaylar\u0131 i\u00e7eren yasal metni \u015fubelerimizden temin edebilirsiniz.<\/p>\n<!-- \/wp:paragraph --><!-- wp:paragraph -->\n<p>Mevduat korumas\u0131 ve yat\u0131r\u0131mc\u0131 tazminat\u0131 muafiyetleri \u00a7 10 para. 1 no. 3 ve \u00a7 47 para. 2 ESAEG'de bulunabilir.<\/p>\n<!-- \/wp:paragraph --><!-- wp:paragraph -->\n<p><br \/>Daha fazla bilgi i\u00e7in:<\/p>\n<!-- \/wp:paragraph --><!-- wp:paragraph -->\n<p><a href=\"https:\/\/vakifbankde.esme-it.at\/tr\/fileadmin\/user_upload\/docs\/Einlagensicherungs- und Anlegerentschadigungsgesetz ? ESAEG.pdf\/\" target=\"_blank\" rel=\"noreferrer noopener\">Mevduat Garantisi ve Yat\u0131r\u0131mc\u0131 Tazminat Yasas\u0131 (ESAEG)<\/a><br \/><a href=\"https:\/\/vakifbankde.esme-it.at\/tr\/fileadmin\/user_upload\/docs\/Informationsbogen f?r den Einleger.pdf\/\" target=\"_blank\" rel=\"noreferrer noopener\">Mevduat sahibi i\u00e7in bilgi formu<\/a><br \/><a href=\"http:\/\/www.einlagensicherung.at\/\" target=\"_blank\" rel=\"noreferrer noopener\">www.einlagensicherung.at<\/a><\/p>\n<!-- \/wp:paragraph --><!-- wp:heading {\"level\":3} -->\n<h3>Genel h\u00fck\u00fcm ve ko\u015fullar<\/h3>\n<!-- \/wp:heading --><!-- wp:paragraph -->\n<p>Ek olarak a\u015fa\u011f\u0131dakiler de ge\u00e7erlidir\u00a0<a href=\"https:\/\/vakifbankde.esme-it.at\/tr\/agb\/\">Genel h\u00fck\u00fcm ve ko\u015fullar<\/a> ve <em>Vak\u0131fBank<\/em> Uluslararas\u0131 AG. Yarg\u0131 yeri Frankfurt am Main'dir.<\/p>\n<!-- \/wp:paragraph -->\t\t\t\t\t\t<\/div>\n\t\t\t\t<\/div>\n\t\t\t\t\t<\/div>\n\t\t<\/div>\n\t\t\t\t\t\t\t<\/div>\n\t\t<\/section>\n\t\t\t\t\t\t\t<\/div>","protected":false},"excerpt":{"rendered":"<p>Information zum Festgeldkonto f\u00fcr Privatkunden Sichern Sie sich Ihren Veranlagungserfolg Das Termingeldkonto der VakifBank International AG ist die ideale Veranlagung f\u00fcr Ihre individuellen Bed\u00fcrfnisse! Sie bestimmen die gew\u00fcnschte Laufzeit zwischen 3 Monaten und 5 Jahren und wir bieten Ihnen einen absolut risikofreien Ertrag mit Fixzinsgarantie. Schon ab einem einmaligen Einzahlungsbetrag von nur 5.000 Euro k\u00f6nnen [&hellip;]<\/p>","protected":false},"author":1,"featured_media":0,"parent":544,"menu_order":0,"comment_status":"closed","ping_status":"closed","template":"elementor_header_footer","meta":{"_uag_custom_page_level_css":"","footnotes":""},"class_list":["post-406","page","type-page","status-publish","hentry"],"uagb_featured_image_src":{"full":false,"thumbnail":false,"medium":false,"medium_large":false,"large":false,"1536x1536":false,"2048x2048":false,"trp-custom-language-flag":false},"uagb_author_info":{"display_name":"meisterkoch840","author_link":"https:\/\/vakifbankde.esme-it.at\/tr\/author\/meisterkoch840\/"},"uagb_comment_info":0,"uagb_excerpt":"Information zum Festgeldkonto f\u00fcr Privatkunden Sichern Sie sich Ihren Veranlagungserfolg Das Termingeldkonto der VakifBank International AG ist die ideale Veranlagung f\u00fcr Ihre individuellen Bed\u00fcrfnisse! Sie bestimmen die gew\u00fcnschte Laufzeit zwischen 3 Monaten und 5 Jahren und wir bieten Ihnen einen absolut risikofreien Ertrag mit Fixzinsgarantie. Schon ab einem einmaligen Einzahlungsbetrag von nur 5.000 Euro k\u00f6nnen&hellip;","_links":{"self":[{"href":"https:\/\/vakifbankde.esme-it.at\/tr\/wp-json\/wp\/v2\/pages\/406","targetHints":{"allow":["GET"]}}],"collection":[{"href":"https:\/\/vakifbankde.esme-it.at\/tr\/wp-json\/wp\/v2\/pages"}],"about":[{"href":"https:\/\/vakifbankde.esme-it.at\/tr\/wp-json\/wp\/v2\/types\/page"}],"author":[{"embeddable":true,"href":"https:\/\/vakifbankde.esme-it.at\/tr\/wp-json\/wp\/v2\/users\/1"}],"replies":[{"embeddable":true,"href":"https:\/\/vakifbankde.esme-it.at\/tr\/wp-json\/wp\/v2\/comments?post=406"}],"version-history":[{"count":18,"href":"https:\/\/vakifbankde.esme-it.at\/tr\/wp-json\/wp\/v2\/pages\/406\/revisions"}],"predecessor-version":[{"id":3164,"href":"https:\/\/vakifbankde.esme-it.at\/tr\/wp-json\/wp\/v2\/pages\/406\/revisions\/3164"}],"up":[{"embeddable":true,"href":"https:\/\/vakifbankde.esme-it.at\/tr\/wp-json\/wp\/v2\/pages\/544"}],"wp:attachment":[{"href":"https:\/\/vakifbankde.esme-it.at\/tr\/wp-json\/wp\/v2\/media?parent=406"}],"curies":[{"name":"wp","href":"https:\/\/api.w.org\/{rel}","templated":true}]}}