{"id":1177,"date":"2023-01-12T14:56:03","date_gmt":"2023-01-12T13:56:03","guid":{"rendered":"https:\/\/vakifbankde.esme-it.at\/?page_id=1177"},"modified":"2023-03-06T14:08:58","modified_gmt":"2023-03-06T13:08:58","slug":"online-konto-eroffnen","status":"publish","type":"page","link":"https:\/\/vakifbankde.esme-it.at\/tr\/online-konto-eroffnen\/","title":{"rendered":"\u00c7evrimi\u00e7i bir hesap a\u00e7\u0131n"},"content":{"rendered":"<div data-elementor-type=\"wp-page\" data-elementor-id=\"1177\" class=\"elementor elementor-1177\">\n\t\t\t\t\t\t\t\t\t<section class=\"elementor-section elementor-top-section elementor-element elementor-element-8b724ab elementor-section-boxed elementor-section-height-default elementor-section-height-default\" data-id=\"8b724ab\" data-element_type=\"section\">\n\t\t\t\t\t\t<div class=\"elementor-container elementor-column-gap-default\">\n\t\t\t\t\t<div class=\"elementor-column elementor-col-100 elementor-top-column elementor-element elementor-element-00730b4\" data-id=\"00730b4\" data-element_type=\"column\">\n\t\t\t<div class=\"elementor-widget-wrap elementor-element-populated\">\n\t\t\t\t\t\t\t\t<div class=\"elementor-element elementor-element-510d7f8 elementor-widget elementor-widget-html\" data-id=\"510d7f8\" data-element_type=\"widget\" data-widget_type=\"html.default\">\n\t\t\t\t<div class=\"elementor-widget-container\">\n\t\t\t<div style=\"display:flex; width:100%; justify-content:center;\"><iframe src=\"https:\/\/ao.esme-it.at\/?hideNav=1\" style=\"min-height: 1500px;\" title=\"Bir hesap a\u00e7\u0131n\" width=\"100%\"><\/iframe><\/div>\t\t<\/div>\n\t\t\t\t<\/div>\n\t\t\t\t\t<\/div>\n\t\t<\/div>\n\t\t\t\t\t\t\t<\/div>\n\t\t<\/section>\n\t\t\t\t<section class=\"elementor-section elementor-top-section elementor-element elementor-element-bb500ce elementor-section-boxed elementor-section-height-default elementor-section-height-default\" data-id=\"bb500ce\" data-element_type=\"section\">\n\t\t\t\t\t\t<div class=\"elementor-container elementor-column-gap-default\">\n\t\t\t\t\t<div class=\"elementor-column elementor-col-100 elementor-top-column elementor-element elementor-element-22cdd25\" data-id=\"22cdd25\" data-element_type=\"column\">\n\t\t\t<div class=\"elementor-widget-wrap elementor-element-populated\">\n\t\t\t\t\t\t\t\t<div class=\"elementor-element elementor-element-c6b16e4 elementor-widget elementor-widget-heading\" data-id=\"c6b16e4\" data-element_type=\"widget\" data-widget_type=\"heading.default\">\n\t\t\t\t<div class=\"elementor-widget-container\">\n\t\t\t<style>\/*! elementor - v3.14.0 - 26-06-2023 *\/\n.elementor-heading-title{padding:0;margin:0;line-height:1}.elementor-widget-heading .elementor-heading-title[class*=elementor-size-]>a{color:inherit;font-size:inherit;line-height:inherit}.elementor-widget-heading .elementor-heading-title.elementor-size-small{font-size:15px}.elementor-widget-heading .elementor-heading-title.elementor-size-medium{font-size:19px}.elementor-widget-heading .elementor-heading-title.elementor-size-large{font-size:29px}.elementor-widget-heading .elementor-heading-title.elementor-size-xl{font-size:39px}.elementor-widget-heading .elementor-heading-title.elementor-size-xxl{font-size:59px}<\/style><h2 class=\"elementor-heading-title elementor-size-default\">\u00c7evrimi\u00e7i bir hesap a\u00e7\u0131n<\/h2>\t\t<\/div>\n\t\t\t\t<\/div>\n\t\t\t\t<section class=\"elementor-section elementor-inner-section elementor-element elementor-element-4861ee2 elementor-section-boxed elementor-section-height-default elementor-section-height-default\" data-id=\"4861ee2\" data-element_type=\"section\">\n\t\t\t\t\t\t<div class=\"elementor-container elementor-column-gap-default\">\n\t\t\t\t\t<div class=\"elementor-column elementor-col-100 elementor-inner-column elementor-element elementor-element-35510ad\" data-id=\"35510ad\" data-element_type=\"column\">\n\t\t\t<div class=\"elementor-widget-wrap elementor-element-populated\">\n\t\t\t\t\t\t\t\t<div class=\"elementor-element elementor-element-ac91e88 elementor-widget elementor-widget-heading\" data-id=\"ac91e88\" data-element_type=\"widget\" data-widget_type=\"heading.default\">\n\t\t\t\t<div class=\"elementor-widget-container\">\n\t\t\t<h2 class=\"elementor-heading-title elementor-size-default\">Ad\u0131m ad\u0131m k\u0131lavuz<\/h2>\t\t<\/div>\n\t\t\t\t<\/div>\n\t\t\t\t<div class=\"elementor-element elementor-element-e290296 elementor-widget elementor-widget-text-editor\" data-id=\"e290296\" data-element_type=\"widget\" data-widget_type=\"text-editor.default\">\n\t\t\t\t<div class=\"elementor-widget-container\">\n\t\t\t<style>\/*! elementor - v3.14.0 - 26-06-2023 *\/\n.elementor-widget-text-editor.elementor-drop-cap-view-stacked .elementor-drop-cap{background-color:#69727d;color:#fff}.elementor-widget-text-editor.elementor-drop-cap-view-framed .elementor-drop-cap{color:#69727d;border:3px solid;background-color:transparent}.elementor-widget-text-editor:not(.elementor-drop-cap-view-default) .elementor-drop-cap{margin-top:8px}.elementor-widget-text-editor:not(.elementor-drop-cap-view-default) .elementor-drop-cap-letter{width:1em;height:1em}.elementor-widget-text-editor .elementor-drop-cap{float:left;text-align:center;line-height:1;font-size:50px}.elementor-widget-text-editor .elementor-drop-cap-letter{display:inline-block}<\/style>\t\t\t\tHesap olu\u015fturma s\u00fcrecini olabildi\u011fince basit hale getirdik. Sadece birka\u00e7 dakika i\u00e7inde bizimle \u00fccretsiz olarak bir hesap olu\u015fturabilirsiniz.\t\t\t\t\t\t<\/div>\n\t\t\t\t<\/div>\n\t\t\t\t\t<\/div>\n\t\t<\/div>\n\t\t\t\t\t\t\t<\/div>\n\t\t<\/section>\n\t\t\t\t<section class=\"elementor-section elementor-inner-section elementor-element elementor-element-3162a6a elementor-section-boxed elementor-section-height-default elementor-section-height-default\" data-id=\"3162a6a\" data-element_type=\"section\">\n\t\t\t\t\t\t<div class=\"elementor-container elementor-column-gap-default\">\n\t\t\t\t\t<div class=\"elementor-column elementor-col-50 elementor-inner-column elementor-element elementor-element-a401e5c\" data-id=\"a401e5c\" data-element_type=\"column\">\n\t\t\t<div class=\"elementor-widget-wrap elementor-element-populated\">\n\t\t\t\t\t\t\t\t<div class=\"elementor-element elementor-element-2484bf0 elementor-widget elementor-widget-text-editor\" data-id=\"2484bf0\" data-element_type=\"widget\" data-widget_type=\"text-editor.default\">\n\t\t\t\t<div class=\"elementor-widget-container\">\n\t\t\t\t\t\t\t<h4 class=\"uagb-timeline__heading\"><strong>Ad\u0131m 1: Form<\/strong><\/h4><p class=\"uagb-timeline-desc-content\">Form \u00e7ok basittir ve yakla\u015f\u0131k 5 dakika i\u00e7inde \u00e7evrimi\u00e7i olarak doldurulabilir.<\/p>\t\t\t\t\t\t<\/div>\n\t\t\t\t<\/div>\n\t\t\t\t\t<\/div>\n\t\t<\/div>\n\t\t\t\t<div class=\"elementor-column elementor-col-50 elementor-inner-column elementor-element elementor-element-c4ed3f2\" data-id=\"c4ed3f2\" data-element_type=\"column\">\n\t\t\t<div class=\"elementor-widget-wrap elementor-element-populated\">\n\t\t\t\t\t\t\t\t<div class=\"elementor-element elementor-element-061f9ce elementor-view-default elementor-widget elementor-widget-icon\" data-id=\"061f9ce\" data-element_type=\"widget\" data-widget_type=\"icon.default\">\n\t\t\t\t<div class=\"elementor-widget-container\">\n\t\t\t\t\t<div class=\"elementor-icon-wrapper\">\n\t\t\t<div class=\"elementor-icon\">\n\t\t\t<i aria-hidden=\"true\" class=\"far fa-edit\"><\/i>\t\t\t<\/div>\n\t\t<\/div>\n\t\t\t\t<\/div>\n\t\t\t\t<\/div>\n\t\t\t\t\t<\/div>\n\t\t<\/div>\n\t\t\t\t\t\t\t<\/div>\n\t\t<\/section>\n\t\t\t\t<section class=\"elementor-section elementor-inner-section elementor-element elementor-element-ad2ad3e elementor-section-boxed elementor-section-height-default elementor-section-height-default\" data-id=\"ad2ad3e\" data-element_type=\"section\">\n\t\t\t\t\t\t<div class=\"elementor-container elementor-column-gap-default\">\n\t\t\t\t\t<div class=\"elementor-column elementor-col-50 elementor-inner-column elementor-element elementor-element-56e23e7\" data-id=\"56e23e7\" data-element_type=\"column\">\n\t\t\t<div class=\"elementor-widget-wrap elementor-element-populated\">\n\t\t\t\t\t\t\t\t<div class=\"elementor-element elementor-element-5de254c elementor-widget elementor-widget-text-editor\" data-id=\"5de254c\" data-element_type=\"widget\" data-widget_type=\"text-editor.default\">\n\t\t\t\t<div class=\"elementor-widget-container\">\n\t\t\t\t\t\t\t<h4 class=\"uagb-timeline__heading\"><strong>Ad\u0131m 2: Tan\u0131mlama<\/strong><\/h4><p class=\"uagb-timeline-desc-content\">Formu doldurduktan sonra, g\u00f6r\u00fcnt\u00fcl\u00fc arama yoluyla kendinizi \u00e7evrimi\u00e7i olarak tan\u0131tman\u0131z i\u00e7in bir ba\u011flant\u0131 i\u00e7eren bir e-posta alacaks\u0131n\u0131z.<\/p>\t\t\t\t\t\t<\/div>\n\t\t\t\t<\/div>\n\t\t\t\t\t<\/div>\n\t\t<\/div>\n\t\t\t\t<div class=\"elementor-column elementor-col-50 elementor-inner-column elementor-element elementor-element-a8b8c5a\" data-id=\"a8b8c5a\" data-element_type=\"column\">\n\t\t\t<div class=\"elementor-widget-wrap elementor-element-populated\">\n\t\t\t\t\t\t\t\t<div class=\"elementor-element elementor-element-2dab30e elementor-view-default elementor-widget elementor-widget-icon\" data-id=\"2dab30e\" data-element_type=\"widget\" data-widget_type=\"icon.default\">\n\t\t\t\t<div class=\"elementor-widget-container\">\n\t\t\t\t\t<div class=\"elementor-icon-wrapper\">\n\t\t\t<div class=\"elementor-icon\">\n\t\t\t<i aria-hidden=\"true\" class=\"far fa-file-video\"><\/i>\t\t\t<\/div>\n\t\t<\/div>\n\t\t\t\t<\/div>\n\t\t\t\t<\/div>\n\t\t\t\t\t<\/div>\n\t\t<\/div>\n\t\t\t\t\t\t\t<\/div>\n\t\t<\/section>\n\t\t\t\t<section class=\"elementor-section elementor-inner-section elementor-element elementor-element-a5333f0 elementor-section-boxed elementor-section-height-default elementor-section-height-default\" data-id=\"a5333f0\" data-element_type=\"section\">\n\t\t\t\t\t\t<div class=\"elementor-container elementor-column-gap-default\">\n\t\t\t\t\t<div class=\"elementor-column elementor-col-50 elementor-inner-column elementor-element elementor-element-f362555\" data-id=\"f362555\" data-element_type=\"column\">\n\t\t\t<div class=\"elementor-widget-wrap elementor-element-populated\">\n\t\t\t\t\t\t\t\t<div class=\"elementor-element elementor-element-6031a76 elementor-widget elementor-widget-text-editor\" data-id=\"6031a76\" data-element_type=\"widget\" data-widget_type=\"text-editor.default\">\n\t\t\t\t<div class=\"elementor-widget-container\">\n\t\t\t\t\t\t\t<h4 class=\"uagb-timeline__heading\"><strong>Ad\u0131m 3: Bitti<\/strong><\/h4><p>Ba\u015far\u0131l\u0131 bir \u00e7evrimi\u00e7i video tan\u0131mlamas\u0131ndan sonra, banka ba\u015fvurunuzu i\u015fleme koyacak ve ba\u015far\u0131l\u0131 hesap a\u00e7\u0131l\u0131\u015f\u0131 hakk\u0131nda sizi yaz\u0131l\u0131 olarak bilgilendirecektir.<\/p>\t\t\t\t\t\t<\/div>\n\t\t\t\t<\/div>\n\t\t\t\t\t<\/div>\n\t\t<\/div>\n\t\t\t\t<div class=\"elementor-column elementor-col-50 elementor-inner-column elementor-element elementor-element-bfd885c\" data-id=\"bfd885c\" data-element_type=\"column\">\n\t\t\t<div class=\"elementor-widget-wrap elementor-element-populated\">\n\t\t\t\t\t\t\t\t<div class=\"elementor-element elementor-element-4f8af28 elementor-view-default elementor-widget elementor-widget-icon\" data-id=\"4f8af28\" data-element_type=\"widget\" data-widget_type=\"icon.default\">\n\t\t\t\t<div class=\"elementor-widget-container\">\n\t\t\t\t\t<div class=\"elementor-icon-wrapper\">\n\t\t\t<div class=\"elementor-icon\">\n\t\t\t<i aria-hidden=\"true\" class=\"fas fa-user-check\"><\/i>\t\t\t<\/div>\n\t\t<\/div>\n\t\t\t\t<\/div>\n\t\t\t\t<\/div>\n\t\t\t\t\t<\/div>\n\t\t<\/div>\n\t\t\t\t\t\t\t<\/div>\n\t\t<\/section>\n\t\t\t\t\t<\/div>\n\t\t<\/div>\n\t\t\t\t\t\t\t<\/div>\n\t\t<\/section>\n\t\t\t\t\t\t\t<\/div>","protected":false},"excerpt":{"rendered":"<p>Online Konto er\u00f6ffnen Schritt f\u00fcr Schritt Anleitung Wir haben den Prozess der Konto Erstellung so einfach wie m\u00f6glich gemacht. In wenigen Minuten k\u00f6nnen Sie bei uns kostenfrei ein Konto erstellen. Schritt 1: Formular Das Formular ist sehr simpel und kann in ca. 5 Minuten online ausgef\u00fcllt werden. Schritt 2: Identifikation Nachdem Sie das Formular ausgef\u00fcllt [&hellip;]<\/p>","protected":false},"author":3,"featured_media":0,"parent":0,"menu_order":0,"comment_status":"closed","ping_status":"closed","template":"elementor_header_footer","meta":{"_uag_custom_page_level_css":"","footnotes":""},"class_list":["post-1177","page","type-page","status-publish","hentry"],"uagb_featured_image_src":{"full":false,"thumbnail":false,"medium":false,"medium_large":false,"large":false,"1536x1536":false,"2048x2048":false,"trp-custom-language-flag":false},"uagb_author_info":{"display_name":"caner","author_link":"https:\/\/vakifbankde.esme-it.at\/tr\/author\/caner\/"},"uagb_comment_info":0,"uagb_excerpt":"Online Konto er\u00f6ffnen Schritt f\u00fcr Schritt Anleitung Wir haben den Prozess der Konto Erstellung so einfach wie m\u00f6glich gemacht. In wenigen Minuten k\u00f6nnen Sie bei uns kostenfrei ein Konto erstellen. Schritt 1: Formular Das Formular ist sehr simpel und kann in ca. 5 Minuten online ausgef\u00fcllt werden. Schritt 2: Identifikation Nachdem Sie das Formular ausgef\u00fcllt&hellip;","_links":{"self":[{"href":"https:\/\/vakifbankde.esme-it.at\/tr\/wp-json\/wp\/v2\/pages\/1177","targetHints":{"allow":["GET"]}}],"collection":[{"href":"https:\/\/vakifbankde.esme-it.at\/tr\/wp-json\/wp\/v2\/pages"}],"about":[{"href":"https:\/\/vakifbankde.esme-it.at\/tr\/wp-json\/wp\/v2\/types\/page"}],"author":[{"embeddable":true,"href":"https:\/\/vakifbankde.esme-it.at\/tr\/wp-json\/wp\/v2\/users\/3"}],"replies":[{"embeddable":true,"href":"https:\/\/vakifbankde.esme-it.at\/tr\/wp-json\/wp\/v2\/comments?post=1177"}],"version-history":[{"count":30,"href":"https:\/\/vakifbankde.esme-it.at\/tr\/wp-json\/wp\/v2\/pages\/1177\/revisions"}],"predecessor-version":[{"id":2628,"href":"https:\/\/vakifbankde.esme-it.at\/tr\/wp-json\/wp\/v2\/pages\/1177\/revisions\/2628"}],"wp:attachment":[{"href":"https:\/\/vakifbankde.esme-it.at\/tr\/wp-json\/wp\/v2\/media?parent=1177"}],"curies":[{"name":"wp","href":"https:\/\/api.w.org\/{rel}","templated":true}]}}