{"id":1163,"date":"2023-01-12T14:41:50","date_gmt":"2023-01-12T13:41:50","guid":{"rendered":"https:\/\/vakifbankde.esme-it.at\/?page_id=1163"},"modified":"2023-03-02T11:54:51","modified_gmt":"2023-03-02T10:54:51","slug":"geschaftsbericht-offenlegung","status":"publish","type":"page","link":"https:\/\/vakifbankde.esme-it.at\/en\/uber-uns\/geschaftsbericht-offenlegung\/","title":{"rendered":"Annual Report &amp; Disclosure"},"content":{"rendered":"<div data-elementor-type=\"wp-page\" data-elementor-id=\"1163\" class=\"elementor elementor-1163\">\n\t\t\t\t\t\t\t\t\t<section class=\"elementor-section elementor-top-section elementor-element elementor-element-a2e6eac elementor-section-boxed elementor-section-height-default elementor-section-height-default\" data-id=\"a2e6eac\" data-element_type=\"section\">\n\t\t\t\t\t\t<div class=\"elementor-container elementor-column-gap-default\">\n\t\t\t\t\t<div class=\"elementor-column elementor-col-100 elementor-top-column elementor-element elementor-element-06cda9c\" data-id=\"06cda9c\" data-element_type=\"column\">\n\t\t\t<div class=\"elementor-widget-wrap elementor-element-populated\">\n\t\t\t\t\t\t\t\t<div class=\"elementor-element elementor-element-15e32f5 elementor-widget elementor-widget-heading\" data-id=\"15e32f5\" data-element_type=\"widget\" data-widget_type=\"heading.default\">\n\t\t\t\t<div class=\"elementor-widget-container\">\n\t\t\t<style>\/*! elementor - v3.14.0 - 26-06-2023 *\/\n.elementor-heading-title{padding:0;margin:0;line-height:1}.elementor-widget-heading .elementor-heading-title[class*=elementor-size-]>a{color:inherit;font-size:inherit;line-height:inherit}.elementor-widget-heading .elementor-heading-title.elementor-size-small{font-size:15px}.elementor-widget-heading .elementor-heading-title.elementor-size-medium{font-size:19px}.elementor-widget-heading .elementor-heading-title.elementor-size-large{font-size:29px}.elementor-widget-heading .elementor-heading-title.elementor-size-xl{font-size:39px}.elementor-widget-heading .elementor-heading-title.elementor-size-xxl{font-size:59px}<\/style><h2 class=\"elementor-heading-title elementor-size-default\">Business Reports &amp; Disclosure<\/h2>\t\t<\/div>\n\t\t\t\t<\/div>\n\t\t\t\t<section class=\"elementor-section elementor-inner-section elementor-element elementor-element-9bf9a86 elementor-section-boxed elementor-section-height-default elementor-section-height-default\" data-id=\"9bf9a86\" data-element_type=\"section\">\n\t\t\t\t\t\t<div class=\"elementor-container elementor-column-gap-default\">\n\t\t\t\t\t<div class=\"elementor-column elementor-col-16 elementor-inner-column elementor-element elementor-element-52d42bf\" data-id=\"52d42bf\" data-element_type=\"column\">\n\t\t\t<div class=\"elementor-widget-wrap elementor-element-populated\">\n\t\t\t\t\t\t\t\t<div class=\"elementor-element elementor-element-114907c elementor-widget elementor-widget-image\" data-id=\"114907c\" data-element_type=\"widget\" data-widget_type=\"image.default\">\n\t\t\t\t<div class=\"elementor-widget-container\">\n\t\t\t<style>\/*! elementor - v3.14.0 - 26-06-2023 *\/\n.elementor-widget-image{text-align:center}.elementor-widget-image a{display:inline-block}.elementor-widget-image a img[src$=\".svg\"]{width:48px}.elementor-widget-image img{vertical-align:middle;display:inline-block}<\/style>\t\t\t\t\t\t\t\t\t\t\t\t<img loading=\"lazy\" decoding=\"async\" width=\"596\" height=\"842\" src=\"https:\/\/vakifbankde.esme-it.at\/wp-content\/uploads\/2023\/01\/Test-Vakifbank-Screenproof.png\" class=\"attachment-large size-large wp-image-1975\" alt=\"\" srcset=\"https:\/\/vakifbankde.esme-it.at\/wp-content\/uploads\/2023\/01\/Test-Vakifbank-Screenproof.png 596w, https:\/\/vakifbankde.esme-it.at\/wp-content\/uploads\/2023\/01\/Test-Vakifbank-Screenproof-212x300.png 212w, https:\/\/vakifbankde.esme-it.at\/wp-content\/uploads\/2023\/01\/Test-Vakifbank-Screenproof-8x12.png 8w\" sizes=\"auto, (max-width: 596px) 100vw, 596px\" \/>\t\t\t\t\t\t\t\t\t\t\t\t\t\t\t<\/div>\n\t\t\t\t<\/div>\n\t\t\t\t\t<\/div>\n\t\t<\/div>\n\t\t\t\t<div class=\"elementor-column elementor-col-66 elementor-inner-column elementor-element elementor-element-98bae3c\" data-id=\"98bae3c\" data-element_type=\"column\">\n\t\t\t<div class=\"elementor-widget-wrap elementor-element-populated\">\n\t\t\t\t\t\t\t\t<div class=\"elementor-element elementor-element-dd68b86 elementor-widget elementor-widget-heading\" data-id=\"dd68b86\" data-element_type=\"widget\" data-widget_type=\"heading.default\">\n\t\t\t\t<div class=\"elementor-widget-container\">\n\t\t\t<h2 class=\"elementor-heading-title elementor-size-default\">2021<\/h2>\t\t<\/div>\n\t\t\t\t<\/div>\n\t\t\t\t<div class=\"elementor-element elementor-element-9026de2 elementor-widget elementor-widget-text-editor\" data-id=\"9026de2\" data-element_type=\"widget\" data-widget_type=\"text-editor.default\">\n\t\t\t\t<div class=\"elementor-widget-container\">\n\t\t\t<style>\/*! elementor - v3.14.0 - 26-06-2023 *\/\n.elementor-widget-text-editor.elementor-drop-cap-view-stacked .elementor-drop-cap{background-color:#69727d;color:#fff}.elementor-widget-text-editor.elementor-drop-cap-view-framed .elementor-drop-cap{color:#69727d;border:3px solid;background-color:transparent}.elementor-widget-text-editor:not(.elementor-drop-cap-view-default) .elementor-drop-cap{margin-top:8px}.elementor-widget-text-editor:not(.elementor-drop-cap-view-default) .elementor-drop-cap-letter{width:1em;height:1em}.elementor-widget-text-editor .elementor-drop-cap{float:left;text-align:center;line-height:1;font-size:50px}.elementor-widget-text-editor .elementor-drop-cap-letter{display:inline-block}<\/style>\t\t\t\t<p><a href=\"https:\/\/vakifbankde.esme-it.at\/wp-content\/uploads\/2023\/03\/Geschaeftsbericht_2021_01.pdf\" target=\"_blank\" rel=\"noopener\">Annual Report 2021<\/a><\/p><p><a href=\"https:\/\/vakifbankde.esme-it.at\/wp-content\/uploads\/2023\/03\/Geschaeftsbericht_2021_Final_ENG.pdf\" target=\"_blank\" rel=\"noopener\">Annual Report 2021<\/a><\/p><p><a href=\"https:\/\/vakifbankde.esme-it.at\/wp-content\/uploads\/2023\/03\/Offenlegung_2021.pdf\" target=\"_blank\" rel=\"noreferrer noopener\">Disclosure_2021.pdf<\/a><\/p>\t\t\t\t\t\t<\/div>\n\t\t\t\t<\/div>\n\t\t\t\t\t<\/div>\n\t\t<\/div>\n\t\t\t\t<div class=\"elementor-column elementor-col-16 elementor-inner-column elementor-element elementor-element-755792a\" data-id=\"755792a\" data-element_type=\"column\">\n\t\t\t<div class=\"elementor-widget-wrap\">\n\t\t\t\t\t\t\t\t\t<\/div>\n\t\t<\/div>\n\t\t\t\t\t\t\t<\/div>\n\t\t<\/section>\n\t\t\t\t<section class=\"elementor-section elementor-inner-section elementor-element elementor-element-9c6b514 elementor-section-boxed elementor-section-height-default elementor-section-height-default\" data-id=\"9c6b514\" data-element_type=\"section\">\n\t\t\t\t\t\t<div class=\"elementor-container elementor-column-gap-default\">\n\t\t\t\t\t<div class=\"elementor-column elementor-col-16 elementor-inner-column elementor-element elementor-element-0b4358b\" data-id=\"0b4358b\" data-element_type=\"column\">\n\t\t\t<div class=\"elementor-widget-wrap elementor-element-populated\">\n\t\t\t\t\t\t\t\t<div class=\"elementor-element elementor-element-125c199 elementor-widget elementor-widget-image\" data-id=\"125c199\" data-element_type=\"widget\" data-widget_type=\"image.default\">\n\t\t\t\t<div class=\"elementor-widget-container\">\n\t\t\t\t\t\t\t\t\t\t\t\t\t\t\t<img loading=\"lazy\" decoding=\"async\" width=\"596\" height=\"842\" src=\"https:\/\/vakifbankde.esme-it.at\/wp-content\/uploads\/2023\/01\/Test-Vakifbank-Screenproof_1.png\" class=\"attachment-large size-large wp-image-1980\" alt=\"\" srcset=\"https:\/\/vakifbankde.esme-it.at\/wp-content\/uploads\/2023\/01\/Test-Vakifbank-Screenproof_1.png 596w, https:\/\/vakifbankde.esme-it.at\/wp-content\/uploads\/2023\/01\/Test-Vakifbank-Screenproof_1-212x300.png 212w, https:\/\/vakifbankde.esme-it.at\/wp-content\/uploads\/2023\/01\/Test-Vakifbank-Screenproof_1-8x12.png 8w\" sizes=\"auto, (max-width: 596px) 100vw, 596px\" \/>\t\t\t\t\t\t\t\t\t\t\t\t\t\t\t<\/div>\n\t\t\t\t<\/div>\n\t\t\t\t\t<\/div>\n\t\t<\/div>\n\t\t\t\t<div class=\"elementor-column elementor-col-66 elementor-inner-column elementor-element elementor-element-69f875a\" data-id=\"69f875a\" data-element_type=\"column\">\n\t\t\t<div class=\"elementor-widget-wrap elementor-element-populated\">\n\t\t\t\t\t\t\t\t<div class=\"elementor-element elementor-element-878b6dc elementor-widget elementor-widget-heading\" data-id=\"878b6dc\" data-element_type=\"widget\" data-widget_type=\"heading.default\">\n\t\t\t\t<div class=\"elementor-widget-container\">\n\t\t\t<h2 class=\"elementor-heading-title elementor-size-default\">2020<\/h2>\t\t<\/div>\n\t\t\t\t<\/div>\n\t\t\t\t<div class=\"elementor-element elementor-element-5a05082 elementor-widget elementor-widget-text-editor\" data-id=\"5a05082\" data-element_type=\"widget\" data-widget_type=\"text-editor.default\">\n\t\t\t\t<div class=\"elementor-widget-container\">\n\t\t\t\t\t\t\t<p><a href=\"https:\/\/vakifbankde.esme-it.at\/wp-content\/uploads\/2023\/03\/Geschaeftsbericht_2020.pdf\" target=\"_blank\" rel=\"noopener\">Annual Report 2020<\/a><\/p><p><a href=\"https:\/\/vakifbankde.esme-it.at\/wp-content\/uploads\/2023\/03\/Annual_Report_2020_EN.pdf\" target=\"_blank\" rel=\"noopener\">Annual Report 2020<\/a><\/p><p><a href=\"https:\/\/vakifbankde.esme-it.at\/wp-content\/uploads\/2023\/03\/Offenlegung_2020.pdf\" target=\"_blank\" rel=\"noreferrer noopener\">Disclosure 2020<\/a><\/p>\t\t\t\t\t\t<\/div>\n\t\t\t\t<\/div>\n\t\t\t\t\t<\/div>\n\t\t<\/div>\n\t\t\t\t<div class=\"elementor-column elementor-col-16 elementor-inner-column elementor-element elementor-element-b9c6839\" data-id=\"b9c6839\" data-element_type=\"column\">\n\t\t\t<div class=\"elementor-widget-wrap\">\n\t\t\t\t\t\t\t\t\t<\/div>\n\t\t<\/div>\n\t\t\t\t\t\t\t<\/div>\n\t\t<\/section>\n\t\t\t\t<section class=\"elementor-section elementor-inner-section elementor-element elementor-element-0270d80 elementor-section-boxed elementor-section-height-default elementor-section-height-default\" data-id=\"0270d80\" data-element_type=\"section\">\n\t\t\t\t\t\t<div class=\"elementor-container elementor-column-gap-default\">\n\t\t\t\t\t<div class=\"elementor-column elementor-col-16 elementor-inner-column elementor-element elementor-element-abb1ded\" data-id=\"abb1ded\" data-element_type=\"column\">\n\t\t\t<div class=\"elementor-widget-wrap elementor-element-populated\">\n\t\t\t\t\t\t\t\t<div class=\"elementor-element elementor-element-a84283f elementor-widget elementor-widget-image\" data-id=\"a84283f\" data-element_type=\"widget\" data-widget_type=\"image.default\">\n\t\t\t\t<div class=\"elementor-widget-container\">\n\t\t\t\t\t\t\t\t\t\t\t\t\t\t\t<img loading=\"lazy\" decoding=\"async\" width=\"596\" height=\"842\" src=\"https:\/\/vakifbankde.esme-it.at\/wp-content\/uploads\/2023\/01\/Test-Vakifbank-Screenproof_2.png\" class=\"attachment-large size-large wp-image-1981\" alt=\"\" srcset=\"https:\/\/vakifbankde.esme-it.at\/wp-content\/uploads\/2023\/01\/Test-Vakifbank-Screenproof_2.png 596w, https:\/\/vakifbankde.esme-it.at\/wp-content\/uploads\/2023\/01\/Test-Vakifbank-Screenproof_2-212x300.png 212w, https:\/\/vakifbankde.esme-it.at\/wp-content\/uploads\/2023\/01\/Test-Vakifbank-Screenproof_2-8x12.png 8w\" sizes=\"auto, (max-width: 596px) 100vw, 596px\" \/>\t\t\t\t\t\t\t\t\t\t\t\t\t\t\t<\/div>\n\t\t\t\t<\/div>\n\t\t\t\t\t<\/div>\n\t\t<\/div>\n\t\t\t\t<div class=\"elementor-column elementor-col-66 elementor-inner-column elementor-element elementor-element-3f3ba71\" data-id=\"3f3ba71\" data-element_type=\"column\">\n\t\t\t<div class=\"elementor-widget-wrap elementor-element-populated\">\n\t\t\t\t\t\t\t\t<div class=\"elementor-element elementor-element-98adac4 elementor-widget elementor-widget-heading\" data-id=\"98adac4\" data-element_type=\"widget\" data-widget_type=\"heading.default\">\n\t\t\t\t<div class=\"elementor-widget-container\">\n\t\t\t<h2 class=\"elementor-heading-title elementor-size-default\">2019<\/h2>\t\t<\/div>\n\t\t\t\t<\/div>\n\t\t\t\t<div class=\"elementor-element elementor-element-8a17beb elementor-widget elementor-widget-text-editor\" data-id=\"8a17beb\" data-element_type=\"widget\" data-widget_type=\"text-editor.default\">\n\t\t\t\t<div class=\"elementor-widget-container\">\n\t\t\t\t\t\t\t<p><a href=\"https:\/\/vakifbankde.esme-it.at\/wp-content\/uploads\/2023\/03\/Geschaeftsbericht_2019_V5_.pdf\" target=\"_blank\" rel=\"noopener\">Annual Report 2019<\/a><\/p><p><a href=\"https:\/\/vakifbankde.esme-it.at\/wp-content\/uploads\/2023\/03\/Annual_Report_2019.pdf\" target=\"_blank\" rel=\"noreferrer noopener\">Annual Report 2019<\/a><\/p><p><a href=\"https:\/\/vakifbankde.esme-it.at\/wp-content\/uploads\/2023\/03\/Offenlegung_2019.pdf\" target=\"_blank\" rel=\"noreferrer noopener\">Disclosure 2019<\/a><\/p>\t\t\t\t\t\t<\/div>\n\t\t\t\t<\/div>\n\t\t\t\t\t<\/div>\n\t\t<\/div>\n\t\t\t\t<div class=\"elementor-column elementor-col-16 elementor-inner-column elementor-element elementor-element-991ce66\" data-id=\"991ce66\" data-element_type=\"column\">\n\t\t\t<div class=\"elementor-widget-wrap\">\n\t\t\t\t\t\t\t\t\t<\/div>\n\t\t<\/div>\n\t\t\t\t\t\t\t<\/div>\n\t\t<\/section>\n\t\t\t\t<section class=\"elementor-section elementor-inner-section elementor-element elementor-element-bd97133 elementor-section-boxed elementor-section-height-default elementor-section-height-default\" data-id=\"bd97133\" data-element_type=\"section\">\n\t\t\t\t\t\t<div class=\"elementor-container elementor-column-gap-default\">\n\t\t\t\t\t<div class=\"elementor-column elementor-col-16 elementor-inner-column elementor-element elementor-element-ff04f6c\" data-id=\"ff04f6c\" data-element_type=\"column\">\n\t\t\t<div class=\"elementor-widget-wrap elementor-element-populated\">\n\t\t\t\t\t\t\t\t<div class=\"elementor-element elementor-element-a4e7d29 elementor-widget elementor-widget-image\" data-id=\"a4e7d29\" data-element_type=\"widget\" data-widget_type=\"image.default\">\n\t\t\t\t<div class=\"elementor-widget-container\">\n\t\t\t\t\t\t\t\t\t\t\t\t\t\t\t<img loading=\"lazy\" decoding=\"async\" width=\"597\" height=\"842\" src=\"https:\/\/vakifbankde.esme-it.at\/wp-content\/uploads\/2023\/01\/Test-Vakifbank-Screenproof_3.png\" class=\"attachment-large size-large wp-image-1982\" alt=\"\" srcset=\"https:\/\/vakifbankde.esme-it.at\/wp-content\/uploads\/2023\/01\/Test-Vakifbank-Screenproof_3.png 597w, https:\/\/vakifbankde.esme-it.at\/wp-content\/uploads\/2023\/01\/Test-Vakifbank-Screenproof_3-213x300.png 213w, https:\/\/vakifbankde.esme-it.at\/wp-content\/uploads\/2023\/01\/Test-Vakifbank-Screenproof_3-9x12.png 9w\" sizes=\"auto, (max-width: 597px) 100vw, 597px\" \/>\t\t\t\t\t\t\t\t\t\t\t\t\t\t\t<\/div>\n\t\t\t\t<\/div>\n\t\t\t\t\t<\/div>\n\t\t<\/div>\n\t\t\t\t<div class=\"elementor-column elementor-col-66 elementor-inner-column elementor-element elementor-element-ce478e1\" data-id=\"ce478e1\" data-element_type=\"column\">\n\t\t\t<div class=\"elementor-widget-wrap elementor-element-populated\">\n\t\t\t\t\t\t\t\t<div class=\"elementor-element elementor-element-f750809 elementor-widget elementor-widget-heading\" data-id=\"f750809\" data-element_type=\"widget\" data-widget_type=\"heading.default\">\n\t\t\t\t<div class=\"elementor-widget-container\">\n\t\t\t<h2 class=\"elementor-heading-title elementor-size-default\">2018<\/h2>\t\t<\/div>\n\t\t\t\t<\/div>\n\t\t\t\t<div class=\"elementor-element elementor-element-f5dc55d elementor-widget elementor-widget-text-editor\" data-id=\"f5dc55d\" data-element_type=\"widget\" data-widget_type=\"text-editor.default\">\n\t\t\t\t<div class=\"elementor-widget-container\">\n\t\t\t\t\t\t\t<p><a href=\"https:\/\/vakifbankde.esme-it.at\/wp-content\/uploads\/2023\/03\/Geschaeftsbericht2018.pdf\" target=\"_blank\" rel=\"noopener\">Annual Report 2018<\/a><\/p><p><a href=\"https:\/\/vakifbankde.esme-it.at\/wp-content\/uploads\/2023\/03\/Annual_Report_2018.pdf\" target=\"_blank\" rel=\"noreferrer noopener\">Annual Report 2018<\/a><\/p><p><a href=\"https:\/\/vakifbankde.esme-it.at\/wp-content\/uploads\/2023\/03\/Offenlegung_2018.pdf\" target=\"_blank\" rel=\"noreferrer noopener\">Disclosure 2018<\/a><\/p>\t\t\t\t\t\t<\/div>\n\t\t\t\t<\/div>\n\t\t\t\t\t<\/div>\n\t\t<\/div>\n\t\t\t\t<div class=\"elementor-column elementor-col-16 elementor-inner-column elementor-element elementor-element-8e92101\" data-id=\"8e92101\" data-element_type=\"column\">\n\t\t\t<div class=\"elementor-widget-wrap\">\n\t\t\t\t\t\t\t\t\t<\/div>\n\t\t<\/div>\n\t\t\t\t\t\t\t<\/div>\n\t\t<\/section>\n\t\t\t\t<section class=\"elementor-section elementor-inner-section elementor-element elementor-element-193311c elementor-section-boxed elementor-section-height-default elementor-section-height-default\" data-id=\"193311c\" data-element_type=\"section\">\n\t\t\t\t\t\t<div class=\"elementor-container elementor-column-gap-default\">\n\t\t\t\t\t<div class=\"elementor-column elementor-col-16 elementor-inner-column elementor-element elementor-element-e269812\" data-id=\"e269812\" data-element_type=\"column\">\n\t\t\t<div class=\"elementor-widget-wrap elementor-element-populated\">\n\t\t\t\t\t\t\t\t<div class=\"elementor-element elementor-element-a9d23e1 elementor-widget elementor-widget-image\" data-id=\"a9d23e1\" data-element_type=\"widget\" data-widget_type=\"image.default\">\n\t\t\t\t<div class=\"elementor-widget-container\">\n\t\t\t\t\t\t\t\t\t\t\t\t\t\t\t<img loading=\"lazy\" decoding=\"async\" width=\"596\" height=\"842\" src=\"https:\/\/vakifbankde.esme-it.at\/wp-content\/uploads\/2023\/01\/Test-Vakifbank-Screenproof_4.png\" class=\"attachment-large size-large wp-image-1979\" alt=\"\" srcset=\"https:\/\/vakifbankde.esme-it.at\/wp-content\/uploads\/2023\/01\/Test-Vakifbank-Screenproof_4.png 596w, https:\/\/vakifbankde.esme-it.at\/wp-content\/uploads\/2023\/01\/Test-Vakifbank-Screenproof_4-212x300.png 212w, https:\/\/vakifbankde.esme-it.at\/wp-content\/uploads\/2023\/01\/Test-Vakifbank-Screenproof_4-8x12.png 8w\" sizes=\"auto, (max-width: 596px) 100vw, 596px\" \/>\t\t\t\t\t\t\t\t\t\t\t\t\t\t\t<\/div>\n\t\t\t\t<\/div>\n\t\t\t\t\t<\/div>\n\t\t<\/div>\n\t\t\t\t<div class=\"elementor-column elementor-col-66 elementor-inner-column elementor-element elementor-element-572d9d5\" data-id=\"572d9d5\" data-element_type=\"column\">\n\t\t\t<div class=\"elementor-widget-wrap elementor-element-populated\">\n\t\t\t\t\t\t\t\t<div class=\"elementor-element elementor-element-5107068 elementor-widget elementor-widget-heading\" data-id=\"5107068\" data-element_type=\"widget\" data-widget_type=\"heading.default\">\n\t\t\t\t<div class=\"elementor-widget-container\">\n\t\t\t<h2 class=\"elementor-heading-title elementor-size-default\">2017<\/h2>\t\t<\/div>\n\t\t\t\t<\/div>\n\t\t\t\t<div class=\"elementor-element elementor-element-43bade9 elementor-widget elementor-widget-text-editor\" data-id=\"43bade9\" data-element_type=\"widget\" data-widget_type=\"text-editor.default\">\n\t\t\t\t<div class=\"elementor-widget-container\">\n\t\t\t\t\t\t\t<p><a href=\"https:\/\/vakifbankde.esme-it.at\/wp-content\/uploads\/2023\/03\/Vakifbank_Geschaeftsbericht2017.pdf\" target=\"_blank\" rel=\"noopener\">Annual Report 2017<\/a><\/p><p><a href=\"https:\/\/vakifbankde.esme-it.at\/wp-content\/uploads\/2023\/03\/Annual_Report_2017.pdf\" target=\"_blank\" rel=\"noopener\">Annual Report 2017<\/a><\/p><p><a href=\"https:\/\/vakifbankde.esme-it.at\/wp-content\/uploads\/2023\/03\/Offenlegung_2017.pdf\" target=\"_blank\" rel=\"noreferrer noopener\">Disclosure 2017<\/a><\/p>\t\t\t\t\t\t<\/div>\n\t\t\t\t<\/div>\n\t\t\t\t\t<\/div>\n\t\t<\/div>\n\t\t\t\t<div class=\"elementor-column elementor-col-16 elementor-inner-column elementor-element elementor-element-2f79a92\" data-id=\"2f79a92\" data-element_type=\"column\">\n\t\t\t<div class=\"elementor-widget-wrap\">\n\t\t\t\t\t\t\t\t\t<\/div>\n\t\t<\/div>\n\t\t\t\t\t\t\t<\/div>\n\t\t<\/section>\n\t\t\t\t\t<\/div>\n\t\t<\/div>\n\t\t\t\t\t\t\t<\/div>\n\t\t<\/section>\n\t\t\t\t\t\t\t<\/div>","protected":false},"excerpt":{"rendered":"<p>Gesch\u00e4ftsberichte &#038; Offenlegung 2021 Gesch\u00e4ftsbericht 2021 Annual Report 2021 Offenlegung_2021.pdf 2020 Gesch\u00e4ftsbericht 2020 Annual Report 2020 Offenlegung 2020 2019 Gesch\u00e4ftsbericht 2019 Annual Report 2019 Offenlegung 2019 2018 Gesch\u00e4ftsbericht 2018 Annual Report 2018 Offenlegung 2018 2017 Gesch\u00e4ftsbericht 2017 Annual Report 2017 Offenlegung 2017<\/p>","protected":false},"author":3,"featured_media":0,"parent":565,"menu_order":0,"comment_status":"closed","ping_status":"closed","template":"elementor_header_footer","meta":{"_uag_custom_page_level_css":"","footnotes":""},"class_list":["post-1163","page","type-page","status-publish","hentry"],"uagb_featured_image_src":{"full":false,"thumbnail":false,"medium":false,"medium_large":false,"large":false,"1536x1536":false,"2048x2048":false,"trp-custom-language-flag":false},"uagb_author_info":{"display_name":"caner","author_link":"https:\/\/vakifbankde.esme-it.at\/en\/author\/caner\/"},"uagb_comment_info":0,"uagb_excerpt":"Gesch\u00e4ftsberichte &#038; Offenlegung 2021 Gesch\u00e4ftsbericht 2021 Annual Report 2021 Offenlegung_2021.pdf 2020 Gesch\u00e4ftsbericht 2020 Annual Report 2020 Offenlegung 2020 2019 Gesch\u00e4ftsbericht 2019 Annual Report 2019 Offenlegung 2019 2018 Gesch\u00e4ftsbericht 2018 Annual Report 2018 Offenlegung 2018 2017 Gesch\u00e4ftsbericht 2017 Annual Report 2017 Offenlegung 2017","_links":{"self":[{"href":"https:\/\/vakifbankde.esme-it.at\/en\/wp-json\/wp\/v2\/pages\/1163","targetHints":{"allow":["GET"]}}],"collection":[{"href":"https:\/\/vakifbankde.esme-it.at\/en\/wp-json\/wp\/v2\/pages"}],"about":[{"href":"https:\/\/vakifbankde.esme-it.at\/en\/wp-json\/wp\/v2\/types\/page"}],"author":[{"embeddable":true,"href":"https:\/\/vakifbankde.esme-it.at\/en\/wp-json\/wp\/v2\/users\/3"}],"replies":[{"embeddable":true,"href":"https:\/\/vakifbankde.esme-it.at\/en\/wp-json\/wp\/v2\/comments?post=1163"}],"version-history":[{"count":17,"href":"https:\/\/vakifbankde.esme-it.at\/en\/wp-json\/wp\/v2\/pages\/1163\/revisions"}],"predecessor-version":[{"id":2587,"href":"https:\/\/vakifbankde.esme-it.at\/en\/wp-json\/wp\/v2\/pages\/1163\/revisions\/2587"}],"up":[{"embeddable":true,"href":"https:\/\/vakifbankde.esme-it.at\/en\/wp-json\/wp\/v2\/pages\/565"}],"wp:attachment":[{"href":"https:\/\/vakifbankde.esme-it.at\/en\/wp-json\/wp\/v2\/media?parent=1163"}],"curies":[{"name":"wp","href":"https:\/\/api.w.org\/{rel}","templated":true}]}}