{"id":409,"date":"2022-12-19T16:25:24","date_gmt":"2022-12-19T15:25:24","guid":{"rendered":"https:\/\/vakifbankde.esme-it.at\/?page_id=409"},"modified":"2023-05-30T10:42:56","modified_gmt":"2023-05-30T08:42:56","slug":"information-zum-festgeldkonto-fur-firmenkunden","status":"publish","type":"page","link":"https:\/\/vakifbankde.esme-it.at\/de\/information-zum-festgeldkonto-fur-firmenkunden\/","title":{"rendered":"Information zum Festgeldkonto f\u00fcr Firmenkunden"},"content":{"rendered":"\t\t<div data-elementor-type=\"wp-page\" data-elementor-id=\"409\" class=\"elementor elementor-409\">\n\t\t\t\t\t\t\t\t\t<section class=\"elementor-section elementor-top-section elementor-element elementor-element-4a79111 elementor-section-boxed elementor-section-height-default elementor-section-height-default\" data-id=\"4a79111\" data-element_type=\"section\">\n\t\t\t\t\t\t<div class=\"elementor-container elementor-column-gap-default\">\n\t\t\t\t\t<div class=\"elementor-column elementor-col-100 elementor-top-column elementor-element elementor-element-2786f08\" data-id=\"2786f08\" data-element_type=\"column\">\n\t\t\t<div class=\"elementor-widget-wrap elementor-element-populated\">\n\t\t\t\t\t\t\t\t<div class=\"elementor-element elementor-element-b02f53c elementor-widget elementor-widget-heading\" data-id=\"b02f53c\" data-element_type=\"widget\" data-widget_type=\"heading.default\">\n\t\t\t\t<div class=\"elementor-widget-container\">\n\t\t\t<style>\/*! elementor - v3.14.0 - 26-06-2023 *\/\n.elementor-heading-title{padding:0;margin:0;line-height:1}.elementor-widget-heading .elementor-heading-title[class*=elementor-size-]>a{color:inherit;font-size:inherit;line-height:inherit}.elementor-widget-heading .elementor-heading-title.elementor-size-small{font-size:15px}.elementor-widget-heading .elementor-heading-title.elementor-size-medium{font-size:19px}.elementor-widget-heading .elementor-heading-title.elementor-size-large{font-size:29px}.elementor-widget-heading .elementor-heading-title.elementor-size-xl{font-size:39px}.elementor-widget-heading .elementor-heading-title.elementor-size-xxl{font-size:59px}<\/style><h1 class=\"elementor-heading-title elementor-size-default\">\nInformation zum Festgeldkonto f\u00fcr Firmenkunden\n\n<\/h1>\t\t<\/div>\n\t\t\t\t<\/div>\n\t\t\t\t<div class=\"elementor-element elementor-element-3689b189 elementor-widget elementor-widget-text-editor\" data-id=\"3689b189\" data-element_type=\"widget\" data-widget_type=\"text-editor.default\">\n\t\t\t\t<div class=\"elementor-widget-container\">\n\t\t\t<style>\/*! elementor - v3.14.0 - 26-06-2023 *\/\n.elementor-widget-text-editor.elementor-drop-cap-view-stacked .elementor-drop-cap{background-color:#69727d;color:#fff}.elementor-widget-text-editor.elementor-drop-cap-view-framed .elementor-drop-cap{color:#69727d;border:3px solid;background-color:transparent}.elementor-widget-text-editor:not(.elementor-drop-cap-view-default) .elementor-drop-cap{margin-top:8px}.elementor-widget-text-editor:not(.elementor-drop-cap-view-default) .elementor-drop-cap-letter{width:1em;height:1em}.elementor-widget-text-editor .elementor-drop-cap{float:left;text-align:center;line-height:1;font-size:50px}.elementor-widget-text-editor .elementor-drop-cap-letter{display:inline-block}<\/style>\t\t\t\t<p><!-- wp:heading --><\/p>\n<h2>Besondere Bedingungen f\u00fcr Termingeldeinlagen<\/h2>\n<p><!-- \/wp:heading --><!-- wp:heading {\"level\":3} --><\/p>\n<h3>Kontoer\u00f6ffnung<\/h3>\n<p><!-- \/wp:heading --><!-- wp:paragraph --><\/p>\n<p>Kontoer\u00f6ffnungen k\u00f6nnen nur durch vertretungsbefugte Personen des Unternehmens (nach Kontaktaufnahme mit der VakifBank mittels Email unter\u00a0<a>infokoeln@vakifbankde.esme-it.at<\/a>, telefonisch unter der Nummer +49 221 280 64 67 0), in unserer Zweigniederlassung am <strong>Alter Markt 54, 50667 K\u00f6ln <\/strong>oder in unserer Filiale, <strong>Mainzer Landstra\u00dfe 69-71, D-60329, Frankfurt am Main<\/strong>\u00a0 pers\u00f6nlich vorgenommen werden.<\/p>\n<p><!-- \/wp:paragraph --><!-- wp:heading {\"level\":3} --><\/p>\n<h3>Anlagebetrag<\/h3>\n<p><!-- \/wp:heading --><!-- wp:paragraph --><\/p>\n<p>50.000 Euro bis 2.000.000 Euro oder USD Gegenwert<\/p>\n<p><!-- \/wp:paragraph --><!-- wp:heading {\"level\":3} --><\/p>\n<h3>Art der Einlage und Kontof\u00fchrung<\/h3>\n<p><!-- \/wp:heading --><!-- wp:list --><\/p>\n<ul>\n<li style=\"list-style-type: none;\">\n<ul><!-- wp:list-item --><\/ul>\n<\/li>\n<\/ul>\n<p>\u00a0<\/p>\n<ul>\n<li style=\"list-style-type: none;\">\n<ul>\n<li>Die Einlage ist eine Termingeldeinlage mit einer vereinbarten Laufzeit und einer fixen Verzinsung.<\/li>\n<\/ul>\n<\/li>\n<\/ul>\n<p><!-- \/wp:list-item --><!-- wp:list-item --><\/p>\n<ul>\n<li style=\"list-style-type: none;\">\n<ul>\n<li>Zuzahlungen und Teilbehebungen w\u00e4hrend der Laufzeit sind ausgeschlossen.<\/li>\n<\/ul>\n<\/li>\n<\/ul>\n<p><!-- \/wp:list-item --><!-- wp:list-item --><\/p>\n<ul>\n<li style=\"list-style-type: none;\">\n<ul>\n<li>Die Mindestlaufzeit betr\u00e4gt 6 Monate.<\/li>\n<\/ul>\n<\/li>\n<\/ul>\n<p><!-- \/wp:list-item --><!-- wp:list-item --><\/p>\n<ul>\n<li style=\"list-style-type: none;\">\n<ul>\n<li>Sofern Sie bis zu einem Arbeitstag vor dem F\u00e4lligkeitstermin keine anders lautende Weisung erteilen, wird die Einlage am Tag der F\u00e4lligkeit mit der gleichen Laufzeit und mit dem zu diesem Zeitpunkt g\u00fcltigen Zinssatz verl\u00e4ngert.<\/li>\n<\/ul>\n<\/li>\n<\/ul>\n<p><!-- \/wp:list-item --><!-- wp:list-item --><\/p>\n<ul>\n<li style=\"list-style-type: none;\">\n<ul>\n<li>F\u00fcr die Kontof\u00fchrung werden keine Spesen oder Geb\u00fchren verrechnet.<\/li>\n<li>Von den auszuzahlenden Zinsen werden die gesetzlichen Abgeltungssteuern und gegebenenfalls Kirchensteuer einbehalten und an das Finanzamt abgef\u00fchrt, wenn kein Freistellungsauftrag besteht.<\/li>\n<\/ul>\n<\/li>\n<\/ul>\n<p><!-- \/wp:list-item --><!-- wp:list-item --><\/p>\n<ul>\n<li style=\"list-style-type: none;\">\u00a0<\/li>\n<\/ul>\n<p><!-- \/wp:list-item --><\/p>\n<p><!-- \/wp:list --><!-- wp:heading {\"level\":3} --><\/p>\n<h3>Verzinsung<\/h3>\n<p><!-- \/wp:heading --><!-- wp:list --><\/p>\n<ul>\n<li style=\"list-style-type: none;\">\n<ul><!-- wp:list-item --><\/ul>\n<\/li>\n<\/ul>\n<p>\u00a0<\/p>\n<ul>\n<li style=\"list-style-type: none;\">\n<ul>\n<li>Die Verzinsung der Einlage ist f\u00fcr die vereinbarte Laufzeit fix.<\/li>\n<\/ul>\n<\/li>\n<\/ul>\n<p><!-- \/wp:list-item --><!-- wp:list-item --><\/p>\n<ul>\n<li style=\"list-style-type: none;\">\n<ul>\n<li>Die abgerechneten Zinsen stehen dem Kunden auf seinem Verrechnungskonto zur Verf\u00fcgung.<\/li>\n<\/ul>\n<\/li>\n<\/ul>\n<p><!-- \/wp:list-item --><\/p>\n<p><!-- \/wp:list --><!-- wp:heading {\"level\":3} --><\/p>\n<h3>Kontoaufl\u00f6sung<\/h3>\n<p><!-- \/wp:heading --><!-- wp:list --><\/p>\n<ul>\n<li style=\"list-style-type: none;\">\n<ul><!-- wp:list-item --><\/ul>\n<\/li>\n<\/ul>\n<p>\u00a0<\/p>\n<ul>\n<li style=\"list-style-type: none;\">\n<ul>\n<li>Die Einlage wird abgerechnet und das jeweilige Konto aufgel\u00f6st, wenn ein schriftlicher Auftrag des Kunden vorliegt.<\/li>\n<\/ul>\n<\/li>\n<\/ul>\n<p><!-- \/wp:list-item --><!-- wp:list-item --><\/p>\n<ul>\n<li style=\"list-style-type: none;\">\n<ul>\n<li>Bei vorzeitiger Kontoaufl\u00f6sung wird an Stelle des vereinbarten Zinssatzes ein Zinsatz von 0,01% f\u00fcr die bereits veranlagte Laufzeit verg\u00fctet.<\/li>\n<\/ul>\n<\/li>\n<\/ul>\n<p><!-- \/wp:list-item --><\/p>\n<p><!-- \/wp:list --><!-- wp:heading {\"level\":1} --><\/p>\n<p><!-- \/wp:heading --><!-- wp:heading {\"level\":3} --><\/p>\n<h3>Allgemeine Gesch\u00e4ftsbedingungen<\/h3>\n<p><!-- \/wp:heading --><!-- wp:paragraph --><\/p>\n<p>Erg\u00e4nzend gelten die\u00a0<a href=\"https:\/\/vakifbankde.esme-it.at\/agb\/\">Allgemeinen Gesch\u00e4ftsbedingungen<\/a> der VakifBank International AG.in der Zweigniederlassung am <strong>Alter Markt 54, 50667 K\u00f6ln <\/strong>oder in der Filiale am <strong>Mainzer Landstra\u00dfe 69-71, D-60329, Frankfurt am Main<\/strong>.<\/p>\n<p><!-- \/wp:paragraph --><\/p>\t\t\t\t\t\t<\/div>\n\t\t\t\t<\/div>\n\t\t\t\t\t<\/div>\n\t\t<\/div>\n\t\t\t\t\t\t\t<\/div>\n\t\t<\/section>\n\t\t\t\t\t\t\t<\/div>\n\t\t","protected":false},"excerpt":{"rendered":"<p>Information zum Festgeldkonto f\u00fcr Firmenkunden Besondere Bedingungen f\u00fcr Termingeldeinlagen Kontoer\u00f6ffnung Kontoer\u00f6ffnungen k\u00f6nnen nur durch vertretungsbefugte Personen des Unternehmens (nach Kontaktaufnahme mit der VakifBank mittels Email unter\u00a0infokoeln@vakifbankde.esme-it.at, telefonisch unter der Nummer +49 221 280 64 67 0), in unserer Zweigniederlassung am Alter Markt 54, 50667 K\u00f6ln oder in unserer Filiale, Mainzer Landstra\u00dfe 69-71, D-60329, Frankfurt am [&hellip;]<\/p>\n","protected":false},"author":1,"featured_media":0,"parent":0,"menu_order":0,"comment_status":"closed","ping_status":"closed","template":"elementor_header_footer","meta":{"_uag_custom_page_level_css":"","footnotes":""},"class_list":["post-409","page","type-page","status-publish","hentry"],"uagb_featured_image_src":{"full":false,"thumbnail":false,"medium":false,"medium_large":false,"large":false,"1536x1536":false,"2048x2048":false,"trp-custom-language-flag":false},"uagb_author_info":{"display_name":"meisterkoch840","author_link":"https:\/\/vakifbankde.esme-it.at\/de\/author\/meisterkoch840\/"},"uagb_comment_info":0,"uagb_excerpt":"Information zum Festgeldkonto f\u00fcr Firmenkunden Besondere Bedingungen f\u00fcr Termingeldeinlagen Kontoer\u00f6ffnung Kontoer\u00f6ffnungen k\u00f6nnen nur durch vertretungsbefugte Personen des Unternehmens (nach Kontaktaufnahme mit der VakifBank mittels Email unter\u00a0infokoeln@vakifbankde.esme-it.at, telefonisch unter der Nummer +49 221 280 64 67 0), in unserer Zweigniederlassung am Alter Markt 54, 50667 K\u00f6ln oder in unserer Filiale, Mainzer Landstra\u00dfe 69-71, D-60329, Frankfurt am&hellip;","_links":{"self":[{"href":"https:\/\/vakifbankde.esme-it.at\/de\/wp-json\/wp\/v2\/pages\/409","targetHints":{"allow":["GET"]}}],"collection":[{"href":"https:\/\/vakifbankde.esme-it.at\/de\/wp-json\/wp\/v2\/pages"}],"about":[{"href":"https:\/\/vakifbankde.esme-it.at\/de\/wp-json\/wp\/v2\/types\/page"}],"author":[{"embeddable":true,"href":"https:\/\/vakifbankde.esme-it.at\/de\/wp-json\/wp\/v2\/users\/1"}],"replies":[{"embeddable":true,"href":"https:\/\/vakifbankde.esme-it.at\/de\/wp-json\/wp\/v2\/comments?post=409"}],"version-history":[{"count":29,"href":"https:\/\/vakifbankde.esme-it.at\/de\/wp-json\/wp\/v2\/pages\/409\/revisions"}],"predecessor-version":[{"id":3144,"href":"https:\/\/vakifbankde.esme-it.at\/de\/wp-json\/wp\/v2\/pages\/409\/revisions\/3144"}],"wp:attachment":[{"href":"https:\/\/vakifbankde.esme-it.at\/de\/wp-json\/wp\/v2\/media?parent=409"}],"curies":[{"name":"wp","href":"https:\/\/api.w.org\/{rel}","templated":true}]}}