{"id":406,"date":"2022-12-19T16:22:23","date_gmt":"2022-12-19T15:22:23","guid":{"rendered":"https:\/\/vakifbankde.esme-it.at\/?page_id=406"},"modified":"2023-05-30T16:07:03","modified_gmt":"2023-05-30T14:07:03","slug":"information-zum-festgeldkonto-fur-privatkunden","status":"publish","type":"page","link":"https:\/\/vakifbankde.esme-it.at\/de\/privatkunden\/information-zum-festgeldkonto-fur-privatkunden\/","title":{"rendered":"Information zum Festgeldkonto f\u00fcr Privatkunden"},"content":{"rendered":"\t\t<div data-elementor-type=\"wp-page\" data-elementor-id=\"406\" class=\"elementor elementor-406\">\n\t\t\t\t\t\t\t\t\t<section class=\"elementor-section elementor-top-section elementor-element elementor-element-13491b8 elementor-section-boxed elementor-section-height-default elementor-section-height-default\" data-id=\"13491b8\" data-element_type=\"section\">\n\t\t\t\t\t\t<div class=\"elementor-container elementor-column-gap-default\">\n\t\t\t\t\t<div class=\"elementor-column elementor-col-100 elementor-top-column elementor-element elementor-element-0026323\" data-id=\"0026323\" data-element_type=\"column\">\n\t\t\t<div class=\"elementor-widget-wrap elementor-element-populated\">\n\t\t\t\t\t\t\t\t<div class=\"elementor-element elementor-element-2c99b11 elementor-widget elementor-widget-heading\" data-id=\"2c99b11\" data-element_type=\"widget\" data-widget_type=\"heading.default\">\n\t\t\t\t<div class=\"elementor-widget-container\">\n\t\t\t<style>\/*! elementor - v3.14.0 - 26-06-2023 *\/\n.elementor-heading-title{padding:0;margin:0;line-height:1}.elementor-widget-heading .elementor-heading-title[class*=elementor-size-]>a{color:inherit;font-size:inherit;line-height:inherit}.elementor-widget-heading .elementor-heading-title.elementor-size-small{font-size:15px}.elementor-widget-heading .elementor-heading-title.elementor-size-medium{font-size:19px}.elementor-widget-heading .elementor-heading-title.elementor-size-large{font-size:29px}.elementor-widget-heading .elementor-heading-title.elementor-size-xl{font-size:39px}.elementor-widget-heading .elementor-heading-title.elementor-size-xxl{font-size:59px}<\/style><h1 class=\"elementor-heading-title elementor-size-default\">Information zum Festgeldkonto f\u00fcr Privatkunden\n<\/h1>\t\t<\/div>\n\t\t\t\t<\/div>\n\t\t\t\t<div class=\"elementor-element elementor-element-460e991a elementor-widget elementor-widget-text-editor\" data-id=\"460e991a\" data-element_type=\"widget\" data-widget_type=\"text-editor.default\">\n\t\t\t\t<div class=\"elementor-widget-container\">\n\t\t\t<style>\/*! elementor - v3.14.0 - 26-06-2023 *\/\n.elementor-widget-text-editor.elementor-drop-cap-view-stacked .elementor-drop-cap{background-color:#69727d;color:#fff}.elementor-widget-text-editor.elementor-drop-cap-view-framed .elementor-drop-cap{color:#69727d;border:3px solid;background-color:transparent}.elementor-widget-text-editor:not(.elementor-drop-cap-view-default) .elementor-drop-cap{margin-top:8px}.elementor-widget-text-editor:not(.elementor-drop-cap-view-default) .elementor-drop-cap-letter{width:1em;height:1em}.elementor-widget-text-editor .elementor-drop-cap{float:left;text-align:center;line-height:1;font-size:50px}.elementor-widget-text-editor .elementor-drop-cap-letter{display:inline-block}<\/style>\t\t\t\t<!-- wp:heading -->\n<h2>Sichern Sie sich Ihren Veranlagungserfolg<\/h2>\n<!-- \/wp:heading --><!-- wp:paragraph -->\n<p>Das Termingeldkonto der VakifBank International AG ist die ideale Veranlagung f\u00fcr Ihre individuellen Bed\u00fcrfnisse! Sie bestimmen die gew\u00fcnschte Laufzeit zwischen 3 Monaten und 5 Jahren und wir bieten Ihnen einen absolut risikofreien Ertrag mit Fixzinsgarantie. Schon ab einem einmaligen Einzahlungsbetrag von nur 5.000 Euro k\u00f6nnen Sie sich unsere unschlagbaren Konditionen sichern!<\/p>\n<!-- \/wp:paragraph --><!-- wp:heading -->\n<h2>Besondere Bedingungen f\u00fcr Termingeldeinlagen<\/h2>\n<!-- \/wp:heading --><!-- wp:heading {\"level\":3} -->\n<h3>Anlagebetrag<\/h3>\n<!-- \/wp:heading --><!-- wp:paragraph -->\n<p>\u00dcber den Mindestanlagebetrag von 5.000 Euro hinaus k\u00f6nnen Sie jeden beliebigen Anlagebetrag frei w\u00e4hlen.<\/p>\n<!-- \/wp:paragraph --><!-- wp:heading {\"level\":3} -->\n<h3>Art der Einlage und Kontof\u00fchrung<\/h3>\n<!-- \/wp:heading --><!-- wp:list -->\n<ul><!-- wp:list-item -->\n<li>Die Einlage ist eine Termingeldeinlage mit einer vereinbarten Laufzeit und einer fixen Verzinsung.<\/li>\n<!-- \/wp:list-item --><!-- wp:list-item -->\n<li>Zuzahlungen und Teilbehebungen w\u00e4hrend der Laufzeit sind ausgeschlossen.<\/li>\n<!-- \/wp:list-item --><!-- wp:list-item -->\n<li>Die Mindestlaufzeit betr\u00e4gt 3 Monate.<\/li>\n<!-- \/wp:list-item --><!-- wp:list-item -->\n<li>Sofern Sie bis zu einem Arbeitstag vor dem F\u00e4lligkeitstermin keine anders lautende Weisung erteilen, wird die Einlage am Tag der F\u00e4lligkeit mit der gleichen Laufzeit und mit dem zu diesem Zeitpunkt g\u00fcltigen Zinssatz verl\u00e4ngert.<\/li>\n<!-- \/wp:list-item --><!-- wp:list-item -->\n<li>F\u00fcr die Kontof\u00fchrung werden keine Spesen oder Geb\u00fchren verrechnet.<\/li>\n<!-- \/wp:list-item --><!-- wp:list-item -->\n<li>Von den auszuzahlenden Zinsen werden die gesetzlichen Abgeltungssteuern und gegebenenfalls Kirchensteuer einbehalten und an das Finanzamt abgef\u00fchrt, wenn kein Freistellungsauftrag besteht.<\/li>\n<!-- \/wp:list-item --><\/ul>\n<!-- \/wp:list --><!-- wp:heading {\"level\":3} -->\n<h3>Verzinsung<\/h3>\n<!-- \/wp:heading --><!-- wp:list -->\n<ul><!-- wp:list-item -->\n<li>Die Verzinsung der Einlage ist f\u00fcr die vereinbarte Laufzeit fix.<\/li>\n<!-- \/wp:list-item --><!-- wp:list-item -->\n<li>Die abgerechneten Zinsen stehen dem Kunden auf seinem Verrechnungskonto zur Verf\u00fcgung.<\/li>\n<!-- \/wp:list-item --><\/ul>\n<!-- \/wp:list --><!-- wp:heading {\"level\":3} -->\n<h3>Kontoaufl\u00f6sung<\/h3>\n<!-- \/wp:heading --><!-- wp:list -->\n<ul><!-- wp:list-item -->\n<li>Die Einlage wird abgerechnet und das jeweilige Konto aufgel\u00f6st, wenn ein schriftlicher Auftrag des Kunden vorliegt.<\/li>\n<!-- \/wp:list-item --><!-- wp:list-item -->\n<li>Bei vorzeitiger Kontoaufl\u00f6sung wird an Stelle des vereinbarten Zinssatzes ein Zinssatz von 0,01% f\u00fcr die bereits veranlagte Laufzeit verg\u00fctet.<\/li>\n<!-- \/wp:list-item --><\/ul>\n<h3>Bedingungen f\u00fcr Termin- und Tagesgeld<\/h3>\n<p>Informationen: <a href=\"https:\/\/vakifbankde.esme-it.at\/de\/glossar-und-bedingungen\/\">Bedingungen f\u00fcr Termin- und Tagesgeld<\/a><\/p>\n<!-- \/wp:list --><!-- wp:heading {\"level\":3} -->\n<h3>Einlagensicherung und Anlegerentsch\u00e4digung<\/h3>\n<!-- \/wp:heading --><!-- wp:paragraph -->\n<p>INFORMATION \u00dcBER EINLAGENSICHERUNG UND ANLEGERENTSCH\u00c4DIGUNG<br \/><br \/>Aufgrund von EU-Richtlinien, in \u00d6sterreich im Bankwesengesetz (BWG) umgesetzt, ist jedes Kreditinstitut, das sicherungspflichtige Einlagen entgegennimmt bzw. sicherungspflichtige Wertpapierdienstleistungen erbringt, gesetzlich verpflichtet, einer Sicherungseinrichtung anzugeh\u00f6ren.<br \/><br \/>Die VakifBank International AG ist Mitglied der Einlagensicherung AUSTRIA GesmbH. Die Gesellschaft garantiert als Sicherungseinrichtung die Auszahlung von Einlagen bis zu einem H\u00f6chstbetrag von EUR 100.000,&#8211;. Zu Ihrer Information erhalten Sie den Gesetzestext mit allen Details in unseren Filialen.<\/p>\n<!-- \/wp:paragraph --><!-- wp:paragraph -->\n<p>Die Ausnahmen von der Einlagensicherung und Anlegerentsch\u00e4digung finden Sie in \u00a7 10 Abs. 1 Ziffer 3 und \u00a7 47 Abs. 2 ESAEG.<\/p>\n<!-- \/wp:paragraph --><!-- wp:paragraph -->\n<p><br \/>Weitere Informationen:<\/p>\n<!-- \/wp:paragraph --><!-- wp:paragraph -->\n<p><a href=\"https:\/\/vakifbankde.esme-it.at\/fileadmin\/user_upload\/docs\/Einlagensicherungs-%20und%20Anlegerentschadigungsgesetz%20%96%20ESAEG.pdf\" target=\"_blank\" rel=\"noreferrer noopener\">Einlagensicherungs- und Anlegerentsch\u00e4digungsgesetz (ESAEG)<\/a><br \/><a href=\"https:\/\/vakifbankde.esme-it.at\/fileadmin\/user_upload\/docs\/Informationsbogen%20f%FCr%20den%20Einleger.pdf\" target=\"_blank\" rel=\"noreferrer noopener\">Informationsbogen f\u00fcr den Einleger<\/a><br \/><a href=\"http:\/\/www.einlagensicherung.at\/\" target=\"_blank\" rel=\"noreferrer noopener\">www.einlagensicherung.at<\/a><\/p>\n<!-- \/wp:paragraph --><!-- wp:heading {\"level\":3} -->\n<h3>Allgemeine Gesch\u00e4ftsbedingungen<\/h3>\n<!-- \/wp:heading --><!-- wp:paragraph -->\n<p>Erg\u00e4nzend gelten die\u00a0<a href=\"https:\/\/vakifbankde.esme-it.at\/agb\/\">Allgemeinen Gesch\u00e4ftsbedingungen<\/a> der <em>Vak\u0131fBank<\/em> International AG. Gerichtsstand ist Frankfurt am Main.<\/p>\n<!-- \/wp:paragraph -->\t\t\t\t\t\t<\/div>\n\t\t\t\t<\/div>\n\t\t\t\t\t<\/div>\n\t\t<\/div>\n\t\t\t\t\t\t\t<\/div>\n\t\t<\/section>\n\t\t\t\t\t\t\t<\/div>\n\t\t","protected":false},"excerpt":{"rendered":"<p>Information zum Festgeldkonto f\u00fcr Privatkunden Sichern Sie sich Ihren Veranlagungserfolg Das Termingeldkonto der VakifBank International AG ist die ideale Veranlagung f\u00fcr Ihre individuellen Bed\u00fcrfnisse! Sie bestimmen die gew\u00fcnschte Laufzeit zwischen 3 Monaten und 5 Jahren und wir bieten Ihnen einen absolut risikofreien Ertrag mit Fixzinsgarantie. Schon ab einem einmaligen Einzahlungsbetrag von nur 5.000 Euro k\u00f6nnen [&hellip;]<\/p>\n","protected":false},"author":1,"featured_media":0,"parent":544,"menu_order":0,"comment_status":"closed","ping_status":"closed","template":"elementor_header_footer","meta":{"_uag_custom_page_level_css":"","footnotes":""},"class_list":["post-406","page","type-page","status-publish","hentry"],"uagb_featured_image_src":{"full":false,"thumbnail":false,"medium":false,"medium_large":false,"large":false,"1536x1536":false,"2048x2048":false,"trp-custom-language-flag":false},"uagb_author_info":{"display_name":"meisterkoch840","author_link":"https:\/\/vakifbankde.esme-it.at\/de\/author\/meisterkoch840\/"},"uagb_comment_info":0,"uagb_excerpt":"Information zum Festgeldkonto f\u00fcr Privatkunden Sichern Sie sich Ihren Veranlagungserfolg Das Termingeldkonto der VakifBank International AG ist die ideale Veranlagung f\u00fcr Ihre individuellen Bed\u00fcrfnisse! Sie bestimmen die gew\u00fcnschte Laufzeit zwischen 3 Monaten und 5 Jahren und wir bieten Ihnen einen absolut risikofreien Ertrag mit Fixzinsgarantie. Schon ab einem einmaligen Einzahlungsbetrag von nur 5.000 Euro k\u00f6nnen&hellip;","_links":{"self":[{"href":"https:\/\/vakifbankde.esme-it.at\/de\/wp-json\/wp\/v2\/pages\/406","targetHints":{"allow":["GET"]}}],"collection":[{"href":"https:\/\/vakifbankde.esme-it.at\/de\/wp-json\/wp\/v2\/pages"}],"about":[{"href":"https:\/\/vakifbankde.esme-it.at\/de\/wp-json\/wp\/v2\/types\/page"}],"author":[{"embeddable":true,"href":"https:\/\/vakifbankde.esme-it.at\/de\/wp-json\/wp\/v2\/users\/1"}],"replies":[{"embeddable":true,"href":"https:\/\/vakifbankde.esme-it.at\/de\/wp-json\/wp\/v2\/comments?post=406"}],"version-history":[{"count":18,"href":"https:\/\/vakifbankde.esme-it.at\/de\/wp-json\/wp\/v2\/pages\/406\/revisions"}],"predecessor-version":[{"id":3164,"href":"https:\/\/vakifbankde.esme-it.at\/de\/wp-json\/wp\/v2\/pages\/406\/revisions\/3164"}],"up":[{"embeddable":true,"href":"https:\/\/vakifbankde.esme-it.at\/de\/wp-json\/wp\/v2\/pages\/544"}],"wp:attachment":[{"href":"https:\/\/vakifbankde.esme-it.at\/de\/wp-json\/wp\/v2\/media?parent=406"}],"curies":[{"name":"wp","href":"https:\/\/api.w.org\/{rel}","templated":true}]}}