{"id":2859,"date":"2023-04-04T21:55:55","date_gmt":"2023-04-04T19:55:55","guid":{"rendered":"https:\/\/vakifbankde.esme-it.at\/?page_id=2859"},"modified":"2023-06-29T07:20:23","modified_gmt":"2023-06-29T05:20:23","slug":"glossar-und-bedingungen","status":"publish","type":"page","link":"https:\/\/vakifbankde.esme-it.at\/de\/glossar-und-bedingungen\/","title":{"rendered":"Glossar und Bedingungen"},"content":{"rendered":"\t\t<div data-elementor-type=\"wp-page\" data-elementor-id=\"2859\" class=\"elementor elementor-2859\">\n\t\t\t\t\t\t\t\t\t<section class=\"elementor-section elementor-top-section elementor-element elementor-element-3ed372e elementor-section-boxed elementor-section-height-default elementor-section-height-default\" data-id=\"3ed372e\" data-element_type=\"section\">\n\t\t\t\t\t\t<div class=\"elementor-container elementor-column-gap-default\">\n\t\t\t\t\t<div class=\"elementor-column elementor-col-100 elementor-top-column elementor-element elementor-element-70f8d45\" data-id=\"70f8d45\" data-element_type=\"column\">\n\t\t\t<div class=\"elementor-widget-wrap elementor-element-populated\">\n\t\t\t\t\t\t\t\t<div class=\"elementor-element elementor-element-bad07ed elementor-widget elementor-widget-heading\" data-id=\"bad07ed\" data-element_type=\"widget\" data-widget_type=\"heading.default\">\n\t\t\t\t<div class=\"elementor-widget-container\">\n\t\t\t<style>\/*! elementor - v3.14.0 - 26-06-2023 *\/\n.elementor-heading-title{padding:0;margin:0;line-height:1}.elementor-widget-heading .elementor-heading-title[class*=elementor-size-]>a{color:inherit;font-size:inherit;line-height:inherit}.elementor-widget-heading .elementor-heading-title.elementor-size-small{font-size:15px}.elementor-widget-heading .elementor-heading-title.elementor-size-medium{font-size:19px}.elementor-widget-heading .elementor-heading-title.elementor-size-large{font-size:29px}.elementor-widget-heading .elementor-heading-title.elementor-size-xl{font-size:39px}.elementor-widget-heading .elementor-heading-title.elementor-size-xxl{font-size:59px}<\/style><h1 class=\"elementor-heading-title elementor-size-default\">Bedingungen f\u00fcr Termin- und Tagesgeld<\/h1>\t\t<\/div>\n\t\t\t\t<\/div>\n\t\t\t\t<div class=\"elementor-element elementor-element-75d21ea8 elementor-widget elementor-widget-text-editor\" data-id=\"75d21ea8\" data-element_type=\"widget\" data-widget_type=\"text-editor.default\">\n\t\t\t\t<div class=\"elementor-widget-container\">\n\t\t\t<style>\/*! elementor - v3.14.0 - 26-06-2023 *\/\n.elementor-widget-text-editor.elementor-drop-cap-view-stacked .elementor-drop-cap{background-color:#69727d;color:#fff}.elementor-widget-text-editor.elementor-drop-cap-view-framed .elementor-drop-cap{color:#69727d;border:3px solid;background-color:transparent}.elementor-widget-text-editor:not(.elementor-drop-cap-view-default) .elementor-drop-cap{margin-top:8px}.elementor-widget-text-editor:not(.elementor-drop-cap-view-default) .elementor-drop-cap-letter{width:1em;height:1em}.elementor-widget-text-editor .elementor-drop-cap{float:left;text-align:center;line-height:1;font-size:50px}.elementor-widget-text-editor .elementor-drop-cap-letter{display:inline-block}<\/style>\t\t\t\t<p><!-- wp:heading --><\/p>\n<h3>Kontoer\u00f6ffnungen<\/h3>\n<p><!-- \/wp:heading --><!-- wp:paragraph --><\/p>\n<p>Tages- oder Termingeldkonten f\u00fchren wir als &#8222;Einzel-Konto&#8220; bzw. &#8222;Oder-Konto&#8220;. Die Mindestanlage betr\u00e4gt je EUR 5.000,00 &#8222;Und&#8220;- bzw. &#8222;Betreuer-Konten&#8220; werden nicht gef\u00fchrt. Kontoer\u00f6ffnungen erfolgen in den&nbsp;Gesch\u00e4ftsstellen, oder durch Zusendung der Er\u00f6ffnungsunterlagen. Nach Eingang des Antrags und der Legitimation durch Postident erh\u00e4lt der Kunde schriftlich ein Verrechnungskonto zur Anweisung&nbsp;des Anlagebetrags. Kontoausz\u00fcge werden bei Ums\u00e4tzen erstellt. Die Kontof\u00fchrung ist geb\u00fchrenfrei. F\u00e4llige Zins-und Kapitalzahlungen erfolgen ausschlie\u00dflich auf das Kundenreferenzkonto.<\/p>\n<p><!-- \/wp:paragraph --><!-- wp:heading {\"level\":3} --><\/p>\n<h3>Tagesgeldanlagen<\/h3>\n<p><!-- \/wp:heading --><!-- wp:paragraph --><\/p>\n<p>Tagesgelder f\u00fchren wir nur f\u00fcr Privatkunden. Die Anlage wird verzinst mit Geldeingang zum jeweils&nbsp;g\u00fcltigen Zinssatz. Zuzahlungen sind jederzeit m\u00f6glich.&nbsp;Bareinzahlungen nur&nbsp;mit Nachweis der Kapitalherkunft. Geldabrufe erfolgen telefonisch oder schriftlich. Abgerufene Betr\u00e4ge werden tagegleich auf das Referenzkonto \u00fcberwiesen. Zahlungsverkehr mit \u00dcberweisungen oder Lastschriften ist nicht m\u00f6glich. Zinsabschl\u00fcsse erstellen wir pro Quartal mit Zinsgutschrift auf dem Tagesgeldkonto.<\/p>\n<p><!-- \/wp:list-item --><\/p>\n<p><!-- \/wp:list --><!-- wp:heading {\"level\":3} --><\/p>\n<h3>Termingeldanlagen<\/h3>\n<p><!-- \/wp:heading --><!-- wp:list --><\/p>\n<ul>\n<li style=\"list-style-type: none;\">\n<ul><!-- wp:list-item --><\/ul>\n<\/li>\n<\/ul>\n<p class=\"bodytext\">Mit Geldeingang und Verbuchung erh\u00e4lt der Kunde einen Kontoauszug mit den Vertragsdaten. Zuzahlungen oder Verf\u00fcgungen w\u00e4hrend der Laufzeit sind ausgeschlossen. Die Verzinsung der Anlage ist f\u00fcr die vereinbarte Laufzeit fix. Im Fall einer au\u00dferordentlichen K\u00fcndigung nach \u00a7 314 BGB wird anstelle des vereinbarten Zinssatzes ein Mindestzinssatz von 0,01% (bei nat\u00fcrlichen Personen) und 0,01% (bei juristischen Personen) f\u00fcr die bereits veranlagte Laufzeit verg\u00fctet.Bereits verg\u00fctete fix gew\u00e4hrte Zinsen d\u00fcrfen bei R\u00fcckzahlung des Veranlagungsbetrages nach au\u00dferordentlicher K\u00fcndigung in Abzug gebracht werden.<\/p>\n<p class=\"bodytext\">Unsere Zinsangebote garantieren wir jeweils bis 7 Tage nach Zusendung des Verrechnungskontos. Der Kunde wird 2 Wochen vor Vertragsablauf schriftlich \u00fcber die F\u00e4lligkeit informiert. Sofern wir bis 2 Tage vor Vertragsende keine Weisung erhalten, wird die Geldanlage mit der gleichen Laufzeit und dem dann g\u00fcltigen Zinssatz verl\u00e4ngert.<\/p>\n<h3>Online\u2013Banking \/ Verzinsung \/ Gutschriften \/ Datenschutz<\/h3>\n<p>Die Verwaltung von Tages- und Termingeldkonten&nbsp;erfolgt nicht \u00fcber ONLINE-Banking, sie erfolgt&nbsp;telefonisch oder schriftlich.&nbsp;Zinszahlungen valutieren bei Anlagen bis zu einem Jahr mit Vertragsablauf bzw.&nbsp;j\u00e4hrlich und mit F\u00e4lligkeit. Die Bank zahlt die Zinsen auf das Referenzkonto ohne speziellen&nbsp;Kundenauftrag. Nur schriftlich erfolgen&nbsp;\u00c4nderungen von Kundendaten, der Bankverbindung und des Freistellungsauftrages. Telefonische Ausk\u00fcnfte &nbsp;\u00fcber Kunden- oder Kontodaten erteilen wir nicht. F\u00fcr Zweitschriften von Kontounterlagen und Bescheinigungen berechnen wir Geb\u00fchren.<\/p>\n<h3>Kapitalertr\u00e4ge \/ Freistellung<\/h3>\n<p class=\"bodytext\">Kapitalertr\u00e4ge werden pauschal mit Kapitalertragssteuer und Solidarit\u00e4tszuschlag besteuert. Aktuell:<\/p>\n<p class=\"bodytext\">(25 % \/ 5,5 %) Ab 01.Januar 2015 wird von den Angeh\u00f6rigen von Religionsgemeinschaften auch die Kirchensteuer automatisch einbehalten und abgef\u00fchrt (bisher auf Antrag). Zinsertr\u00e4ge k\u00f6nnen&nbsp;bis EUR 1000,00&nbsp;bzw. EUR 2000,00&nbsp;freigestellt werden. Liegt eine NV-Bescheinigung vor, sind&nbsp;Zinsertr\u00e4ge steuerfrei ohne Abz\u00fcge. \u00dcber die versteuerten \/ freigestellten Kapitalertr\u00e4ge erh\u00e4lt der Kunde nach Ablauf des Jahres automatisch eine Jahressteuerbescheinigung \/ Ertr\u00e4gnis-Aufstellung.<\/p>\n<h3>Nachlasskonten \/ Kontovollmacht \/ Testament<\/h3>\n<p class=\"bodytext\">Der Tod eines Kontoinhabers muss der Bank zeitnah angezeigt werden, durch Vorlage der Sterbeurkunde.<\/p>\n<p class=\"bodytext\">Die Bank ist verpflichtet Guthaben (ab EUR 5.000,00) und Schlie\u00dff\u00e4cher per Todestag der zust\u00e4ndigen Erbschaftsteuerstelle anzuzeigen. Mit dem Tod des Kontoinhabers werden die Konten als \u201eNachlass\u201c weitergef\u00fchrt. Kontovollmachten gelten \u00fcber &nbsp;den Tod hinaus bis zur Vorlage relevanter Erbnachweise. Ein- oder mehrere Erb- und Verf\u00fcgungsberechtigte&nbsp;legitimieren sich mit einem Testament mit Er\u00f6ffnungsprotokoll, oder mit Erbschein. Guthaben auf Anderkonten, Nachlasskonten und Konten von Erbengemeinschaften sind weder ganz noch in Teilbetr\u00e4gen abtretbar oder verpf\u00e4ndbar.<\/p>\n<h3>Gesch\u00e4ftsbedingungen<\/h3>\n<p>Mit der Kontoer\u00f6ffnung&nbsp;akzeptiert der Kunde unsere aktuellen&nbsp;\u201eAGB\u201c und die \u201eBesonderen Bedingungen f\u00fcr Tages- und Termingeldanlagen\u201c. Die Bedingungen erh\u00e4lt der Kunde mit dem&nbsp;Kontoer\u00f6ffnungsantrag. Sie k\u00f6nnen auch in der Bank eingesehen oder zugesandt werden. Gerichtsstand ist Frankfurt am Main.<\/p>\n<p><!-- \/wp:list-item --><\/p>\n<p><!-- \/wp:list --><!-- wp:paragraph --><\/p>\n<ol><!-- \/wp:list-item --><\/ol>\n<p><!-- \/wp:list --><\/p>\t\t\t\t\t\t<\/div>\n\t\t\t\t<\/div>\n\t\t\t\t\t<\/div>\n\t\t<\/div>\n\t\t\t\t\t\t\t<\/div>\n\t\t<\/section>\n\t\t\t\t\t\t\t<\/div>\n\t\t","protected":false},"excerpt":{"rendered":"<p>Bedingungen f\u00fcr Termin- und Tagesgeld Kontoer\u00f6ffnungen Tages- oder Termingeldkonten f\u00fchren wir als &#8222;Einzel-Konto&#8220; bzw. &#8222;Oder-Konto&#8220;. Die Mindestanlage betr\u00e4gt je EUR 5.000,00 &#8222;Und&#8220;- bzw. &#8222;Betreuer-Konten&#8220; werden nicht gef\u00fchrt. Kontoer\u00f6ffnungen erfolgen in den&nbsp;Gesch\u00e4ftsstellen, oder durch Zusendung der Er\u00f6ffnungsunterlagen. Nach Eingang des Antrags und der Legitimation durch Postident erh\u00e4lt der Kunde schriftlich ein Verrechnungskonto zur Anweisung&nbsp;des Anlagebetrags. Kontoausz\u00fcge [&hellip;]<\/p>\n","protected":false},"author":4,"featured_media":0,"parent":0,"menu_order":0,"comment_status":"closed","ping_status":"closed","template":"elementor_header_footer","meta":{"_uag_custom_page_level_css":"","footnotes":""},"class_list":["post-2859","page","type-page","status-publish","hentry"],"uagb_featured_image_src":{"full":false,"thumbnail":false,"medium":false,"medium_large":false,"large":false,"1536x1536":false,"2048x2048":false,"trp-custom-language-flag":false},"uagb_author_info":{"display_name":"Huda Sabagh","author_link":"https:\/\/vakifbankde.esme-it.at\/de\/author\/huda\/"},"uagb_comment_info":0,"uagb_excerpt":"Bedingungen f\u00fcr Termin- und Tagesgeld Kontoer\u00f6ffnungen Tages- oder Termingeldkonten f\u00fchren wir als &#8222;Einzel-Konto&#8220; bzw. &#8222;Oder-Konto&#8220;. Die Mindestanlage betr\u00e4gt je EUR 5.000,00 &#8222;Und&#8220;- bzw. &#8222;Betreuer-Konten&#8220; werden nicht gef\u00fchrt. Kontoer\u00f6ffnungen erfolgen in den&nbsp;Gesch\u00e4ftsstellen, oder durch Zusendung der Er\u00f6ffnungsunterlagen. Nach Eingang des Antrags und der Legitimation durch Postident erh\u00e4lt der Kunde schriftlich ein Verrechnungskonto zur Anweisung&nbsp;des Anlagebetrags. Kontoausz\u00fcge&hellip;","_links":{"self":[{"href":"https:\/\/vakifbankde.esme-it.at\/de\/wp-json\/wp\/v2\/pages\/2859","targetHints":{"allow":["GET"]}}],"collection":[{"href":"https:\/\/vakifbankde.esme-it.at\/de\/wp-json\/wp\/v2\/pages"}],"about":[{"href":"https:\/\/vakifbankde.esme-it.at\/de\/wp-json\/wp\/v2\/types\/page"}],"author":[{"embeddable":true,"href":"https:\/\/vakifbankde.esme-it.at\/de\/wp-json\/wp\/v2\/users\/4"}],"replies":[{"embeddable":true,"href":"https:\/\/vakifbankde.esme-it.at\/de\/wp-json\/wp\/v2\/comments?post=2859"}],"version-history":[{"count":6,"href":"https:\/\/vakifbankde.esme-it.at\/de\/wp-json\/wp\/v2\/pages\/2859\/revisions"}],"predecessor-version":[{"id":3330,"href":"https:\/\/vakifbankde.esme-it.at\/de\/wp-json\/wp\/v2\/pages\/2859\/revisions\/3330"}],"wp:attachment":[{"href":"https:\/\/vakifbankde.esme-it.at\/de\/wp-json\/wp\/v2\/media?parent=2859"}],"curies":[{"name":"wp","href":"https:\/\/api.w.org\/{rel}","templated":true}]}}