{"id":1144,"date":"2023-01-12T14:33:24","date_gmt":"2023-01-12T13:33:24","guid":{"rendered":"https:\/\/vakifbankde.esme-it.at\/?page_id=1144"},"modified":"2023-02-27T22:23:10","modified_gmt":"2023-02-27T21:23:10","slug":"t-vakiflar-bankasi-tao","status":"publish","type":"page","link":"https:\/\/vakifbankde.esme-it.at\/de\/uber-uns\/t-vakiflar-bankasi-tao\/","title":{"rendered":"T. Vakiflar Bankasi TAO"},"content":{"rendered":"\t\t<div data-elementor-type=\"wp-page\" data-elementor-id=\"1144\" class=\"elementor elementor-1144\">\n\t\t\t\t\t\t\t\t\t<section class=\"elementor-section elementor-top-section elementor-element elementor-element-c280513 elementor-section-boxed elementor-section-height-default elementor-section-height-default\" data-id=\"c280513\" data-element_type=\"section\">\n\t\t\t\t\t\t<div class=\"elementor-container elementor-column-gap-default\">\n\t\t\t\t\t<div class=\"elementor-column elementor-col-100 elementor-top-column elementor-element elementor-element-e4a23d6\" data-id=\"e4a23d6\" data-element_type=\"column\">\n\t\t\t<div class=\"elementor-widget-wrap elementor-element-populated\">\n\t\t\t\t\t\t\t\t<div class=\"elementor-element elementor-element-877b97c elementor-widget elementor-widget-heading\" data-id=\"877b97c\" data-element_type=\"widget\" data-widget_type=\"heading.default\">\n\t\t\t\t<div class=\"elementor-widget-container\">\n\t\t\t<style>\/*! elementor - v3.14.0 - 26-06-2023 *\/\n.elementor-heading-title{padding:0;margin:0;line-height:1}.elementor-widget-heading .elementor-heading-title[class*=elementor-size-]>a{color:inherit;font-size:inherit;line-height:inherit}.elementor-widget-heading .elementor-heading-title.elementor-size-small{font-size:15px}.elementor-widget-heading .elementor-heading-title.elementor-size-medium{font-size:19px}.elementor-widget-heading .elementor-heading-title.elementor-size-large{font-size:29px}.elementor-widget-heading .elementor-heading-title.elementor-size-xl{font-size:39px}.elementor-widget-heading .elementor-heading-title.elementor-size-xxl{font-size:59px}<\/style><h2 class=\"elementor-heading-title elementor-size-default\">T. Vakiflar Bankasi TAO<\/h2>\t\t<\/div>\n\t\t\t\t<\/div>\n\t\t\t\t\t<\/div>\n\t\t<\/div>\n\t\t\t\t\t\t\t<\/div>\n\t\t<\/section>\n\t\t\t\t<section class=\"elementor-section elementor-top-section elementor-element elementor-element-5ca3f4e elementor-section-content-middle elementor-section-boxed elementor-section-height-default elementor-section-height-default\" data-id=\"5ca3f4e\" data-element_type=\"section\">\n\t\t\t\t\t\t<div class=\"elementor-container elementor-column-gap-no\">\n\t\t\t\t\t<div class=\"elementor-column elementor-col-50 elementor-top-column elementor-element elementor-element-043fb11\" data-id=\"043fb11\" data-element_type=\"column\">\n\t\t\t<div class=\"elementor-widget-wrap elementor-element-populated\">\n\t\t\t\t\t\t\t\t<div class=\"elementor-element elementor-element-3d9bb84 elementor-widget elementor-widget-image\" data-id=\"3d9bb84\" data-element_type=\"widget\" data-widget_type=\"image.default\">\n\t\t\t\t<div class=\"elementor-widget-container\">\n\t\t\t<style>\/*! elementor - v3.14.0 - 26-06-2023 *\/\n.elementor-widget-image{text-align:center}.elementor-widget-image a{display:inline-block}.elementor-widget-image a img[src$=\".svg\"]{width:48px}.elementor-widget-image img{vertical-align:middle;display:inline-block}<\/style>\t\t\t\t\t\t\t\t\t\t\t\t<img loading=\"lazy\" decoding=\"async\" width=\"820\" height=\"590\" src=\"https:\/\/vakifbankde.esme-it.at\/wp-content\/uploads\/2022\/12\/teftis-2022-10.png\" class=\"attachment-full size-full wp-image-174\" alt=\"\" srcset=\"https:\/\/vakifbankde.esme-it.at\/wp-content\/uploads\/2022\/12\/teftis-2022-10.png 820w, https:\/\/vakifbankde.esme-it.at\/wp-content\/uploads\/2022\/12\/teftis-2022-10-300x216.png 300w, https:\/\/vakifbankde.esme-it.at\/wp-content\/uploads\/2022\/12\/teftis-2022-10-768x553.png 768w, https:\/\/vakifbankde.esme-it.at\/wp-content\/uploads\/2022\/12\/teftis-2022-10-18x12.png 18w\" sizes=\"auto, (max-width: 820px) 100vw, 820px\" \/>\t\t\t\t\t\t\t\t\t\t\t\t\t\t\t<\/div>\n\t\t\t\t<\/div>\n\t\t\t\t\t<\/div>\n\t\t<\/div>\n\t\t\t\t<div class=\"elementor-column elementor-col-50 elementor-top-column elementor-element elementor-element-bf40d03\" data-id=\"bf40d03\" data-element_type=\"column\">\n\t\t\t<div class=\"elementor-widget-wrap elementor-element-populated\">\n\t\t\t\t\t\t\t\t<div class=\"elementor-element elementor-element-e3af543 elementor-widget elementor-widget-heading\" data-id=\"e3af543\" data-element_type=\"widget\" data-widget_type=\"heading.default\">\n\t\t\t\t<div class=\"elementor-widget-container\">\n\t\t\t<h3 class=\"elementor-heading-title elementor-size-default\">\u00dcber <em>Vak\u0131fBank <\/em><\/h3>\t\t<\/div>\n\t\t\t\t<\/div>\n\t\t\t\t<div class=\"elementor-element elementor-element-4335432 elementor-widget elementor-widget-text-editor\" data-id=\"4335432\" data-element_type=\"widget\" data-widget_type=\"text-editor.default\">\n\t\t\t\t<div class=\"elementor-widget-container\">\n\t\t\t<style>\/*! elementor - v3.14.0 - 26-06-2023 *\/\n.elementor-widget-text-editor.elementor-drop-cap-view-stacked .elementor-drop-cap{background-color:#69727d;color:#fff}.elementor-widget-text-editor.elementor-drop-cap-view-framed .elementor-drop-cap{color:#69727d;border:3px solid;background-color:transparent}.elementor-widget-text-editor:not(.elementor-drop-cap-view-default) .elementor-drop-cap{margin-top:8px}.elementor-widget-text-editor:not(.elementor-drop-cap-view-default) .elementor-drop-cap-letter{width:1em;height:1em}.elementor-widget-text-editor .elementor-drop-cap{float:left;text-align:center;line-height:1;font-size:50px}.elementor-widget-text-editor .elementor-drop-cap-letter{display:inline-block}<\/style>\t\t\t\t<p>Die T. <i>Vakiflar <\/i>Bankasi T.A.O. wurde 1954 gegr\u00fcndet. Sie ist die zweitgr\u00f6\u00dfte unter Staatseinfluss stehende t\u00fcrkische Bank und betreibt ca. 940 Filialen in der T\u00fcrkei sowie je eine Filiale in New York, Bahrain und Erbil.<\/p>\t\t\t\t\t\t<\/div>\n\t\t\t\t<\/div>\n\t\t\t\t\t<\/div>\n\t\t<\/div>\n\t\t\t\t\t\t\t<\/div>\n\t\t<\/section>\n\t\t\t\t<section class=\"elementor-section elementor-top-section elementor-element elementor-element-c8fdf3c elementor-section-boxed elementor-section-height-default elementor-section-height-default\" data-id=\"c8fdf3c\" data-element_type=\"section\">\n\t\t\t\t\t\t<div class=\"elementor-container elementor-column-gap-default\">\n\t\t\t\t\t<div class=\"elementor-column elementor-col-100 elementor-top-column elementor-element elementor-element-920d471\" data-id=\"920d471\" data-element_type=\"column\">\n\t\t\t<div class=\"elementor-widget-wrap elementor-element-populated\">\n\t\t\t\t\t\t\t\t<div class=\"elementor-element elementor-element-a2053f9 elementor-widget elementor-widget-heading\" data-id=\"a2053f9\" data-element_type=\"widget\" data-widget_type=\"heading.default\">\n\t\t\t\t<div class=\"elementor-widget-container\">\n\t\t\t<h2 class=\"elementor-heading-title elementor-size-default\">Zu unseren Eckdaten<\/h2>\t\t<\/div>\n\t\t\t\t<\/div>\n\t\t\t\t<section class=\"elementor-section elementor-inner-section elementor-element elementor-element-4f15149 elementor-section-boxed elementor-section-height-default elementor-section-height-default\" data-id=\"4f15149\" data-element_type=\"section\">\n\t\t\t\t\t\t<div class=\"elementor-container elementor-column-gap-default\">\n\t\t\t\t\t<div class=\"elementor-column elementor-col-50 elementor-inner-column elementor-element elementor-element-6d442e4\" data-id=\"6d442e4\" data-element_type=\"column\">\n\t\t\t<div class=\"elementor-widget-wrap elementor-element-populated\">\n\t\t\t\t\t\t\t\t<div class=\"elementor-element elementor-element-c0d46f2 elementor-widget elementor-widget-text-editor\" data-id=\"c0d46f2\" data-element_type=\"widget\" data-widget_type=\"text-editor.default\">\n\t\t\t\t<div class=\"elementor-widget-container\">\n\t\t\t\t\t\t\t<h3>Profil der Muttergesellschaft<\/h3><p>Gr\u00fcndungsdatum: 13. April 1954<br \/>Zentrale: Istanbul \/ T\u00fcrkei<br \/>Eingezahltes Kapital: 7.111.364 TL<br \/>Mitarbeiter: 16,929<br \/>Filialen in der T\u00fcrkei: 940<br \/>Internet:\u00a0<a href=\"http:\/\/vakifbank.com.tr\/\" target=\"_blank\" rel=\"noreferrer noopener\">www.vakifbank.com.tr<\/a><\/p><p><a href=\"https:\/\/www.vakifbank.com.tr\/ratings.aspx?pageID=647\" target=\"_blank\" rel=\"noreferrer noopener\">Ratings der T. <em>Vakiflar<\/em> Bankasi TAO (eng)<\/a><\/p><p><a href=\"http:\/\/vakifbank.com.tr\/annual-reports.aspx?pageID=638\" target=\"_blank\" rel=\"noreferrer noopener\">Gesch\u00e4ftsberichte der T. <em>Vakiflar<\/em> Bankasi TAO (eng)<\/a><\/p>\t\t\t\t\t\t<\/div>\n\t\t\t\t<\/div>\n\t\t\t\t\t<\/div>\n\t\t<\/div>\n\t\t\t\t<div class=\"elementor-column elementor-col-50 elementor-inner-column elementor-element elementor-element-2b5a99e\" data-id=\"2b5a99e\" data-element_type=\"column\">\n\t\t\t<div class=\"elementor-widget-wrap elementor-element-populated\">\n\t\t\t\t\t\t\t\t<div class=\"elementor-element elementor-element-a7c1bd8 elementor-widget elementor-widget-text-editor\" data-id=\"a7c1bd8\" data-element_type=\"widget\" data-widget_type=\"text-editor.default\">\n\t\t\t\t<div class=\"elementor-widget-container\">\n\t\t\t\t\t\t\t<h3>Aktion\u00e4re der T. <i>Vakiflar<\/i> Bankasi TAO<\/h3><p>20,57 % Republik T\u00fcrkei \u2013 Ministerium f\u00fcr Finanzen und Treasury<\/p><p>64,84 % Turkey Wealth Fund<\/p><p>8,93% Andere (Publikumsaktien, Stiftung)<\/p><p>5,66 % Pensionfonds der T\u00fcrkiye Vakiflar Bankasi TAO<\/p>\t\t\t\t\t\t<\/div>\n\t\t\t\t<\/div>\n\t\t\t\t\t<\/div>\n\t\t<\/div>\n\t\t\t\t\t\t\t<\/div>\n\t\t<\/section>\n\t\t\t\t\t<\/div>\n\t\t<\/div>\n\t\t\t\t\t\t\t<\/div>\n\t\t<\/section>\n\t\t\t\t\t\t\t<\/div>\n\t\t","protected":false},"excerpt":{"rendered":"<p>T. Vakiflar Bankasi TAO \u00dcber Vak\u0131fBank Die T. Vakiflar Bankasi T.A.O. wurde 1954 gegr\u00fcndet. Sie ist die zweitgr\u00f6\u00dfte unter Staatseinfluss stehende t\u00fcrkische Bank und betreibt ca. 940 Filialen in der T\u00fcrkei sowie je eine Filiale in New York, Bahrain und Erbil. Zu unseren Eckdaten Profil der Muttergesellschaft Gr\u00fcndungsdatum: 13. April 1954Zentrale: Istanbul \/ T\u00fcrkeiEingezahltes Kapital: [&hellip;]<\/p>\n","protected":false},"author":3,"featured_media":0,"parent":565,"menu_order":0,"comment_status":"closed","ping_status":"closed","template":"elementor_header_footer","meta":{"_uag_custom_page_level_css":"","footnotes":""},"class_list":["post-1144","page","type-page","status-publish","hentry"],"uagb_featured_image_src":{"full":false,"thumbnail":false,"medium":false,"medium_large":false,"large":false,"1536x1536":false,"2048x2048":false,"trp-custom-language-flag":false},"uagb_author_info":{"display_name":"caner","author_link":"https:\/\/vakifbankde.esme-it.at\/de\/author\/caner\/"},"uagb_comment_info":0,"uagb_excerpt":"T. Vakiflar Bankasi TAO \u00dcber Vak\u0131fBank Die T. Vakiflar Bankasi T.A.O. wurde 1954 gegr\u00fcndet. Sie ist die zweitgr\u00f6\u00dfte unter Staatseinfluss stehende t\u00fcrkische Bank und betreibt ca. 940 Filialen in der T\u00fcrkei sowie je eine Filiale in New York, Bahrain und Erbil. Zu unseren Eckdaten Profil der Muttergesellschaft Gr\u00fcndungsdatum: 13. April 1954Zentrale: Istanbul \/ T\u00fcrkeiEingezahltes Kapital:&hellip;","_links":{"self":[{"href":"https:\/\/vakifbankde.esme-it.at\/de\/wp-json\/wp\/v2\/pages\/1144","targetHints":{"allow":["GET"]}}],"collection":[{"href":"https:\/\/vakifbankde.esme-it.at\/de\/wp-json\/wp\/v2\/pages"}],"about":[{"href":"https:\/\/vakifbankde.esme-it.at\/de\/wp-json\/wp\/v2\/types\/page"}],"author":[{"embeddable":true,"href":"https:\/\/vakifbankde.esme-it.at\/de\/wp-json\/wp\/v2\/users\/3"}],"replies":[{"embeddable":true,"href":"https:\/\/vakifbankde.esme-it.at\/de\/wp-json\/wp\/v2\/comments?post=1144"}],"version-history":[{"count":38,"href":"https:\/\/vakifbankde.esme-it.at\/de\/wp-json\/wp\/v2\/pages\/1144\/revisions"}],"predecessor-version":[{"id":2552,"href":"https:\/\/vakifbankde.esme-it.at\/de\/wp-json\/wp\/v2\/pages\/1144\/revisions\/2552"}],"up":[{"embeddable":true,"href":"https:\/\/vakifbankde.esme-it.at\/de\/wp-json\/wp\/v2\/pages\/565"}],"wp:attachment":[{"href":"https:\/\/vakifbankde.esme-it.at\/de\/wp-json\/wp\/v2\/media?parent=1144"}],"curies":[{"name":"wp","href":"https:\/\/api.w.org\/{rel}","templated":true}]}}